{"id":667,"date":"2018-06-29T12:16:11","date_gmt":"2018-06-29T15:16:11","guid":{"rendered":"https:\/\/csem.org.br\/?page_id=667"},"modified":"2018-06-29T12:16:11","modified_gmt":"2018-06-29T15:16:11","slug":"a-cofundadora","status":"publish","type":"page","link":"https:\/\/www.csem.org.br\/pt_br\/a-cofundadora\/","title":{"rendered":"A Cofundadora"},"content":{"rendered":"<p>[fusion_builder_container hundred_percent=&#8221;no&#8221; hundred_percent_height=&#8221;no&#8221; hundred_percent_height_scroll=&#8221;no&#8221; hundred_percent_height_center_content=&#8221;yes&#8221; equal_height_columns=&#8221;no&#8221; menu_anchor=&#8221;&#8221; hide_on_mobile=&#8221;small-visibility,medium-visibility,large-visibility&#8221; class=&#8221;mobileMenu&#8221; id=&#8221;&#8221; background_color=&#8221;&#8221; background_image=&#8221;&#8221; background_position=&#8221;center center&#8221; background_repeat=&#8221;no-repeat&#8221; fade=&#8221;no&#8221; background_parallax=&#8221;none&#8221; enable_mobile=&#8221;no&#8221; parallax_speed=&#8221;0.3&#8243; video_mp4=&#8221;&#8221; video_webm=&#8221;&#8221; video_ogv=&#8221;&#8221; video_url=&#8221;&#8221; video_aspect_ratio=&#8221;16:9&#8243; video_loop=&#8221;yes&#8221; video_mute=&#8221;yes&#8221; video_preview_image=&#8221;&#8221; border_size=&#8221;&#8221; border_color=&#8221;&#8221; border_style=&#8221;solid&#8221; margin_top=&#8221;&#8221; margin_bottom=&#8221;&#8221; padding_top=&#8221;&#8221; padding_right=&#8221;&#8221; padding_bottom=&#8221;&#8221; padding_left=&#8221;&#8221;][fusion_builder_row][fusion_builder_column type=&#8221;1_1&#8243; layout=&#8221;1_1&#8243; spacing=&#8221;&#8221; center_content=&#8221;no&#8221; link=&#8221;&#8221; target=&#8221;_self&#8221; min_height=&#8221;&#8221; hide_on_mobile=&#8221;small-visibility,medium-visibility,large-visibility&#8221; class=&#8221;&#8221; id=&#8221;&#8221; background_color=&#8221;&#8221; background_image=&#8221;&#8221; background_position=&#8221;left top&#8221; background_repeat=&#8221;no-repeat&#8221; hover_type=&#8221;none&#8221; border_size=&#8221;0&#8243; border_color=&#8221;&#8221; border_style=&#8221;solid&#8221; border_position=&#8221;all&#8221; padding_top=&#8221;&#8221; padding_right=&#8221;&#8221; padding_bottom=&#8221;&#8221; padding_left=&#8221;&#8221; dimension_margin=&#8221;&#8221; animation_type=&#8221;&#8221; animation_direction=&#8221;left&#8221; animation_speed=&#8221;0.3&#8243; animation_offset=&#8221;&#8221; last=&#8221;no&#8221;][fusion_code]W3NoaWZ0bmF2X3RvZ2dsZSB0YXJnZXQ9JnF1b3Q7c2hpZnRuYXYtbWFpbiZxdW90OyBjbGFzcz0mcXVvdDtzaGlmdG5hdi10b2dnbGUtYnV0dG9uJnF1b3Q7IGljb249JnF1b3Q7YmFycyZxdW90O11TYWliYSBtYWlzWy9zaGlmdG5hdl90b2dnbGVd[\/fusion_code][\/fusion_builder_column][\/fusion_builder_row][\/fusion_builder_container][fusion_builder_container hundred_percent=&#8221;no&#8221; hundred_percent_height=&#8221;no&#8221; hundred_percent_height_scroll=&#8221;no&#8221; hundred_percent_height_center_content=&#8221;yes&#8221; equal_height_columns=&#8221;no&#8221; menu_anchor=&#8221;&#8221; hide_on_mobile=&#8221;small-visibility,medium-visibility,large-visibility&#8221; class=&#8221;&#8221; id=&#8221;cofundadora&#8221; background_color=&#8221;#ffffff&#8221; background_image=&#8221;&#8221; background_position=&#8221;center center&#8221; background_repeat=&#8221;no-repeat&#8221; fade=&#8221;no&#8221; background_parallax=&#8221;none&#8221; enable_mobile=&#8221;no&#8221; parallax_speed=&#8221;0.3&#8243; video_mp4=&#8221;&#8221; video_webm=&#8221;&#8221; video_ogv=&#8221;&#8221; video_url=&#8221;&#8221; video_aspect_ratio=&#8221;16:9&#8243; video_loop=&#8221;yes&#8221; video_mute=&#8221;yes&#8221; video_preview_image=&#8221;&#8221; border_size=&#8221;&#8221; border_color=&#8221;&#8221; border_style=&#8221;solid&#8221; margin_top=&#8221;&#8221; margin_bottom=&#8221;&#8221; padding_top=&#8221;10px&#8221; padding_right=&#8221;30px&#8221; padding_bottom=&#8221;10px&#8221; padding_left=&#8221;30px&#8221;][fusion_builder_row][fusion_builder_column type=&#8221;1_1&#8243; layout=&#8221;1_1&#8243; spacing=&#8221;&#8221; center_content=&#8221;no&#8221; link=&#8221;&#8221; target=&#8221;_self&#8221; min_height=&#8221;&#8221; hide_on_mobile=&#8221;small-visibility,medium-visibility,large-visibility&#8221; class=&#8221;&#8221; id=&#8221;&#8221; background_color=&#8221;&#8221; background_image=&#8221;&#8221; background_position=&#8221;left top&#8221; background_repeat=&#8221;no-repeat&#8221; hover_type=&#8221;none&#8221; border_size=&#8221;0&#8243; border_color=&#8221;&#8221; border_style=&#8221;solid&#8221; border_position=&#8221;all&#8221; padding_top=&#8221;&#8221; padding_right=&#8221;&#8221; padding_bottom=&#8221;&#8221; padding_left=&#8221;&#8221; dimension_margin=&#8221;&#8221; animation_type=&#8221;&#8221; animation_direction=&#8221;left&#8221; animation_speed=&#8221;0.3&#8243; animation_offset=&#8221;&#8221; last=&#8221;no&#8221;][fusion_text]<\/p>\n<h1><span style=\"color: #53b263;\"><strong>MADRE ASSUNTA MARCHETTI<\/strong><\/span><\/h1>\n<p><img fetchpriority=\"high\" decoding=\"async\" class=\"wp-image-629 size-full alignleft\" src=\"https:\/\/csem.org.br\/wp-content\/uploads\/2018\/06\/assunta.jpg\" alt=\"\" width=\"200\" height=\"254\" title=\"\">Madre Assunta Marchetti nasceu em Lombrici de Camaiore, It\u00e1lia, aos 15 de agosto de 1871. Desde crian\u00e7a, almejava uma vida de total dedica\u00e7\u00e3o e entrega a Deus. No entanto, os afazeres dom\u00e9sticos, a m\u00e3e enferma e a morte prematura do pai impediram a realiza\u00e7\u00e3o imediata de seus anseios. Em 1895, resolveu aceitar o pedido de seu irm\u00e3o, Pe. Jos\u00e9 Marchetti, a segui-lo em sua miss\u00e3o no Brasil para cuidar dos \u00f3rf\u00e3os dos emigrantes italianos.<\/p>\n<p>Aceitou o chamado e, juntamente com a m\u00e3e e mais duas jovens, foi apresentada a Jo\u00e3o Batista Scalabrini, constituindo, assim, as \u201cServas dos \u00d3rf\u00e3os e Abandonados\u201d. Era o dia 25 de outubro de 1895.Para Madre Assunta, Jesus estava presente nos pobres, nos \u00f3rf\u00e3os, nos doentes e nos migrantes. Sentia-se feliz e \u201chonrada de ter sido chamada ao apostolado\u201d, ao servi\u00e7o de caridade aos mais desfavorecidos. Dedicou sua juventude aos pequenos, sendo a m\u00e3e daqueles que a tinham perdido pela orfandade. Desejava, no seu cora\u00e7\u00e3o, encerrar seus dias terrenos junto aos seus prediletos, os orf\u00e3ozinhos.<\/p>\n<p>As Irm\u00e3s Mission\u00e1rias Scalabrinianas t\u00eam em Madre Assunta um modelo de incans\u00e1vel missionariedade e corajosa dedica\u00e7\u00e3o no servi\u00e7o da caridade.Um grave ferimento na perna provocado durante o atendimento a um enfermo originou longos anos de sofrimento. Veio a falecer no Orfanato de S\u00e3o Paulo, Brasil, em primeiro de Julho de 1948.<\/p>\n<p>O processo diocesano para a causa de Beatifica\u00e7\u00e3o de Madre Assunta Marchetti teve sua conclus\u00e3o em 25 de outubro de 1991, em S\u00e3o Paulo. Foi introduzido em Roma junto \u00e0 Congrega\u00e7\u00e3o para as Causas dos Santos. J\u00e1 s\u00e3o in\u00fameras as gra\u00e7as testemunhadas, recebidas mediante sua intercess\u00e3o.<\/p>\n<p>[\/fusion_text][\/fusion_builder_column][\/fusion_builder_row][\/fusion_builder_container]<\/p>\n","protected":false},"excerpt":{"rendered":"<p>[fusion_builder_container hundred_percent=&#8221;no&#8221; hundred_percent_height=&#8221;no&#8221; hundred_percent_height_scroll=&#8221;no&#8221; hundred_percent_height_center_content=&#8221;yes&#8221; equal_height_columns=&#8221;no&#8221; menu_anchor=&#8221;&#8221; hide_on_mobile=&#8221;small-visibility,medium-visibility,large-visibility&#8221; class=&#8221;mobileMenu&#8221; id=&#8221;&#8221; background_color=&#8221;&#8221; background_image=&#8221;&#8221; background_position=&#8221;center center&#8221; background_repeat=&#8221;no-repeat&#8221; fade=&#8221;no&#8221; background_parallax=&#8221;none&#8221; enable_mobile=&#8221;no&#8221; parallax_speed=&#8221;0.3&#8243; video_mp4=&#8221;&#8221; video_webm=&#8221;&#8221; video_ogv=&#8221;&#8221; video_url=&#8221;&#8221; video_aspect_ratio=&#8221;16:9&#8243; video_loop=&#8221;yes&#8221; video_mute=&#8221;yes&#8221; video_preview_image=&#8221;&#8221; border_size=&#8221;&#8221; border_color=&#8221;&#8221; border_style=&#8221;solid&#8221; margin_top=&#8221;&#8221; margin_bottom=&#8221;&#8221; padding_top=&#8221;&#8221; padding_right=&#8221;&#8221; padding_bottom=&#8221;&#8221; padding_left=&#8221;&#8221;][fusion_builder_row][fusion_builder_column type=&#8221;1_1&#8243; layout=&#8221;1_1&#8243; spacing=&#8221;&#8221; center_content=&#8221;no&#8221; link=&#8221;&#8221; target=&#8221;_self&#8221; min_height=&#8221;&#8221; hide_on_mobile=&#8221;small-visibility,medium-visibility,large-visibility&#8221; class=&#8221;&#8221; id=&#8221;&#8221; background_color=&#8221;&#8221; background_image=&#8221;&#8221; background_position=&#8221;left top&#8221; background_repeat=&#8221;no-repeat&#8221; hover_type=&#8221;none&#8221; border_size=&#8221;0&#8243; border_color=&#8221;&#8221; border_style=&#8221;solid&#8221; [&hellip;]<\/p>\n","protected":false},"author":2,"featured_media":0,"parent":0,"menu_order":0,"comment_status":"closed","ping_status":"closed","template":"","meta":{"_acf_changed":false,"footnotes":""},"class_list":["post-667","page","type-page","status-publish","hentry"],"acf":[],"_links":{"self":[{"href":"https:\/\/www.csem.org.br\/pt_br\/wp-json\/wp\/v2\/pages\/667","targetHints":{"allow":["GET"]}}],"collection":[{"href":"https:\/\/www.csem.org.br\/pt_br\/wp-json\/wp\/v2\/pages"}],"about":[{"href":"https:\/\/www.csem.org.br\/pt_br\/wp-json\/wp\/v2\/types\/page"}],"author":[{"embeddable":true,"href":"https:\/\/www.csem.org.br\/pt_br\/wp-json\/wp\/v2\/users\/2"}],"replies":[{"embeddable":true,"href":"https:\/\/www.csem.org.br\/pt_br\/wp-json\/wp\/v2\/comments?post=667"}],"version-history":[{"count":0,"href":"https:\/\/www.csem.org.br\/pt_br\/wp-json\/wp\/v2\/pages\/667\/revisions"}],"wp:attachment":[{"href":"https:\/\/www.csem.org.br\/pt_br\/wp-json\/wp\/v2\/media?parent=667"}],"curies":[{"name":"wp","href":"https:\/\/api.w.org\/{rel}","templated":true}]}}