{"id":25904,"date":"2025-05-19T14:26:39","date_gmt":"2025-05-19T17:26:39","guid":{"rendered":"https:\/\/www.csem.org.br\/?page_id=25904"},"modified":"2025-08-18T15:34:23","modified_gmt":"2025-08-18T18:34:23","slug":"ecumene5versions","status":"publish","type":"page","link":"https:\/\/www.csem.org.br\/pt_br\/ecumene5versions\/","title":{"rendered":"ECUMENE 5"},"content":{"rendered":"\t\t<div data-elementor-type=\"wp-page\" data-elementor-id=\"25904\" class=\"elementor elementor-25904\" data-elementor-post-type=\"page\">\n\t\t\t\t<div class=\"elementor-element elementor-element-51af0f6 e-flex e-con-boxed e-con e-parent\" data-id=\"51af0f6\" data-element_type=\"container\" data-e-type=\"container\">\n\t\t\t\t\t<div class=\"e-con-inner\">\n\t\t\t\t<div class=\"elementor-element elementor-element-ac47faa elementor-widget elementor-widget-spacer\" data-id=\"ac47faa\" data-element_type=\"widget\" data-e-type=\"widget\" data-widget_type=\"spacer.default\">\n\t\t\t\t<div class=\"elementor-widget-container\">\n\t\t\t\t\t\t\t<div class=\"elementor-spacer\">\n\t\t\t<div class=\"elementor-spacer-inner\"><\/div>\n\t\t<\/div>\n\t\t\t\t\t\t<\/div>\n\t\t\t\t<\/div>\n\t\t\t\t\t<\/div>\n\t\t\t\t<\/div>\n\t\t<div class=\"elementor-element elementor-element-95ab715 e-flex e-con-boxed e-con e-parent\" data-id=\"95ab715\" data-element_type=\"container\" data-e-type=\"container\">\n\t\t\t\t\t<div class=\"e-con-inner\">\n\t\t<div class=\"elementor-element elementor-element-a52008a e-con-full e-flex e-con e-child\" data-id=\"a52008a\" data-element_type=\"container\" data-e-type=\"container\">\n\t\t\t\t<div class=\"elementor-element elementor-element-68351d6 elementor-widget__width-initial elementor-widget elementor-widget-image\" data-id=\"68351d6\" data-element_type=\"widget\" data-e-type=\"widget\" data-widget_type=\"image.default\">\n\t\t\t\t<div class=\"elementor-widget-container\">\n\t\t\t\t\t\t\t\t\t\t\t\t\t\t\t<img decoding=\"async\" src=\"https:\/\/www.csem.org.br\/wp-content\/uploads\/2025\/07\/imagem-sem-texto.png\" title=\"imagem-sem-texto\" alt=\"imagem-sem-texto\" loading=\"lazy\" \/>\t\t\t\t\t\t\t\t\t\t\t\t\t\t\t<\/div>\n\t\t\t\t<\/div>\n\t\t\t\t<\/div>\n\t\t<div class=\"elementor-element elementor-element-91d1194 e-con-full e-flex e-con e-child\" data-id=\"91d1194\" data-element_type=\"container\" data-e-type=\"container\">\n\t\t<div class=\"elementor-element elementor-element-cfd18a6 e-con-full e-flex e-con e-child\" data-id=\"cfd18a6\" data-element_type=\"container\" data-e-type=\"container\">\n\t\t\t\t<div class=\"elementor-element elementor-element-2601826 elementor-widget elementor-widget-heading\" data-id=\"2601826\" data-element_type=\"widget\" data-e-type=\"widget\" data-widget_type=\"heading.default\">\n\t\t\t\t<div class=\"elementor-widget-container\">\n\t\t\t\t\t<h2 class=\"elementor-heading-title elementor-size-default\">Mobilidade Humana\nLugar Teol\u00f3gico<\/h2>\t\t\t\t<\/div>\n\t\t\t\t<\/div>\n\t\t\t\t<\/div>\n\t\t<div class=\"elementor-element elementor-element-507f87a e-con-full e-flex e-con e-child\" data-id=\"507f87a\" data-element_type=\"container\" data-e-type=\"container\">\n\t\t\t\t<div class=\"elementor-element elementor-element-db5f7b8 elementor-widget elementor-widget-text-editor\" data-id=\"db5f7b8\" data-element_type=\"widget\" data-e-type=\"widget\" data-widget_type=\"text-editor.default\">\n\t\t\t\t<div class=\"elementor-widget-container\">\n\t\t\t\t\t\t\t\t\t<p>O presente volume, dedicado \u00e0 migra\u00e7\u00e3o como um lugar<br>teol\u00f3gico (locus theologicus) \u00e9 um exerc\u00edcio de parresia, como a<br>capacidade de falar corajosamente, no sentido foucaultiano, e de<br>falar contra um monolinguismo que despreza a migra\u00e7\u00e3o, como<br>os discursos do presidente Donald Trump. Colocar a migra\u00e7\u00e3o<br>como um dos principais locais de revela\u00e7\u00e3o de Deus na hist\u00f3ria<br>contempor\u00e2nea nos leva a reconhecer o mundo e suas crises, como<br>Sallie Mc Fague certa vez o chamou: o mundo como o corpo de<br>Deus, um corpo n\u00f4made, um corpo migrante e um corpo ferido<br>que precisa ser curado e reconstru\u00eddo.<\/p>\n<p>DOI:&nbsp;<a href=\"https:\/\/www.csem.org.br\/wp-content\/uploads\/2025\/05\/MOBILIDADE_HUMANA_LUGAR_TEOLOGICO_ECUMENE_5_PORTUGUES.pdf\">doi.org\/10.61301\/978-65-85775-27-4.2025.05.246p<\/a><\/p>\t\t\t\t\t\t\t\t<\/div>\n\t\t\t\t<\/div>\n\t\t\t\t<\/div>\n\t\t\t\t<\/div>\n\t\t\t\t\t<\/div>\n\t\t\t\t<\/div>\n\t\t<div class=\"elementor-element elementor-element-be6d520 e-con-full e-flex e-con e-parent\" data-id=\"be6d520\" data-element_type=\"container\" data-e-type=\"container\">\n\t\t\t\t<div class=\"elementor-element elementor-element-9cbbea7 elementor-widget elementor-widget-button\" data-id=\"9cbbea7\" data-element_type=\"widget\" data-e-type=\"widget\" data-widget_type=\"button.default\">\n\t\t\t\t<div class=\"elementor-widget-container\">\n\t\t\t\t\t\t\t\t\t<div class=\"elementor-button-wrapper\">\n\t\t\t\t\t<a class=\"elementor-button elementor-button-link elementor-size-sm\" href=\"https:\/\/www.csem.org.br\/pt_br\/livros\/mobilidade-humana-lugar-teologico\/\">\n\t\t\t\t\t\t<span class=\"elementor-button-content-wrapper\">\n\t\t\t\t\t\t\t\t\t<span class=\"elementor-button-text\">Baixe em Portugu\u00eas<\/span>\n\t\t\t\t\t<\/span>\n\t\t\t\t\t<\/a>\n\t\t\t\t<\/div>\n\t\t\t\t\t\t\t\t<\/div>\n\t\t\t\t<\/div>\n\t\t\t\t<div class=\"elementor-element elementor-element-51c41c7 elementor-widget elementor-widget-button\" data-id=\"51c41c7\" data-element_type=\"widget\" data-e-type=\"widget\" data-widget_type=\"button.default\">\n\t\t\t\t<div class=\"elementor-widget-container\">\n\t\t\t\t\t\t\t\t\t<div class=\"elementor-button-wrapper\">\n\t\t\t\t\t<a class=\"elementor-button elementor-button-link elementor-size-sm\" href=\"https:\/\/www.csem.org.br\/pt_br\/csem_em_foco\/movilidad-humana-lugar-teologico-nuevo-volumen-de-teologia-de-la-movilidad-humana\/\">\n\t\t\t\t\t\t<span class=\"elementor-button-content-wrapper\">\n\t\t\t\t\t\t\t\t\t<span class=\"elementor-button-text\">Download en Espa\u00f1ol<\/span>\n\t\t\t\t\t<\/span>\n\t\t\t\t\t<\/a>\n\t\t\t\t<\/div>\n\t\t\t\t\t\t\t\t<\/div>\n\t\t\t\t<\/div>\n\t\t\t\t<div class=\"elementor-element elementor-element-0c42497 elementor-widget elementor-widget-button\" data-id=\"0c42497\" data-element_type=\"widget\" data-e-type=\"widget\" data-widget_type=\"button.default\">\n\t\t\t\t<div class=\"elementor-widget-container\">\n\t\t\t\t\t\t\t\t\t<div class=\"elementor-button-wrapper\">\n\t\t\t\t\t<a class=\"elementor-button elementor-button-link elementor-size-sm\" href=\"https:\/\/www.csem.org.br\/pt_br\/livros\/human-mobility-locus-theologicus\/\">\n\t\t\t\t\t\t<span class=\"elementor-button-content-wrapper\">\n\t\t\t\t\t\t\t\t\t<span class=\"elementor-button-text\">Download in English<\/span>\n\t\t\t\t\t<\/span>\n\t\t\t\t\t<\/a>\n\t\t\t\t<\/div>\n\t\t\t\t\t\t\t\t<\/div>\n\t\t\t\t<\/div>\n\t\t\t\t<\/div>\n\t\t\t\t<\/div>\n\t\t","protected":false},"excerpt":{"rendered":"<p>Mobilidade Humana Lugar Teol\u00f3gico O presente volume, dedicado \u00e0 migra\u00e7\u00e3o como um lugarteol\u00f3gico (locus theologicus) \u00e9 um exerc\u00edcio de parresia, como acapacidade de falar corajosamente, no sentido foucaultiano, e defalar contra um monolinguismo que despreza a migra\u00e7\u00e3o, comoos discursos do presidente Donald Trump. Colocar a migra\u00e7\u00e3ocomo um dos principais locais de revela\u00e7\u00e3o de Deus na [&hellip;]<\/p>\n","protected":false},"author":13,"featured_media":0,"parent":0,"menu_order":0,"comment_status":"closed","ping_status":"closed","template":"","meta":{"_acf_changed":false,"footnotes":""},"class_list":["post-25904","page","type-page","status-publish","hentry"],"acf":[],"_links":{"self":[{"href":"https:\/\/www.csem.org.br\/pt_br\/wp-json\/wp\/v2\/pages\/25904","targetHints":{"allow":["GET"]}}],"collection":[{"href":"https:\/\/www.csem.org.br\/pt_br\/wp-json\/wp\/v2\/pages"}],"about":[{"href":"https:\/\/www.csem.org.br\/pt_br\/wp-json\/wp\/v2\/types\/page"}],"author":[{"embeddable":true,"href":"https:\/\/www.csem.org.br\/pt_br\/wp-json\/wp\/v2\/users\/13"}],"replies":[{"embeddable":true,"href":"https:\/\/www.csem.org.br\/pt_br\/wp-json\/wp\/v2\/comments?post=25904"}],"version-history":[{"count":0,"href":"https:\/\/www.csem.org.br\/pt_br\/wp-json\/wp\/v2\/pages\/25904\/revisions"}],"wp:attachment":[{"href":"https:\/\/www.csem.org.br\/pt_br\/wp-json\/wp\/v2\/media?parent=25904"}],"curies":[{"name":"wp","href":"https:\/\/api.w.org\/{rel}","templated":true}]}}