{"id":24302,"date":"2024-10-28T21:39:05","date_gmt":"2024-10-29T00:39:05","guid":{"rendered":"https:\/\/www.csem.org.br\/?page_id=24302"},"modified":"2024-12-02T14:50:37","modified_gmt":"2024-12-02T17:50:37","slug":"24302-2","status":"publish","type":"page","link":"https:\/\/www.csem.org.br\/pt_br\/24302-2\/","title":{"rendered":"III ICOMIR"},"content":{"rendered":"\t\t<div data-elementor-type=\"wp-page\" data-elementor-id=\"24302\" class=\"elementor elementor-24302\" data-elementor-post-type=\"page\">\n\t\t\t\t\t\t<section class=\"elementor-section elementor-top-section elementor-element elementor-element-f0a95db elementor-section-boxed elementor-section-height-default elementor-section-height-default\" data-id=\"f0a95db\" data-element_type=\"section\" data-e-type=\"section\">\n\t\t\t\t\t\t<div class=\"elementor-container elementor-column-gap-default\">\n\t\t\t\t\t<div class=\"elementor-column elementor-col-100 elementor-top-column elementor-element elementor-element-e592d2a\" data-id=\"e592d2a\" data-element_type=\"column\" data-e-type=\"column\">\n\t\t\t<div class=\"elementor-widget-wrap elementor-element-populated\">\n\t\t\t\t\t\t<div class=\"elementor-element elementor-element-0f80367 elementor-widget elementor-widget-theme-site-logo elementor-widget-image\" data-id=\"0f80367\" data-element_type=\"widget\" data-e-type=\"widget\" data-widget_type=\"theme-site-logo.default\">\n\t\t\t\t<div class=\"elementor-widget-container\">\n\t\t\t\t\t\t\t\t\t\t\t<a href=\"https:\/\/www.csem.org.br\/csem-eventos\/icomir\/\">\n\t\t\t<img fetchpriority=\"high\" decoding=\"async\" width=\"800\" height=\"340\" src=\"https:\/\/www.csem.org.br\/wp-content\/uploads\/2023\/07\/LOGO-2-1024x435.png\" class=\"attachment-large size-large wp-image-24117\" alt=\"\" srcset=\"https:\/\/www.csem.org.br\/wp-content\/uploads\/2023\/07\/LOGO-2-1024x435.png 1024w, https:\/\/www.csem.org.br\/wp-content\/uploads\/2023\/07\/LOGO-2-300x127.png 300w, https:\/\/www.csem.org.br\/wp-content\/uploads\/2023\/07\/LOGO-2-768x326.png 768w, https:\/\/www.csem.org.br\/wp-content\/uploads\/2023\/07\/LOGO-2-1536x652.png 1536w, https:\/\/www.csem.org.br\/wp-content\/uploads\/2023\/07\/LOGO-2-2048x870.png 2048w\" sizes=\"(max-width: 800px) 100vw, 800px\" title=\"\">\t\t\t\t<\/a>\n\t\t\t\t\t\t\t\t\t\t\t<\/div>\n\t\t\t\t<\/div>\n\t\t\t\t<div class=\"elementor-element elementor-element-ce607bc elementor-widget elementor-widget-heading\" data-id=\"ce607bc\" data-element_type=\"widget\" data-e-type=\"widget\" data-widget_type=\"heading.default\">\n\t\t\t\t<div class=\"elementor-widget-container\">\n\t\t\t\t\t<h2 class=\"elementor-heading-title elementor-size-default\">A III ICoMiR<\/h2>\t\t\t\t<\/div>\n\t\t\t\t<\/div>\n\t\t\t\t\t<\/div>\n\t\t<\/div>\n\t\t\t\t\t<\/div>\n\t\t<\/section>\n\t\t\t\t<section class=\"elementor-section elementor-top-section elementor-element elementor-element-9ebb4b1 elementor-section-boxed elementor-section-height-default elementor-section-height-default\" data-id=\"9ebb4b1\" data-element_type=\"section\" data-e-type=\"section\">\n\t\t\t\t\t\t<div class=\"elementor-container elementor-column-gap-default\">\n\t\t\t\t\t<div class=\"elementor-column elementor-col-100 elementor-top-column elementor-element elementor-element-54bcb6e\" data-id=\"54bcb6e\" data-element_type=\"column\" data-e-type=\"column\">\n\t\t\t<div class=\"elementor-widget-wrap elementor-element-populated\">\n\t\t\t\t\t\t<div class=\"elementor-element elementor-element-9307ae2 elementor-widget elementor-widget-text-editor\" data-id=\"9307ae2\" data-element_type=\"widget\" data-e-type=\"widget\" data-widget_type=\"text-editor.default\">\n\t\t\t\t<div class=\"elementor-widget-container\">\n\t\t\t\t\t\t\t\t\t<div style=\"text-align: justify; line-height: 1.5; margin: 0 auto; max-width: 800px;\">\n<p><strong>A III Confer\u00eancia Internacional do CSEM<\/strong> tem como t\u00edtulo: <em>Di\u00e1logos para compreender, humanizar e valorizar as pessoas em mobilidade<\/em> e se prop\u00f5e a analisar e debater as tend\u00eancias migrat\u00f3rias a partir de perspectivas acad\u00eamicas, da sociedade civil, dos coletivos de migrantes e das entidades governamentais, promovendo um entendimento abrangente e multidimensional das migra\u00e7\u00f5es contempor\u00e2neas, tanto as Sul-Norte quanto as migra\u00e7\u00f5es Sul-Sul.<\/p>\n<p>Ocorrer\u00e1 nos dias <strong>19 a 22 de maio de 2025<\/strong>, em Bras\u00edlia, Brasil.<br>Evento bil\u00edngue (portugu\u00eas e ingl\u00eas)<br>An\u00e1lise das tend\u00eancias migrat\u00f3rias contempor\u00e2neas (Sul-Norte e Sul-Sul).<br>Espa\u00e7o para troca de experi\u00eancias e constru\u00e7\u00e3o de conhecimento inclusivo.<br>Promo\u00e7\u00e3o de pol\u00edticas p\u00fablicas centradas nos direitos dos migrantes.<\/p>\n<p><strong>Objetivo Geral:<\/strong><br>Promover uma compreens\u00e3o e discuss\u00e3o qualificada, ampla e multidimensional das migra\u00e7\u00f5es e ref\u00fagio contempor\u00e2neos (fluxos Sul-Norte e Sul-Sul) com a participa\u00e7\u00e3o ativa de acad\u00eamicos, agentes sociais, pastorais, coletivos de migrantes e refugiados, sociedade civil, organismos internacionais e governo.<\/p>\n<p><strong>Resultados Esperados:<\/strong><\/p>\n<ol>\n<li>Fortalecer redes e compartilhar experi\u00eancias das confer\u00eancias anteriores.<\/li>\n<li>Criar e consolidar redes de colabora\u00e7\u00e3o entre todos os atores envolvidos.<\/li>\n<li>Incentivar estudos inovadores sobre migra\u00e7\u00e3o com foco em direitos humanos.<\/li>\n<li>Estabelecer um legado duradouro de a\u00e7\u00f5es colaborativas.<\/li>\n<li>Produzir e divulgar o Documento Final visando causar impacto na sociedade.<\/li>\n<\/ol>\n<p><strong><br><\/strong><\/p><p><strong>Metodologia da Confer\u00eancia:<\/strong><br>A confer\u00eancia contar\u00e1 com mesas redondas que discutir\u00e3o tend\u00eancias migrat\u00f3rias globais e outras chaves de leitura para entender migra\u00e7\u00e3o e ref\u00fagio. As confer\u00eancias principais abordar\u00e3o o protagonismo e a ag\u00eancia dos migrantes, enquanto os Grupos de Trabalho e Col\u00f3quios promover\u00e3o a troca de saberes entre acad\u00eamicos, migrantes e demais atores. O evento culminar\u00e1 em um documento final, refletindo as discuss\u00f5es e propondo a\u00e7\u00f5es concretas, com potencial impacto nas pol\u00edticas migrat\u00f3rias e nos direitos humanos.<\/p>\n<p>Assim como nas edi\u00e7\u00f5es anteriores, a Confer\u00eancia Internacional do CSEM busca ser espa\u00e7o de conhecimento, de trocas e de di\u00e1logo que tenha incid\u00eancia sobre as atua\u00e7\u00f5es de diversos seguimentos sociais a favor e pelas pessoas migrantes e refugiadas.<\/p>\n<\/div>\t\t\t\t\t\t\t\t<\/div>\n\t\t\t\t<\/div>\n\t\t\t\t\t<\/div>\n\t\t<\/div>\n\t\t\t\t\t<\/div>\n\t\t<\/section>\n\t\t\t\t<section class=\"elementor-section elementor-top-section elementor-element elementor-element-fc7f111 elementor-section-boxed elementor-section-height-default elementor-section-height-default\" data-id=\"fc7f111\" data-element_type=\"section\" data-e-type=\"section\">\n\t\t\t\t\t\t<div class=\"elementor-container elementor-column-gap-default\">\n\t\t\t\t\t<div class=\"elementor-column elementor-col-100 elementor-top-column elementor-element elementor-element-d365bc7\" data-id=\"d365bc7\" data-element_type=\"column\" data-e-type=\"column\">\n\t\t\t<div class=\"elementor-widget-wrap\">\n\t\t\t\t\t\t\t<\/div>\n\t\t<\/div>\n\t\t\t\t\t<\/div>\n\t\t<\/section>\n\t\t\t\t<\/div>\n\t\t","protected":false},"excerpt":{"rendered":"<p>A III ICoMiR A III Confer\u00eancia Internacional do CSEM tem como t\u00edtulo: Di\u00e1logos para compreender, humanizar e valorizar as pessoas em mobilidade e se prop\u00f5e a analisar e debater as tend\u00eancias migrat\u00f3rias a partir de perspectivas acad\u00eamicas, da sociedade civil, dos coletivos de migrantes e das entidades governamentais, promovendo um entendimento abrangente e multidimensional das [&hellip;]<\/p>\n","protected":false},"author":13,"featured_media":0,"parent":0,"menu_order":0,"comment_status":"closed","ping_status":"closed","template":"","meta":{"_acf_changed":false,"footnotes":""},"class_list":["post-24302","page","type-page","status-publish","hentry"],"acf":[],"_links":{"self":[{"href":"https:\/\/www.csem.org.br\/pt_br\/wp-json\/wp\/v2\/pages\/24302","targetHints":{"allow":["GET"]}}],"collection":[{"href":"https:\/\/www.csem.org.br\/pt_br\/wp-json\/wp\/v2\/pages"}],"about":[{"href":"https:\/\/www.csem.org.br\/pt_br\/wp-json\/wp\/v2\/types\/page"}],"author":[{"embeddable":true,"href":"https:\/\/www.csem.org.br\/pt_br\/wp-json\/wp\/v2\/users\/13"}],"replies":[{"embeddable":true,"href":"https:\/\/www.csem.org.br\/pt_br\/wp-json\/wp\/v2\/comments?post=24302"}],"version-history":[{"count":1,"href":"https:\/\/www.csem.org.br\/pt_br\/wp-json\/wp\/v2\/pages\/24302\/revisions"}],"predecessor-version":[{"id":26743,"href":"https:\/\/www.csem.org.br\/pt_br\/wp-json\/wp\/v2\/pages\/24302\/revisions\/26743"}],"wp:attachment":[{"href":"https:\/\/www.csem.org.br\/pt_br\/wp-json\/wp\/v2\/media?parent=24302"}],"curies":[{"name":"wp","href":"https:\/\/api.w.org\/{rel}","templated":true}]}}