{"id":1100,"date":"2018-07-12T15:00:53","date_gmt":"2018-07-12T18:00:53","guid":{"rendered":"https:\/\/csem.org.br\/?page_id=1100"},"modified":"2025-02-11T10:00:38","modified_gmt":"2025-02-11T13:00:38","slug":"csem-remhu","status":"publish","type":"page","link":"https:\/\/www.csem.org.br\/pt_br\/csem-remhu\/","title":{"rendered":"REMHU"},"content":{"rendered":"\t\t<div data-elementor-type=\"wp-page\" data-elementor-id=\"1100\" class=\"elementor elementor-1100\" data-elementor-post-type=\"page\">\n\t\t\t\t\t\t<section class=\"elementor-section elementor-top-section elementor-element elementor-element-0827b7f elementor-section-full_width elementor-section-height-default elementor-section-height-default\" data-id=\"0827b7f\" data-element_type=\"section\" data-e-type=\"section\">\n\t\t\t\t\t\t<div class=\"elementor-container elementor-column-gap-no\">\n\t\t\t\t\t<div class=\"elementor-column elementor-col-100 elementor-top-column elementor-element elementor-element-b23620c\" data-id=\"b23620c\" data-element_type=\"column\" data-e-type=\"column\">\n\t\t\t<div class=\"elementor-widget-wrap elementor-element-populated\">\n\t\t\t\t\t\t<div class=\"elementor-element elementor-element-d7cfdde elementor-widget elementor-widget-template\" data-id=\"d7cfdde\" data-element_type=\"widget\" data-e-type=\"widget\" data-widget_type=\"template.default\">\n\t\t\t\t<div class=\"elementor-widget-container\">\n\t\t\t\t\t\t\t<div class=\"elementor-template\">\n\t\t\t\t\t<div data-elementor-type=\"section\" data-elementor-id=\"19749\" class=\"elementor elementor-19749\" data-elementor-post-type=\"elementor_library\">\n\t\t\t\t\t<section class=\"elementor-section elementor-top-section elementor-element elementor-element-15b34725 elementor-section-boxed elementor-section-height-default elementor-section-height-default\" data-id=\"15b34725\" data-element_type=\"section\" data-e-type=\"section\" data-settings=\"{&quot;background_background&quot;:&quot;classic&quot;}\">\n\t\t\t\t\t\t<div class=\"elementor-container elementor-column-gap-default\">\n\t\t\t\t\t<div class=\"elementor-column elementor-col-100 elementor-top-column elementor-element elementor-element-3622abe\" data-id=\"3622abe\" data-element_type=\"column\" data-e-type=\"column\">\n\t\t\t<div class=\"elementor-widget-wrap elementor-element-populated\">\n\t\t\t\t\t\t<section class=\"elementor-section elementor-inner-section elementor-element elementor-element-17cf0bf5 elementor-section-boxed elementor-section-height-default elementor-section-height-default\" data-id=\"17cf0bf5\" data-element_type=\"section\" data-e-type=\"section\">\n\t\t\t\t\t\t<div class=\"elementor-container elementor-column-gap-no\">\n\t\t\t\t\t<div class=\"elementor-column elementor-col-50 elementor-inner-column elementor-element elementor-element-295ae005\" data-id=\"295ae005\" data-element_type=\"column\" data-e-type=\"column\">\n\t\t\t<div class=\"elementor-widget-wrap elementor-element-populated\">\n\t\t\t\t\t\t<div class=\"elementor-element elementor-element-ec1d722 elementor-widget elementor-widget-pp-breadcrumbs\" data-id=\"ec1d722\" data-element_type=\"widget\" data-e-type=\"widget\" data-settings=\"{&quot;breadcrumbs_type&quot;:&quot;powerpack&quot;}\" data-widget_type=\"pp-breadcrumbs.default\">\n\t\t\t\t<div class=\"elementor-widget-container\">\n\t\t\t\t\t<ul class=\"pp-breadcrumbs pp-breadcrumbs-powerpack\">\t\t<li class=\"pp-breadcrumbs-item pp-breadcrumbs-item-home\">\n\t\t\t<a class=\"pp-breadcrumbs-crumb pp-breadcrumbs-crumb-link pp-breadcrumbs-crumb-home\" href=\"https:\/\/www.csem.org.br\/pt_br\" title=\"In\u00edcio \">\n\t\t\t\t<span class=\"pp-breadcrumbs-text\">\n\t\t\t\t\t\t\t\t\t\t\t<span class=\"pp-icon\">\n\t\t\t\t\t\t\t<i aria-hidden=\"true\" class=\"far fa-folder-open\"><\/i>\t\t\t\t\t\t<\/span>\n\t\t\t\t\t\t\t\t\t\tIn\u00edcio \t\t\t\t<\/span>\n\t\t\t<\/a>\n\t\t<\/li>\n\t\t<li class=\"pp-breadcrumbs-separator\">\t\t\t\t<span class='pp-separator-icon pp-icon'>\n\t\t\t\t\t<i aria-hidden=\"true\" class=\"fas fa-angle-double-right\"><\/i>\t\t\t\t<\/span>\n\t\t\t\t<\/li><\/ul>\t\t\t\t<\/div>\n\t\t\t\t<\/div>\n\t\t\t\t\t<\/div>\n\t\t<\/div>\n\t\t\t\t<div class=\"elementor-column elementor-col-50 elementor-inner-column elementor-element elementor-element-17b588ad elementor-hidden-tablet elementor-hidden-mobile\" data-id=\"17b588ad\" data-element_type=\"column\" data-e-type=\"column\">\n\t\t\t<div class=\"elementor-widget-wrap elementor-element-populated\">\n\t\t\t\t\t\t<div class=\"elementor-element elementor-element-12039253 elementor-share-buttons--view-icon elementor-share-buttons--skin-flat elementor-share-buttons--shape-circle elementor-grid-3 elementor-hidden-tablet elementor-hidden-mobile elementor-share-buttons--color-official elementor-widget elementor-widget-share-buttons\" data-id=\"12039253\" data-element_type=\"widget\" data-e-type=\"widget\" data-widget_type=\"share-buttons.default\">\n\t\t\t\t<div class=\"elementor-widget-container\">\n\t\t\t\t\t\t\t<div class=\"elementor-grid\" role=\"list\">\n\t\t\t\t\t\t\t\t<div class=\"elementor-grid-item\" role=\"listitem\">\n\t\t\t\t\t\t<div class=\"elementor-share-btn elementor-share-btn_whatsapp\" role=\"button\" tabindex=\"0\" aria-label=\"Compartilhar no whatsapp\">\n\t\t\t\t\t\t\t\t\t\t\t\t\t\t\t<span class=\"elementor-share-btn__icon\">\n\t\t\t\t\t\t\t\t<i class=\"fab fa-whatsapp\" aria-hidden=\"true\"><\/i>\t\t\t\t\t\t\t<\/span>\n\t\t\t\t\t\t\t\t\t\t\t\t\t\t\t\t\t\t\t\t<\/div>\n\t\t\t\t\t<\/div>\n\t\t\t\t\t\t\t\t\t<div class=\"elementor-grid-item\" role=\"listitem\">\n\t\t\t\t\t\t<div class=\"elementor-share-btn elementor-share-btn_email\" role=\"button\" tabindex=\"0\" aria-label=\"Compartilhar no email\">\n\t\t\t\t\t\t\t\t\t\t\t\t\t\t\t<span class=\"elementor-share-btn__icon\">\n\t\t\t\t\t\t\t\t<i class=\"fas fa-envelope\" aria-hidden=\"true\"><\/i>\t\t\t\t\t\t\t<\/span>\n\t\t\t\t\t\t\t\t\t\t\t\t\t\t\t\t\t\t\t\t<\/div>\n\t\t\t\t\t<\/div>\n\t\t\t\t\t\t\t\t\t<div class=\"elementor-grid-item\" role=\"listitem\">\n\t\t\t\t\t\t<div class=\"elementor-share-btn elementor-share-btn_print\" role=\"button\" tabindex=\"0\" aria-label=\"Compartilhar no print\">\n\t\t\t\t\t\t\t\t\t\t\t\t\t\t\t<span class=\"elementor-share-btn__icon\">\n\t\t\t\t\t\t\t\t<i class=\"fas fa-print\" aria-hidden=\"true\"><\/i>\t\t\t\t\t\t\t<\/span>\n\t\t\t\t\t\t\t\t\t\t\t\t\t\t\t\t\t\t\t\t<\/div>\n\t\t\t\t\t<\/div>\n\t\t\t\t\t\t<\/div>\n\t\t\t\t\t\t<\/div>\n\t\t\t\t<\/div>\n\t\t\t\t\t<\/div>\n\t\t<\/div>\n\t\t\t\t\t<\/div>\n\t\t<\/section>\n\t\t\t\t\t<\/div>\n\t\t<\/div>\n\t\t\t\t\t<\/div>\n\t\t<\/section>\n\t\t\t\t<\/div>\n\t\t\t\t<\/div>\n\t\t\t\t\t\t<\/div>\n\t\t\t\t<\/div>\n\t\t\t\t\t<\/div>\n\t\t<\/div>\n\t\t\t\t\t<\/div>\n\t\t<\/section>\n\t\t\t\t<section class=\"elementor-section elementor-top-section elementor-element elementor-element-1cf63654 elementor-section-boxed elementor-section-height-default elementor-section-height-default\" data-id=\"1cf63654\" data-element_type=\"section\" data-e-type=\"section\">\n\t\t\t\t\t\t<div class=\"elementor-container elementor-column-gap-default\">\n\t\t\t\t\t<div class=\"elementor-column elementor-col-100 elementor-top-column elementor-element elementor-element-2ceba843\" data-id=\"2ceba843\" data-element_type=\"column\" data-e-type=\"column\">\n\t\t\t<div class=\"elementor-widget-wrap elementor-element-populated\">\n\t\t\t\t\t\t<div class=\"elementor-element elementor-element-1d8095e elementor-widget elementor-widget-heading\" data-id=\"1d8095e\" data-element_type=\"widget\" data-e-type=\"widget\" data-widget_type=\"heading.default\">\n\t\t\t\t<div class=\"elementor-widget-container\">\n\t\t\t\t\t<h2 class=\"elementor-heading-title elementor-size-default\">A REMHU \u2013 REVISTA INTERDISCIPLINAR DA MOBILIDADE HUMANA<\/h2>\t\t\t\t<\/div>\n\t\t\t\t<\/div>\n\t\t\t\t<section class=\"elementor-section elementor-inner-section elementor-element elementor-element-3278974 elementor-section-boxed elementor-section-height-default elementor-section-height-default\" data-id=\"3278974\" data-element_type=\"section\" data-e-type=\"section\">\n\t\t\t\t\t\t<div class=\"elementor-container elementor-column-gap-default\">\n\t\t\t\t\t<div class=\"elementor-column elementor-col-50 elementor-inner-column elementor-element elementor-element-975ae97\" data-id=\"975ae97\" data-element_type=\"column\" data-e-type=\"column\">\n\t\t\t<div class=\"elementor-widget-wrap elementor-element-populated\">\n\t\t\t\t\t\t<div class=\"elementor-element elementor-element-64f7a5b elementor-widget elementor-widget-text-editor\" data-id=\"64f7a5b\" data-element_type=\"widget\" data-e-type=\"widget\" data-widget_type=\"text-editor.default\">\n\t\t\t\t<div class=\"elementor-widget-container\">\n\t\t\t\t\t\t\t\t\t<p>A\u00a0<strong>REMHU \u2013 Revista Interdisciplinar da Mobilidade Humana<\/strong>\u00a0\u00e9 uma publica\u00e7\u00e3o quadrimestral do CSEM. Seu objetivo \u00e9 oferecer ao mundo acad\u00eamico e tamb\u00e9m aos pensadores e articuladores da pastoral e das pol\u00edticas migrat\u00f3rias an\u00e1lises interdisciplinares, amplas e aprofundadas de temas ligados \u00e0 mobilidade humana contempor\u00e2nea.<\/p>\t\t\t\t\t\t\t\t<\/div>\n\t\t\t\t<\/div>\n\t\t\t\t<div class=\"elementor-element elementor-element-d97322d elementor-widget elementor-widget-text-editor\" data-id=\"d97322d\" data-element_type=\"widget\" data-e-type=\"widget\" data-widget_type=\"text-editor.default\">\n\t\t\t\t<div class=\"elementor-widget-container\">\n\t\t\t\t\t\t\t\t\tPara saber mais sobre Escopo, Pol\u00edtica e Estrutura da Revista, Comiss\u00e3o Editorial e Conselho Cient\u00edfico, Condi\u00e7\u00f5es de submiss\u00e3o e Processo de avalia\u00e7\u00e3o por pares.\t\t\t\t\t\t\t\t<\/div>\n\t\t\t\t<\/div>\n\t\t\t\t\t<\/div>\n\t\t<\/div>\n\t\t\t\t<div class=\"elementor-column elementor-col-50 elementor-inner-column elementor-element elementor-element-52b7219\" data-id=\"52b7219\" data-element_type=\"column\" data-e-type=\"column\">\n\t\t\t<div class=\"elementor-widget-wrap elementor-element-populated\">\n\t\t\t\t\t\t<div class=\"elementor-element elementor-element-87b94d7 elementor-widget elementor-widget-button\" data-id=\"87b94d7\" data-element_type=\"widget\" data-e-type=\"widget\" data-widget_type=\"button.default\">\n\t\t\t\t<div class=\"elementor-widget-container\">\n\t\t\t\t\t\t\t\t\t<div class=\"elementor-button-wrapper\">\n\t\t\t\t\t<a class=\"elementor-button elementor-button-link elementor-size-sm\" href=\"https:\/\/remhu.csem.org.br\/index.php\/remhu\/index\" target=\"_blank\" rel=\"noopener\">\n\t\t\t\t\t\t<span class=\"elementor-button-content-wrapper\">\n\t\t\t\t\t\t<span class=\"elementor-button-icon\">\n\t\t\t\t<i aria-hidden=\"true\" class=\"fas fa-globe\"><\/i>\t\t\t<\/span>\n\t\t\t\t\t\t\t\t\t<span class=\"elementor-button-text\">ACESSE O SITE DA REMHU<\/span>\n\t\t\t\t\t<\/span>\n\t\t\t\t\t<\/a>\n\t\t\t\t<\/div>\n\t\t\t\t\t\t\t\t<\/div>\n\t\t\t\t<\/div>\n\t\t\t\t<div class=\"elementor-element elementor-element-a7c57bf elementor-widget elementor-widget-text-editor\" data-id=\"a7c57bf\" data-element_type=\"widget\" data-e-type=\"widget\" data-widget_type=\"text-editor.default\">\n\t\t\t\t<div class=\"elementor-widget-container\">\n\t\t\t\t\t\t\t\t\t<p>Leia as\u00a0<strong>Orienta\u00e7\u00f5es Editoriais<\/strong>\u00a0e\u00a0<strong>Normas para publica\u00e7\u00e3o<\/strong>:<br \/><a href=\"https:\/\/www.scielo.br\/revistas\/remhu\/pinstruc.htm\" target=\"_blank\" rel=\"noopener noreferrer\">Portugu\u00eas<\/a>\u00a0\u2013\u00a0<a href=\"https:\/\/www.scielo.br\/revistas\/remhu\/iinstruc.htm\" target=\"_blank\" rel=\"noopener noreferrer\">Ingl\u00eas<\/a>\u00a0\u2013\u00a0<a href=\"https:\/\/www.scielo.br\/revistas\/remhu\/einstruc.htm\" target=\"_blank\" rel=\"noopener noreferrer\">Espanhol<\/a><\/p>\t\t\t\t\t\t\t\t<\/div>\n\t\t\t\t<\/div>\n\t\t\t\t\t<\/div>\n\t\t<\/div>\n\t\t\t\t\t<\/div>\n\t\t<\/section>\n\t\t\t\t\t<\/div>\n\t\t<\/div>\n\t\t\t\t\t<\/div>\n\t\t<\/section>\n\t\t\t\t<section class=\"elementor-section elementor-top-section elementor-element elementor-element-474f283 elementor-section-boxed elementor-section-height-default elementor-section-height-default\" data-id=\"474f283\" data-element_type=\"section\" data-e-type=\"section\">\n\t\t\t\t\t\t<div class=\"elementor-container elementor-column-gap-default\">\n\t\t\t\t\t<div class=\"elementor-column elementor-col-100 elementor-top-column elementor-element elementor-element-eb8960e\" data-id=\"eb8960e\" data-element_type=\"column\" data-e-type=\"column\">\n\t\t\t<div class=\"elementor-widget-wrap elementor-element-populated\">\n\t\t\t\t\t\t<div class=\"elementor-element elementor-element-6f91a99 elementor-widget elementor-widget-pp-faq\" data-id=\"6f91a99\" data-element_type=\"widget\" data-e-type=\"widget\" data-settings=\"{&quot;faq_layout&quot;:&quot;accordion&quot;,&quot;accordion_type&quot;:&quot;accordion&quot;,&quot;toggle_speed&quot;:300}\" data-widget_type=\"pp-faq.default\">\n\t\t\t\t<div class=\"elementor-widget-container\">\n\t\t\t\t\t\t\t<div class=\"pp-faqs pp-advanced-accordion pp-toggle-icon-align-right\" id=\"pp-advanced-accordion-6f91a99\" data-accordion-id=\"6f91a99\">\n\t\t\t\t\t\t<div class=\"pp-faq-item elementor-grid-item pp-accordion-item\">\n\t\t\t\t<div id=\"pp-accordion-tab-title-1161\" class=\"pp-faq-question pp-accordion-tab-title\" tabindex=\"0\" data-tab=\"1\">\n\t\t\t\t\t<div class=\"pp-accordion-title-icon\">\n\t\t\t\t\t\t\t\t\t\t\t\t\t\t\t\t\t\t<div class=\"pp-accordion-title-text\">\n\t\t\t\t\t\t\tTEMAS DOS DOSSI\u00caS PUBLICADOS NA REMHU (Clique para visualizar)\t\t\t\t\t\t<\/div>\n\t\t\t\t\t<\/div>\n\t\t\t\t\t\t\t\t\t\t\t<div class=\"pp-accordion-toggle-icon\">\n\t\t\t\t\t\t\t\t\t\t\t\t\t\t\t<span class='pp-accordion-toggle-icon-close pp-icon'>\n\t\t\t\t\t\t\t\t\t<i aria-hidden=\"true\" class=\"fas fa-plus\"><\/i>\t\t\t\t\t\t\t\t<\/span>\n\t\t\t\t\t\t\t\t\t\t\t\t\t\t\t\t\t\t\t\t\t\t<span class='pp-accordion-toggle-icon-open pp-icon'>\n\t\t\t\t\t\t\t\t\t<i aria-hidden=\"true\" class=\"fas fa-minus\"><\/i>\t\t\t\t\t\t\t\t<\/span>\n\t\t\t\t\t\t\t\t\t\t\t\t\t<\/div>\n\t\t\t\t\t\t\t\t\t<\/div>\n\n\t\t\t\t<div id=\"pp-accordion-tab-content-1161\" class=\"pp-faq-answer pp-accordion-tab-content\" data-tab=\"1\">\n\t\t\t\t\t<p>2023 &#8211; <strong>Di\u00e1sporas y Movilidades Negras en las Am\u00e9ricas<\/strong> &#8211; Vol. 31, n. 67, Abril, 292 pp.<\/p>\n<p>2022 &#8211; <strong>Arte, migra\u00e7\u00e3o e transforma\u00e7\u00e3o<\/strong> &#8211; Vol. 30, n. 66. Dezembro, 278 pp.<\/p>\n<p>2022 &#8211; <strong>Mulheres migrantes e trabalho dom\u00e9stico<\/strong> &#8211; Vol. 30, n. 65., Agosto, 256 pp.<\/p>\n<p>2022 &#8211; <b>Multiplica\u00e7\u00e3o de muros: (i)mobilidades, viola\u00e7\u00f5es e resist\u00eancias <\/b><strong>&#8211;<\/strong> Vol. 30, n. 64, Abril, 266 pp.<\/p>\n<p>2021 &#8211; <strong>Migrants, refugees, and displaced persons in the Middle East and North Africa &#8211;<\/strong> Vol. 29, n. 63. Dezembro, 246 pp.<\/p>\n<p>2021 &#8211; <strong>Perspectivas diasp\u00f3ricas &#8211;<\/strong> Vol. 29, n. 62. Agosto, 244 pp.<\/p>\n<p>2021 &#8211;\u00a0<strong>Pessoas migrantes e refugiadas em tempos de Covid-19: viola\u00e7\u00f5es e resist\u00eancias &#8211;<\/strong>\u00a0Vol. 29, n. 61, Abril, 272 pp.<\/p>\n<p>2020 &#8211;\u00a0<strong>Luchas migrantes y pol\u00edticas migratorias mesoamericanas &#8211;<\/strong>\u00a0Vol. 28, n. 60, Dezembro, 248 pp.<\/p>\n<p>2020 &#8211;\u00a0<strong>Pessoas migrantes e refugiadas LGBTI &#8211;<\/strong>\u00a0Vol. 28, n. 59, Agosto, 248 pp.<\/p>\n<p>2020 &#8211;\u00a0<strong>A Sociedade Civil no contexto da mobilidade humana<\/strong>\u00a0&#8211; Vol. 28, n. 58 &#8211; Abril, 266. pp.<\/p>\n<p>2019 &#8211; <strong>Enfoques e perspectivas sobre mobilidade humana<\/strong> &#8211; Vol. 27, n\u00b0 57 &#8211; Dezembro, 252 pp.<\/p>\n<p>2019 &#8211; <strong>Migrantes africanos en Am\u00e9rica Latina: (in)movilidades y haciendo-lugar<\/strong> &#8211; Vol. 27, n\u00b0 56 &#8211; Agosto, 260 pp.<\/p>\n<p>2019 &#8211; <strong>Olhares psicossociais sobre migrantes e refugiados<\/strong> &#8211; Vol. 27, n\u00b0 55 &#8211; Abril, 220 pp.<\/p>\n<p>2018 &#8211; <strong>Migra\u00e7\u00f5es na \u00c1frica: sujeitos, impactos e desafios <\/strong>&#8211; Vol. 26, n\u00b0 54 &#8211; Dezembro, 264 pp.<\/p>\n<p>2018 &#8211; <strong>Racismos\u00a0<\/strong>&#8211; Vol. 26, n\u00b0 53 &#8211; Agosto, 252 pp.<\/p>\n<p>2018 &#8211;\u00a0<strong>Direito \u00e0 cidade: segrega\u00e7\u00e3o e lutas pela cidadania <\/strong>&#8211; Vol. 26, n\u00b0 52 &#8211; Abril, 284 pp.<\/p>\n<p>2017 &#8211;\u00a0<strong>Migra\u00e7\u00f5es no Mediterr\u00e2neo: entre fronteiras e acolhimento <\/strong>&#8211; Vol. 25, n\u00b0 51 &#8211; Dezembro, 216 pp.<\/p>\n<p>2017 &#8211;\u00a0<strong>Dilemas \u00e9ticos das migra\u00e7\u00f5es<\/strong> &#8211; Vol. 25, n\u00b0 50 &#8211; Agosto, 240 pp.<\/p>\n<p>2017 &#8211;\u00a0<strong>Migrantes no mercado de trabalho: precariza\u00e7\u00e3o e discrimina\u00e7\u00e3o<\/strong>\u00a0&#8211; Vol. 25, n\u00b0 49 &#8211; Abril, 288 pp.<\/p>\n<p>2016 &#8211;\u00a0<strong>Movimentos sociais e mobiliza\u00e7\u00f5es de migrantes e refugiados<\/strong> &#8211; Ano XXIV, n\u00b0 48 &#8211; set\/dez, 220 pp.<\/p>\n<p>2016 &#8211;\u00a0<strong>O protagonismo dos migrantes <\/strong>&#8211; Ano XXIV, n\u00b0 47 &#8211; mai\/ago, 224 pp.<\/p>\n<p>2016 &#8211;\u00a0<strong>Migra\u00e7\u00f5es, meios de comunica\u00e7\u00e3o e processos comunicacionais<\/strong> &#8211; Ano XXIV, n\u00b0 46 &#8211; jan\/abr, 224 pp.<\/p>\n<p>2015 &#8211;\u00a0<strong>Criminaliza\u00e7\u00e3o das Migra\u00e7\u00f5es<\/strong> &#8211; Ano XXIII, n\u00b0 45 &#8211; jul\/dez, 324 pp.<\/p>\n<p>2015 &#8211;\u00a0<strong>Migra\u00e7\u00f5es e fronteiras <\/strong>&#8211; Ano XXIII, n\u00b0 44 &#8211; jan\/jun, 284 pp.<\/p>\n<p>2014 &#8211;\u00a0<strong>Migra\u00e7\u00f5es for\u00e7adas\u00a0<\/strong>&#8211; Ano XXII, n\u00ba 43 &#8211; \u00a0jul\/dez, 296 pp.<\/p>\n<p>2014 &#8211;\u00a0<strong>Crian\u00e7as e adolescentes migrantes <\/strong>&#8211; Ano XXII, n\u00ba 42 &#8211; jan\/jun, 296 pp.<\/p>\n<p>2013 &#8211;\u00a0<strong>Retorno e Circularidade <\/strong>&#8211; Ano XXI, n\u00ba 41 &#8211; jul\/dez, 320 pp.<\/p>\n<p>2013 &#8211;\u00a0<strong>Migra\u00e7\u00e3o e Sa\u00fade <\/strong>&#8211; Ano XXI, n\u00ba 40 &#8211; jan\/jun, 280 pp.<\/p>\n<p>2012 &#8211;\u00a0<strong>Migra\u00e7\u00f5es e dados Estat\u00edsticos <\/strong>&#8211; Ano XX, n\u00ba 39 &#8211; jul\/dez, 312 pp.<\/p>\n<p>2012 &#8211;\u00a0<strong>Conviver com o diferente <\/strong>&#8211; Ano XX, n\u00ba 38 &#8211; jan\/jun, 292 pp.<\/p>\n<p>2011 &#8211;\u00a0<strong>Tr\u00e1fico de Pessoas <\/strong>&#8211; Ano XIX, n\u00ba 37 &#8211; jul\/dez, 312 pp.<\/p>\n<p>2011 \u2013\u00a0<strong>Refugiados Ambientais <\/strong>&#8211; Ano XIX, n\u00ba 36 &#8211; jan\/jun, 298 pp.<\/p>\n<p>2010 \u2013\u00a0<strong>Pol\u00edticas Migrat\u00f3rias <\/strong>&#8211; Ano XVIII, n\u00ba 35 &#8211; jul\/dez, 304 pp.<\/p>\n<p>2010 \u2013\u00a0<strong>Migra\u00e7\u00e3o e Identidades<\/strong> &#8211; Ano XVIII, n\u00ba 34 &#8211; jan\/jun, 264 pp.<\/p>\n<p>2009 \u2013\u00a0<strong>Migra\u00e7\u00e3o e Desenvolvimento <\/strong>&#8211; Ano XVII, n\u00ba 33 &#8211; jul\/dez, 344 pp.<\/p>\n<p>2009 \u2013\u00a0<strong>Redes Migrat\u00f3rias <\/strong>&#8211; Ano XVII, n\u00ba 32, 251 pp.<\/p>\n<p>2008 \u2013\u00a0<strong>Migra\u00e7\u00f5es Internacionais e Direitos Humanos <\/strong>&#8211; Ano XVI, n\u00ba 31, 592 pp.<\/p>\n<p>2008 \u2013\u00a0<strong>Fam\u00edlia migrante <\/strong>&#8211; Ano XV, n\u00ba 30, 272 pp.<\/p>\n<p>2007 \u2013\u00a0<strong>Feminiza\u00e7\u00e3o das migra\u00e7\u00f5es <\/strong>&#8211; Ano XV, n\u00ba 29, 228 pp.<\/p>\n<p>2007 \u2013\u00a0<strong>Migra\u00e7\u00e3o e religi\u00e3o <\/strong>&#8211; Ano XV, n\u00ba 28, 274 pp.<\/p>\n<p>2006 \u2013\u00a0<strong>Projeto Migrat\u00f3rio <\/strong>&#8211; Ano XIV, n\u00ba 26 e 27, 308 pp.<\/p>\n\t\t\t\t<\/div>\n\t\t\t<\/div>\n\t\t\t\t\t<\/div>\n\t\t\t\t\t\t<\/div>\n\t\t\t\t<\/div>\n\t\t\t\t<div class=\"elementor-element elementor-element-b9b1028 elementor-widget elementor-widget-text-editor\" data-id=\"b9b1028\" data-element_type=\"widget\" data-e-type=\"widget\" data-widget_type=\"text-editor.default\">\n\t\t\t\t<div class=\"elementor-widget-container\">\n\t\t\t\t\t\t\t\t\t<p>At\u00e9 dezembro de 2005 a revista do CSEM foi publicada com o t\u00edtulo \u201cScalabriniane nel mondo\u201d. Era uma publica\u00e7\u00e3o semestral relativa \u00e0 atua\u00e7\u00e3o pastoral e experi\u00eancias das Irm\u00e3s Mission\u00e1rias Scalabrinianas a servi\u00e7o de migrantes e refugiados em diferentes pa\u00edses e realidades.<\/p><p>Para receber um n\u00famero ou assinar a REMHU<br \/>envie um email para\u00a0<a href=\"mailto:csem@csem.org.br\">csem@csem.org.br<\/a>\u00a0<\/p>\t\t\t\t\t\t\t\t<\/div>\n\t\t\t\t<\/div>\n\t\t\t\t<div class=\"elementor-element elementor-element-6fe11e5 elementor-widget elementor-widget-text-editor\" data-id=\"6fe11e5\" data-element_type=\"widget\" data-e-type=\"widget\" data-widget_type=\"text-editor.default\">\n\t\t\t\t<div class=\"elementor-widget-container\">\n\t\t\t\t\t\t\t\t\t<p><span style=\"color: var( --e-global-color-text ); font-family: var( --e-global-typography-text-font-family ), Sans-serif; font-size: 1rem; font-weight: var( --e-global-typography-text-font-weight ); text-align: center;\">A REMHU \u00e9 aberta a permutas com bibliotecas especializadas e\/ou acad\u00eamicas.<\/span><br><\/p>\n<p>Para solicitar permuta com a REMHU (sujeito a aprova\u00e7\u00e3o)<br>envie e-mail para:&nbsp;<a href=\"mailto:remhu@csem.org.br\">remhu@csem.org.br<\/a><\/p>\n<p><strong>Indexadores<\/strong>: SciELO Brasil, Redalyc, DOAJ, CLASE, Latindex, Dialnet, Biblat, Miar, Latindex<\/p>\n<p><strong>Classifica\u00e7\u00e3o Qualis<\/strong>: A2<\/p>\n<p><strong>Tiragem:<\/strong> 250 exemplares<\/p>\n<p><strong>ISSN impresso<\/strong>: 1980-8585<\/p>\n<p><strong>ISSN eletr\u00f4nico<\/strong>: 2237-9843<\/p>\t\t\t\t\t\t\t\t<\/div>\n\t\t\t\t<\/div>\n\t\t\t\t\t<\/div>\n\t\t<\/div>\n\t\t\t\t\t<\/div>\n\t\t<\/section>\n\t\t\t\t<\/div>\n\t\t","protected":false},"excerpt":{"rendered":"<p>A REMHU \u2013 REVISTA INTERDISCIPLINAR DA MOBILIDADE HUMANA A\u00a0REMHU \u2013 Revista Interdisciplinar da Mobilidade Humana\u00a0\u00e9 uma publica\u00e7\u00e3o quadrimestral do CSEM. Seu objetivo \u00e9 oferecer ao mundo acad\u00eamico e tamb\u00e9m aos pensadores e articuladores da pastoral e das pol\u00edticas migrat\u00f3rias an\u00e1lises interdisciplinares, amplas e aprofundadas de temas ligados \u00e0 mobilidade humana contempor\u00e2nea. Para saber mais sobre [&hellip;]<\/p>\n","protected":false},"author":2,"featured_media":0,"parent":0,"menu_order":0,"comment_status":"closed","ping_status":"closed","template":"","meta":{"_acf_changed":false,"footnotes":""},"class_list":["post-1100","page","type-page","status-publish","hentry"],"acf":[],"_links":{"self":[{"href":"https:\/\/www.csem.org.br\/pt_br\/wp-json\/wp\/v2\/pages\/1100","targetHints":{"allow":["GET"]}}],"collection":[{"href":"https:\/\/www.csem.org.br\/pt_br\/wp-json\/wp\/v2\/pages"}],"about":[{"href":"https:\/\/www.csem.org.br\/pt_br\/wp-json\/wp\/v2\/types\/page"}],"author":[{"embeddable":true,"href":"https:\/\/www.csem.org.br\/pt_br\/wp-json\/wp\/v2\/users\/2"}],"replies":[{"embeddable":true,"href":"https:\/\/www.csem.org.br\/pt_br\/wp-json\/wp\/v2\/comments?post=1100"}],"version-history":[{"count":0,"href":"https:\/\/www.csem.org.br\/pt_br\/wp-json\/wp\/v2\/pages\/1100\/revisions"}],"wp:attachment":[{"href":"https:\/\/www.csem.org.br\/pt_br\/wp-json\/wp\/v2\/media?parent=1100"}],"curies":[{"name":"wp","href":"https:\/\/api.w.org\/{rel}","templated":true}]}}