{"id":782,"date":"2018-07-05T15:27:13","date_gmt":"2018-07-05T18:27:13","guid":{"rendered":"https:\/\/csem.org.br\/?page_id=782"},"modified":"2024-02-23T09:25:22","modified_gmt":"2024-02-23T12:25:22","slug":"nucleo-duro","status":"publish","type":"page","link":"https:\/\/www.csem.org.br\/it\/nucleo-duro\/","title":{"rendered":"Hard Core"},"content":{"rendered":"\t\t<div data-elementor-type=\"wp-page\" data-elementor-id=\"782\" class=\"elementor elementor-782\" data-elementor-post-type=\"page\">\n\t\t\t\t\t\t<section class=\"elementor-section elementor-top-section elementor-element elementor-element-2c6bcc26 elementor-section-full_width elementor-section-height-default elementor-section-height-default\" data-id=\"2c6bcc26\" data-element_type=\"section\" data-e-type=\"section\">\n\t\t\t\t\t\t<div class=\"elementor-container elementor-column-gap-no\">\n\t\t\t\t\t<div class=\"elementor-column elementor-col-100 elementor-top-column elementor-element elementor-element-2677488d\" data-id=\"2677488d\" data-element_type=\"column\" data-e-type=\"column\">\n\t\t\t<div class=\"elementor-widget-wrap elementor-element-populated\">\n\t\t\t\t\t\t<div class=\"elementor-element elementor-element-4cdc9d7 elementor-widget elementor-widget-template\" data-id=\"4cdc9d7\" data-element_type=\"widget\" data-e-type=\"widget\" data-widget_type=\"template.default\">\n\t\t\t\t<div class=\"elementor-widget-container\">\n\t\t\t\t\t\t\t<div class=\"elementor-template\">\n\t\t\t\t\t<div data-elementor-type=\"section\" data-elementor-id=\"19749\" class=\"elementor elementor-19749\" data-elementor-post-type=\"elementor_library\">\n\t\t\t\t\t<section class=\"elementor-section elementor-top-section elementor-element elementor-element-15b34725 elementor-section-boxed elementor-section-height-default elementor-section-height-default\" data-id=\"15b34725\" data-element_type=\"section\" data-e-type=\"section\" data-settings=\"{&quot;background_background&quot;:&quot;classic&quot;}\">\n\t\t\t\t\t\t<div class=\"elementor-container elementor-column-gap-default\">\n\t\t\t\t\t<div class=\"elementor-column elementor-col-100 elementor-top-column elementor-element elementor-element-3622abe\" data-id=\"3622abe\" data-element_type=\"column\" data-e-type=\"column\">\n\t\t\t<div class=\"elementor-widget-wrap elementor-element-populated\">\n\t\t\t\t\t\t<section class=\"elementor-section elementor-inner-section elementor-element elementor-element-17cf0bf5 elementor-section-boxed elementor-section-height-default elementor-section-height-default\" data-id=\"17cf0bf5\" data-element_type=\"section\" data-e-type=\"section\">\n\t\t\t\t\t\t<div class=\"elementor-container elementor-column-gap-no\">\n\t\t\t\t\t<div class=\"elementor-column elementor-col-50 elementor-inner-column elementor-element elementor-element-295ae005\" data-id=\"295ae005\" data-element_type=\"column\" data-e-type=\"column\">\n\t\t\t<div class=\"elementor-widget-wrap elementor-element-populated\">\n\t\t\t\t\t\t<div class=\"elementor-element elementor-element-ec1d722 elementor-widget elementor-widget-pp-breadcrumbs\" data-id=\"ec1d722\" data-element_type=\"widget\" data-e-type=\"widget\" data-settings=\"{&quot;breadcrumbs_type&quot;:&quot;powerpack&quot;}\" data-widget_type=\"pp-breadcrumbs.default\">\n\t\t\t\t<div class=\"elementor-widget-container\">\n\t\t\t\t\t<ul class=\"pp-breadcrumbs pp-breadcrumbs-powerpack\">\t\t<li class=\"pp-breadcrumbs-item pp-breadcrumbs-item-home\">\n\t\t\t<a class=\"pp-breadcrumbs-crumb pp-breadcrumbs-crumb-link pp-breadcrumbs-crumb-home\" href=\"https:\/\/www.csem.org.br\/it\" title=\"In\u00edcio \">\n\t\t\t\t<span class=\"pp-breadcrumbs-text\">\n\t\t\t\t\t\t\t\t\t\t\t<span class=\"pp-icon\">\n\t\t\t\t\t\t\t<i aria-hidden=\"true\" class=\"far fa-folder-open\"><\/i>\t\t\t\t\t\t<\/span>\n\t\t\t\t\t\t\t\t\t\tIn\u00edcio \t\t\t\t<\/span>\n\t\t\t<\/a>\n\t\t<\/li>\n\t\t<li class=\"pp-breadcrumbs-separator\">\t\t\t\t<span class='pp-separator-icon pp-icon'>\n\t\t\t\t\t<i aria-hidden=\"true\" class=\"fas fa-angle-double-right\"><\/i>\t\t\t\t<\/span>\n\t\t\t\t<\/li><\/ul>\t\t\t\t<\/div>\n\t\t\t\t<\/div>\n\t\t\t\t\t<\/div>\n\t\t<\/div>\n\t\t\t\t<div class=\"elementor-column elementor-col-50 elementor-inner-column elementor-element elementor-element-17b588ad elementor-hidden-tablet elementor-hidden-mobile\" data-id=\"17b588ad\" data-element_type=\"column\" data-e-type=\"column\">\n\t\t\t<div class=\"elementor-widget-wrap elementor-element-populated\">\n\t\t\t\t\t\t<div class=\"elementor-element elementor-element-12039253 elementor-share-buttons--view-icon elementor-share-buttons--skin-flat elementor-share-buttons--shape-circle elementor-grid-3 elementor-hidden-tablet elementor-hidden-mobile elementor-share-buttons--color-official elementor-widget elementor-widget-share-buttons\" data-id=\"12039253\" data-element_type=\"widget\" data-e-type=\"widget\" data-widget_type=\"share-buttons.default\">\n\t\t\t\t<div class=\"elementor-widget-container\">\n\t\t\t\t\t\t\t<div class=\"elementor-grid\" role=\"list\">\n\t\t\t\t\t\t\t\t<div class=\"elementor-grid-item\" role=\"listitem\">\n\t\t\t\t\t\t<div class=\"elementor-share-btn elementor-share-btn_whatsapp\" role=\"button\" tabindex=\"0\" aria-label=\"Compartilhar no whatsapp\">\n\t\t\t\t\t\t\t\t\t\t\t\t\t\t\t<span class=\"elementor-share-btn__icon\">\n\t\t\t\t\t\t\t\t<i class=\"fab fa-whatsapp\" aria-hidden=\"true\"><\/i>\t\t\t\t\t\t\t<\/span>\n\t\t\t\t\t\t\t\t\t\t\t\t\t\t\t\t\t\t\t\t<\/div>\n\t\t\t\t\t<\/div>\n\t\t\t\t\t\t\t\t\t<div class=\"elementor-grid-item\" role=\"listitem\">\n\t\t\t\t\t\t<div class=\"elementor-share-btn elementor-share-btn_email\" role=\"button\" tabindex=\"0\" aria-label=\"Compartilhar no email\">\n\t\t\t\t\t\t\t\t\t\t\t\t\t\t\t<span class=\"elementor-share-btn__icon\">\n\t\t\t\t\t\t\t\t<i class=\"fas fa-envelope\" aria-hidden=\"true\"><\/i>\t\t\t\t\t\t\t<\/span>\n\t\t\t\t\t\t\t\t\t\t\t\t\t\t\t\t\t\t\t\t<\/div>\n\t\t\t\t\t<\/div>\n\t\t\t\t\t\t\t\t\t<div class=\"elementor-grid-item\" role=\"listitem\">\n\t\t\t\t\t\t<div class=\"elementor-share-btn elementor-share-btn_print\" role=\"button\" tabindex=\"0\" aria-label=\"Compartilhar no print\">\n\t\t\t\t\t\t\t\t\t\t\t\t\t\t\t<span class=\"elementor-share-btn__icon\">\n\t\t\t\t\t\t\t\t<i class=\"fas fa-print\" aria-hidden=\"true\"><\/i>\t\t\t\t\t\t\t<\/span>\n\t\t\t\t\t\t\t\t\t\t\t\t\t\t\t\t\t\t\t\t<\/div>\n\t\t\t\t\t<\/div>\n\t\t\t\t\t\t<\/div>\n\t\t\t\t\t\t<\/div>\n\t\t\t\t<\/div>\n\t\t\t\t\t<\/div>\n\t\t<\/div>\n\t\t\t\t\t<\/div>\n\t\t<\/section>\n\t\t\t\t\t<\/div>\n\t\t<\/div>\n\t\t\t\t\t<\/div>\n\t\t<\/section>\n\t\t\t\t<\/div>\n\t\t\t\t<\/div>\n\t\t\t\t\t\t<\/div>\n\t\t\t\t<\/div>\n\t\t\t\t\t<\/div>\n\t\t<\/div>\n\t\t\t\t\t<\/div>\n\t\t<\/section>\n\t\t\t\t<section class=\"elementor-section elementor-top-section elementor-element elementor-element-a16387a elementor-section-boxed elementor-section-height-default elementor-section-height-default\" data-id=\"a16387a\" data-element_type=\"section\" data-e-type=\"section\">\n\t\t\t\t\t\t<div class=\"elementor-container elementor-column-gap-default\">\n\t\t\t\t\t<div class=\"elementor-column elementor-col-100 elementor-top-column elementor-element elementor-element-e06683e\" data-id=\"e06683e\" data-element_type=\"column\" data-e-type=\"column\">\n\t\t\t<div class=\"elementor-widget-wrap elementor-element-populated\">\n\t\t\t\t\t\t<section class=\"elementor-section elementor-inner-section elementor-element elementor-element-152f26d elementor-hidden-mobile elementor-section-boxed elementor-section-height-default elementor-section-height-default\" data-id=\"152f26d\" data-element_type=\"section\" data-e-type=\"section\" data-settings=\"{&quot;sticky&quot;:&quot;top&quot;,&quot;sticky_on&quot;:[&quot;desktop&quot;,&quot;tablet&quot;,&quot;mobile&quot;],&quot;sticky_offset&quot;:0,&quot;sticky_effects_offset&quot;:0,&quot;sticky_anchor_link_offset&quot;:0}\">\n\t\t\t\t\t\t<div class=\"elementor-container elementor-column-gap-default\">\n\t\t\t\t\t<div class=\"elementor-column elementor-col-100 elementor-inner-column elementor-element elementor-element-ed8a39b\" data-id=\"ed8a39b\" data-element_type=\"column\" data-e-type=\"column\">\n\t\t\t<div class=\"elementor-widget-wrap elementor-element-populated\">\n\t\t\t\t\t\t<div class=\"elementor-element elementor-element-92efecd elementor-widget elementor-widget-global elementor-global-21857 elementor-widget-pp-advanced-menu\" data-id=\"92efecd\" data-element_type=\"widget\" data-e-type=\"widget\" data-settings=\"{&quot;menu_type&quot;:&quot;off-canvas&quot;,&quot;onepage_menu&quot;:&quot;yes&quot;,&quot;layout&quot;:&quot;horizontal&quot;,&quot;show_submenu_on&quot;:&quot;hover&quot;,&quot;submenu_icon&quot;:{&quot;value&quot;:&quot;fas fa-caret-down&quot;,&quot;library&quot;:&quot;fa-solid&quot;},&quot;toggle&quot;:&quot;icon&quot;,&quot;toggle_icon_type&quot;:&quot;hamburger&quot;,&quot;show_responsive_submenu_on&quot;:&quot;icon&quot;}\" data-widget_type=\"pp-advanced-menu.default\">\n\t\t\t\t<div class=\"elementor-widget-container\">\n\t\t\t\t\t\n\t\t\t\t<div class=\"pp-advanced-menu-main-wrapper pp-advanced-menu__align-center pp-advanced-menu--dropdown-tablet pp-advanced-menu--type-off-canvas pp-advanced-menu__text-align- pp-advanced-menu--toggle pp-advanced-menu--icon\">\n\t\t\t\t\t\t\t\t<nav id=\"pp-menu-92efecd\" class=\"pp-advanced-menu--main pp-advanced-menu__container pp-advanced-menu--layout-horizontal pp--pointer-background e--animation-fade\" aria-label=\"IV ICoMiR\" data-settings=\"{&quot;menu_id&quot;:&quot;92efecd&quot;,&quot;breakpoint&quot;:&quot;tablet&quot;,&quot;full_width&quot;:false}\"><ul id=\"menu-iv-icomir\" class=\"pp-advanced-menu\"><li class=\"menu-item menu-item-type-post_type menu-item-object-page menu-item-27018\"><a href=\"https:\/\/www.csem.org.br\/it\/csem-eventos\/iv-icomir\/\" class=\"pp-menu-item\">IV ICoMiR<\/a><\/li>\n<\/ul><\/nav>\n\t\t\t\t\t\t\t\t\t\t\t\t\t\t\t<div class=\"pp-menu-toggle pp-menu-toggle-on-tablet\">\n\t\t\t\t\t\t\t\t\t\t\t<div class=\"pp-hamburger\">\n\t\t\t\t\t\t\t<div class=\"pp-hamburger-box\">\n\t\t\t\t\t\t\t\t\t\t\t\t\t\t\t\t\t<div class=\"pp-hamburger-inner\"><\/div>\n\t\t\t\t\t\t\t\t\t\t\t\t\t\t\t<\/div>\n\t\t\t\t\t\t<\/div>\n\t\t\t\t\t\t\t\t\t\t\t\t\t\t<\/div>\n\t\t\t\t\t\t\t\t\t\t\t\t<nav class=\"pp-advanced-menu--dropdown pp-menu-style-toggle pp-advanced-menu__container pp-menu-92efecd pp-menu-off-canvas pp-menu-off-canvas-left\" data-settings=\"{&quot;menu_id&quot;:&quot;92efecd&quot;,&quot;breakpoint&quot;:&quot;tablet&quot;,&quot;full_width&quot;:false}\">\n\t\t\t\t\t\t\t\t\t<div class=\"pp-menu-close-wrap\">\n\t\t\t\t\t\t<div class=\"pp-menu-close\"><\/div>\n\t\t\t\t\t<\/div>\n\t\t\t\t\t\t\t\t\t\t\t\t<ul id=\"menu-iv-icomir-1\" class=\"pp-advanced-menu\"><li class=\"menu-item menu-item-type-post_type menu-item-object-page menu-item-27018\"><a href=\"https:\/\/www.csem.org.br\/it\/csem-eventos\/iv-icomir\/\" class=\"pp-menu-item\">IV ICoMiR<\/a><\/li>\n<\/ul>\t\t\t\t\t\t\t<\/nav>\n\t\t\t\t\t\t\t<\/div>\n\t\t\t\t\t\t\t\t<\/div>\n\t\t\t\t<\/div>\n\t\t\t\t\t<\/div>\n\t\t<\/div>\n\t\t\t\t\t<\/div>\n\t\t<\/section>\n\t\t\t\t<section class=\"elementor-section elementor-inner-section elementor-element elementor-element-1ed13d4 elementor-hidden-desktop elementor-hidden-tablet elementor-section-boxed elementor-section-height-default elementor-section-height-default\" data-id=\"1ed13d4\" data-element_type=\"section\" data-e-type=\"section\" data-settings=\"{&quot;sticky&quot;:&quot;top&quot;,&quot;background_background&quot;:&quot;classic&quot;,&quot;sticky_offset_mobile&quot;:5,&quot;sticky_on&quot;:[&quot;desktop&quot;,&quot;tablet&quot;,&quot;mobile&quot;],&quot;sticky_offset&quot;:0,&quot;sticky_effects_offset&quot;:0,&quot;sticky_anchor_link_offset&quot;:0}\">\n\t\t\t\t\t\t<div class=\"elementor-container elementor-column-gap-default\">\n\t\t\t\t\t<div class=\"elementor-column elementor-col-50 elementor-inner-column elementor-element elementor-element-84d7056\" data-id=\"84d7056\" data-element_type=\"column\" data-e-type=\"column\">\n\t\t\t<div class=\"elementor-widget-wrap elementor-element-populated\">\n\t\t\t\t\t\t<div class=\"elementor-element elementor-element-5118399 elementor-widget elementor-widget-heading\" data-id=\"5118399\" data-element_type=\"widget\" data-e-type=\"widget\" data-widget_type=\"heading.default\">\n\t\t\t\t<div class=\"elementor-widget-container\">\n\t\t\t\t\t<h2 class=\"elementor-heading-title elementor-size-default\">Menu r\u00e1pido<\/h2>\t\t\t\t<\/div>\n\t\t\t\t<\/div>\n\t\t\t\t\t<\/div>\n\t\t<\/div>\n\t\t\t\t<div class=\"elementor-column elementor-col-50 elementor-inner-column elementor-element elementor-element-cd176c3\" data-id=\"cd176c3\" data-element_type=\"column\" data-e-type=\"column\">\n\t\t\t<div class=\"elementor-widget-wrap elementor-element-populated\">\n\t\t\t\t\t\t<div class=\"elementor-element elementor-element-aeafe46 elementor-widget elementor-widget-global elementor-global-21857 elementor-widget-pp-advanced-menu\" data-id=\"aeafe46\" data-element_type=\"widget\" data-e-type=\"widget\" data-settings=\"{&quot;menu_type&quot;:&quot;off-canvas&quot;,&quot;onepage_menu&quot;:&quot;yes&quot;,&quot;layout&quot;:&quot;horizontal&quot;,&quot;show_submenu_on&quot;:&quot;hover&quot;,&quot;submenu_icon&quot;:{&quot;value&quot;:&quot;fas fa-caret-down&quot;,&quot;library&quot;:&quot;fa-solid&quot;},&quot;toggle&quot;:&quot;icon&quot;,&quot;toggle_icon_type&quot;:&quot;hamburger&quot;,&quot;show_responsive_submenu_on&quot;:&quot;icon&quot;}\" data-widget_type=\"pp-advanced-menu.default\">\n\t\t\t\t<div class=\"elementor-widget-container\">\n\t\t\t\t\t\n\t\t\t\t<div class=\"pp-advanced-menu-main-wrapper pp-advanced-menu__align-center pp-advanced-menu--dropdown-tablet pp-advanced-menu--type-off-canvas pp-advanced-menu__text-align- pp-advanced-menu--toggle pp-advanced-menu--icon\">\n\t\t\t\t\t\t\t\t<nav id=\"pp-menu-aeafe46\" class=\"pp-advanced-menu--main pp-advanced-menu__container pp-advanced-menu--layout-horizontal pp--pointer-background e--animation-fade\" aria-label=\"IV ICoMiR\" data-settings=\"{&quot;menu_id&quot;:&quot;aeafe46&quot;,&quot;breakpoint&quot;:&quot;tablet&quot;,&quot;full_width&quot;:false}\"><ul id=\"menu-iv-icomir-2\" class=\"pp-advanced-menu\"><li class=\"menu-item menu-item-type-post_type menu-item-object-page menu-item-27018\"><a href=\"https:\/\/www.csem.org.br\/it\/csem-eventos\/iv-icomir\/\" class=\"pp-menu-item\">IV ICoMiR<\/a><\/li>\n<\/ul><\/nav>\n\t\t\t\t\t\t\t\t\t\t\t\t\t\t\t<div class=\"pp-menu-toggle pp-menu-toggle-on-tablet\">\n\t\t\t\t\t\t\t\t\t\t\t<div class=\"pp-hamburger\">\n\t\t\t\t\t\t\t<div class=\"pp-hamburger-box\">\n\t\t\t\t\t\t\t\t\t\t\t\t\t\t\t\t\t<div class=\"pp-hamburger-inner\"><\/div>\n\t\t\t\t\t\t\t\t\t\t\t\t\t\t\t<\/div>\n\t\t\t\t\t\t<\/div>\n\t\t\t\t\t\t\t\t\t\t\t\t\t\t<\/div>\n\t\t\t\t\t\t\t\t\t\t\t\t<nav class=\"pp-advanced-menu--dropdown pp-menu-style-toggle pp-advanced-menu__container pp-menu-aeafe46 pp-menu-off-canvas pp-menu-off-canvas-left\" data-settings=\"{&quot;menu_id&quot;:&quot;aeafe46&quot;,&quot;breakpoint&quot;:&quot;tablet&quot;,&quot;full_width&quot;:false}\">\n\t\t\t\t\t\t\t\t\t<div class=\"pp-menu-close-wrap\">\n\t\t\t\t\t\t<div class=\"pp-menu-close\"><\/div>\n\t\t\t\t\t<\/div>\n\t\t\t\t\t\t\t\t\t\t\t\t<ul id=\"menu-iv-icomir-3\" class=\"pp-advanced-menu\"><li class=\"menu-item menu-item-type-post_type menu-item-object-page menu-item-27018\"><a href=\"https:\/\/www.csem.org.br\/it\/csem-eventos\/iv-icomir\/\" class=\"pp-menu-item\">IV ICoMiR<\/a><\/li>\n<\/ul>\t\t\t\t\t\t\t<\/nav>\n\t\t\t\t\t\t\t<\/div>\n\t\t\t\t\t\t\t\t<\/div>\n\t\t\t\t<\/div>\n\t\t\t\t\t<\/div>\n\t\t<\/div>\n\t\t\t\t\t<\/div>\n\t\t<\/section>\n\t\t\t\t<div class=\"elementor-element elementor-element-3e0712d elementor-widget elementor-widget-heading\" data-id=\"3e0712d\" data-element_type=\"widget\" data-e-type=\"widget\" data-widget_type=\"heading.default\">\n\t\t\t\t<div class=\"elementor-widget-container\">\n\t\t\t\t\t<h3 class=\"elementor-heading-title elementor-size-default\">N\u00daCLEO DURO<\/h3>\t\t\t\t<\/div>\n\t\t\t\t<\/div>\n\t\t\t\t<div class=\"elementor-element elementor-element-3099a9d elementor-widget elementor-widget-text-editor\" data-id=\"3099a9d\" data-element_type=\"widget\" data-e-type=\"widget\" data-widget_type=\"text-editor.default\">\n\t\t\t\t<div class=\"elementor-widget-container\">\n\t\t\t\t\t\t\t\t\t<p>O Centro Scalabriniano de Estudos Migrat\u00f3rios definiu o Protagonismo dos(as) migrantes e refugiados(as) como N\u00facleo duro para seu Programa de Pesquisas, sendo este o princ\u00edpio condutor tem\u00e1tico e metodol\u00f3gico para a elabora\u00e7\u00e3o e a execu\u00e7\u00e3o de Pesquisas e estudos.<\/p><p>A ado\u00e7\u00e3o de um N\u00facleo duro contribui para uma maior especificidade e favorece o rigor e a qualidade dos processos e dos resultados que o CSEM se prop\u00f5e alcan\u00e7ar, perante o grande leque de possibilidades que os estudos migrat\u00f3rios contemplam, al\u00e9m de pressupor uma continuidade no tempo e no estudo de um tema de interesse.<\/p><p>Est\u00e1 ancorado na promo\u00e7\u00e3o e defesa da vida e da dignidade humana dos sujeitos em situa\u00e7\u00e3o de mobilidade, sua capacidade de resili\u00eancia, de resist\u00eancia e de incid\u00eancia, em n\u00edvel micro e macroestrutural. Compreende tamb\u00e9m a <em>agency<\/em> dos sujeitos, sua capacidade e potencialidade de atuar, incidir e transformar os fatos e os significados, interpretar desafios e tomar decis\u00f5es para si e para os seus e participar dos processos das sociedades nas quais passa a fazer parte.<\/p><p>A ado\u00e7\u00e3o do N\u00facleo duro pelo Protagonismo dos(as) migrantes e refugiados(as) segue conceitual e estrategicamente a op\u00e7\u00e3o institucional que rege o CSEM, que \u00e9 o Carisma da congrega\u00e7\u00e3o das Irm\u00e3s Mission\u00e1rias Scalabrinianas (MSCS), que tem nos migrantes e refugiados, especialmente os que passam por situa\u00e7\u00e3o de vulnerabilidade, seu foco de a\u00e7\u00e3o e interesse.<\/p><p>Acesse abaixo a \u00edntegra do documento nas seguintes l\u00ednguas:<\/p>\t\t\t\t\t\t\t\t<\/div>\n\t\t\t\t<\/div>\n\t\t\t\t<div class=\"elementor-element elementor-element-d57bc10 elementor-widget__width-auto elementor-widget elementor-widget-button\" data-id=\"d57bc10\" data-element_type=\"widget\" data-e-type=\"widget\" data-widget_type=\"button.default\">\n\t\t\t\t<div class=\"elementor-widget-container\">\n\t\t\t\t\t\t\t\t\t<div class=\"elementor-button-wrapper\">\n\t\t\t\t\t<a class=\"elementor-button elementor-button-link elementor-size-sm\" href=\"https:\/\/www.csem.org.br\/wp-content\/uploads\/2023\/07\/pt-nucleo-Duro-de-Estudos-e-Pesquisas-do-CSEM.pdf\" target=\"_blank\">\n\t\t\t\t\t\t<span class=\"elementor-button-content-wrapper\">\n\t\t\t\t\t\t\t\t\t<span class=\"elementor-button-text\">PT<\/span>\n\t\t\t\t\t<\/span>\n\t\t\t\t\t<\/a>\n\t\t\t\t<\/div>\n\t\t\t\t\t\t\t\t<\/div>\n\t\t\t\t<\/div>\n\t\t\t\t<div class=\"elementor-element elementor-element-78d4098 elementor-widget__width-auto elementor-widget elementor-widget-button\" data-id=\"78d4098\" data-element_type=\"widget\" data-e-type=\"widget\" data-widget_type=\"button.default\">\n\t\t\t\t<div class=\"elementor-widget-container\">\n\t\t\t\t\t\t\t\t\t<div class=\"elementor-button-wrapper\">\n\t\t\t\t\t<a class=\"elementor-button elementor-button-link elementor-size-sm\" href=\"https:\/\/www.csem.org.br\/wp-content\/uploads\/2023\/07\/en-nucleo-Duro-de-Estudos-e-Pesquisas-do-CSEM.pdf\" target=\"_blank\">\n\t\t\t\t\t\t<span class=\"elementor-button-content-wrapper\">\n\t\t\t\t\t\t\t\t\t<span class=\"elementor-button-text\">EN<\/span>\n\t\t\t\t\t<\/span>\n\t\t\t\t\t<\/a>\n\t\t\t\t<\/div>\n\t\t\t\t\t\t\t\t<\/div>\n\t\t\t\t<\/div>\n\t\t\t\t<div class=\"elementor-element elementor-element-e521706 elementor-widget__width-auto elementor-widget elementor-widget-button\" data-id=\"e521706\" data-element_type=\"widget\" data-e-type=\"widget\" data-widget_type=\"button.default\">\n\t\t\t\t<div class=\"elementor-widget-container\">\n\t\t\t\t\t\t\t\t\t<div class=\"elementor-button-wrapper\">\n\t\t\t\t\t<a class=\"elementor-button elementor-button-link elementor-size-sm\" href=\"https:\/\/www.csem.org.br\/wp-content\/uploads\/2023\/07\/es-nucleo-Duro-de-Estudos-e-Pesquisas-do-CSEM.pdf\" target=\"_blank\">\n\t\t\t\t\t\t<span class=\"elementor-button-content-wrapper\">\n\t\t\t\t\t\t\t\t\t<span class=\"elementor-button-text\">ES<\/span>\n\t\t\t\t\t<\/span>\n\t\t\t\t\t<\/a>\n\t\t\t\t<\/div>\n\t\t\t\t\t\t\t\t<\/div>\n\t\t\t\t<\/div>\n\t\t\t\t<div class=\"elementor-element elementor-element-f52f44d elementor-widget__width-auto elementor-widget elementor-widget-button\" data-id=\"f52f44d\" data-element_type=\"widget\" data-e-type=\"widget\" data-widget_type=\"button.default\">\n\t\t\t\t<div class=\"elementor-widget-container\">\n\t\t\t\t\t\t\t\t\t<div class=\"elementor-button-wrapper\">\n\t\t\t\t\t<a class=\"elementor-button elementor-button-link elementor-size-sm\" href=\"https:\/\/www.csem.org.br\/wp-content\/uploads\/2023\/07\/it-nucleo-Duro-de-Estudos-e-Pesquisas-do-CSEM.pdf\" target=\"_blank\">\n\t\t\t\t\t\t<span class=\"elementor-button-content-wrapper\">\n\t\t\t\t\t\t\t\t\t<span class=\"elementor-button-text\">IT<\/span>\n\t\t\t\t\t<\/span>\n\t\t\t\t\t<\/a>\n\t\t\t\t<\/div>\n\t\t\t\t\t\t\t\t<\/div>\n\t\t\t\t<\/div>\n\t\t\t\t\t<\/div>\n\t\t<\/div>\n\t\t\t\t\t<\/div>\n\t\t<\/section>\n\t\t\t\t<\/div>\n\t\t","protected":false},"excerpt":{"rendered":"<p>Menu r\u00e1pido N\u00daCLEO DURO O Centro Scalabriniano de Estudos Migrat\u00f3rios definiu o Protagonismo dos(as) migrantes e refugiados(as) como N\u00facleo duro para seu Programa de Pesquisas, sendo este o princ\u00edpio condutor tem\u00e1tico e metodol\u00f3gico para a elabora\u00e7\u00e3o e a execu\u00e7\u00e3o de Pesquisas e estudos. A ado\u00e7\u00e3o de um N\u00facleo duro contribui para uma maior especificidade e [&hellip;]<\/p>\n","protected":false},"author":2,"featured_media":0,"parent":0,"menu_order":0,"comment_status":"closed","ping_status":"closed","template":"","meta":{"_acf_changed":false,"footnotes":""},"class_list":["post-782","page","type-page","status-publish","hentry"],"acf":[],"_links":{"self":[{"href":"https:\/\/www.csem.org.br\/it\/wp-json\/wp\/v2\/pages\/782","targetHints":{"allow":["GET"]}}],"collection":[{"href":"https:\/\/www.csem.org.br\/it\/wp-json\/wp\/v2\/pages"}],"about":[{"href":"https:\/\/www.csem.org.br\/it\/wp-json\/wp\/v2\/types\/page"}],"author":[{"embeddable":true,"href":"https:\/\/www.csem.org.br\/it\/wp-json\/wp\/v2\/users\/2"}],"replies":[{"embeddable":true,"href":"https:\/\/www.csem.org.br\/it\/wp-json\/wp\/v2\/comments?post=782"}],"version-history":[{"count":0,"href":"https:\/\/www.csem.org.br\/it\/wp-json\/wp\/v2\/pages\/782\/revisions"}],"wp:attachment":[{"href":"https:\/\/www.csem.org.br\/it\/wp-json\/wp\/v2\/media?parent=782"}],"curies":[{"name":"wp","href":"https:\/\/api.w.org\/{rel}","templated":true}]}}