{"id":656,"date":"2018-06-29T12:02:09","date_gmt":"2018-06-29T15:02:09","guid":{"rendered":"https:\/\/csem.org.br\/?page_id=656"},"modified":"2023-08-08T09:31:22","modified_gmt":"2023-08-08T12:31:22","slug":"congregacao","status":"publish","type":"page","link":"https:\/\/www.csem.org.br\/it\/congregacao\/","title":{"rendered":"Congregazione"},"content":{"rendered":"\t\t<div data-elementor-type=\"wp-page\" data-elementor-id=\"656\" class=\"elementor elementor-656\" data-elementor-post-type=\"page\">\n\t\t\t\t\t\t<section class=\"elementor-section elementor-top-section elementor-element elementor-element-515d934 elementor-section-full_width elementor-section-content-middle elementor-section-height-default elementor-section-height-default\" data-id=\"515d934\" data-element_type=\"section\" data-e-type=\"section\">\n\t\t\t\t\t\t<div class=\"elementor-container elementor-column-gap-no\">\n\t\t\t\t\t<div class=\"elementor-column elementor-col-100 elementor-top-column elementor-element elementor-element-e0cf3c6\" data-id=\"e0cf3c6\" data-element_type=\"column\" data-e-type=\"column\">\n\t\t\t<div class=\"elementor-widget-wrap elementor-element-populated\">\n\t\t\t\t\t\t<div class=\"elementor-element elementor-element-eaa296b elementor-widget elementor-widget-template\" data-id=\"eaa296b\" data-element_type=\"widget\" data-e-type=\"widget\" data-widget_type=\"template.default\">\n\t\t\t\t<div class=\"elementor-widget-container\">\n\t\t\t\t\t\t\t<div class=\"elementor-template\">\n\t\t\t\t\t<div data-elementor-type=\"section\" data-elementor-id=\"19749\" class=\"elementor elementor-19749\" data-elementor-post-type=\"elementor_library\">\n\t\t\t\t\t<section class=\"elementor-section elementor-top-section elementor-element elementor-element-15b34725 elementor-section-boxed elementor-section-height-default elementor-section-height-default\" data-id=\"15b34725\" data-element_type=\"section\" data-e-type=\"section\" data-settings=\"{&quot;background_background&quot;:&quot;classic&quot;}\">\n\t\t\t\t\t\t<div class=\"elementor-container elementor-column-gap-default\">\n\t\t\t\t\t<div class=\"elementor-column elementor-col-100 elementor-top-column elementor-element elementor-element-3622abe\" data-id=\"3622abe\" data-element_type=\"column\" data-e-type=\"column\">\n\t\t\t<div class=\"elementor-widget-wrap elementor-element-populated\">\n\t\t\t\t\t\t<section class=\"elementor-section elementor-inner-section elementor-element elementor-element-17cf0bf5 elementor-section-boxed elementor-section-height-default elementor-section-height-default\" data-id=\"17cf0bf5\" data-element_type=\"section\" data-e-type=\"section\">\n\t\t\t\t\t\t<div class=\"elementor-container elementor-column-gap-no\">\n\t\t\t\t\t<div class=\"elementor-column elementor-col-50 elementor-inner-column elementor-element elementor-element-295ae005\" data-id=\"295ae005\" data-element_type=\"column\" data-e-type=\"column\">\n\t\t\t<div class=\"elementor-widget-wrap elementor-element-populated\">\n\t\t\t\t\t\t<div class=\"elementor-element elementor-element-ec1d722 elementor-widget elementor-widget-pp-breadcrumbs\" data-id=\"ec1d722\" data-element_type=\"widget\" data-e-type=\"widget\" data-settings=\"{&quot;breadcrumbs_type&quot;:&quot;powerpack&quot;}\" data-widget_type=\"pp-breadcrumbs.default\">\n\t\t\t\t<div class=\"elementor-widget-container\">\n\t\t\t\t\t<ul class=\"pp-breadcrumbs pp-breadcrumbs-powerpack\">\t\t<li class=\"pp-breadcrumbs-item pp-breadcrumbs-item-home\">\n\t\t\t<a class=\"pp-breadcrumbs-crumb pp-breadcrumbs-crumb-link pp-breadcrumbs-crumb-home\" href=\"https:\/\/www.csem.org.br\/it\" title=\"In\u00edcio \">\n\t\t\t\t<span class=\"pp-breadcrumbs-text\">\n\t\t\t\t\t\t\t\t\t\t\t<span class=\"pp-icon\">\n\t\t\t\t\t\t\t<i aria-hidden=\"true\" class=\"far fa-folder-open\"><\/i>\t\t\t\t\t\t<\/span>\n\t\t\t\t\t\t\t\t\t\tIn\u00edcio \t\t\t\t<\/span>\n\t\t\t<\/a>\n\t\t<\/li>\n\t\t<li class=\"pp-breadcrumbs-separator\">\t\t\t\t<span class='pp-separator-icon pp-icon'>\n\t\t\t\t\t<i aria-hidden=\"true\" class=\"fas fa-angle-double-right\"><\/i>\t\t\t\t<\/span>\n\t\t\t\t<\/li><\/ul>\t\t\t\t<\/div>\n\t\t\t\t<\/div>\n\t\t\t\t\t<\/div>\n\t\t<\/div>\n\t\t\t\t<div class=\"elementor-column elementor-col-50 elementor-inner-column elementor-element elementor-element-17b588ad elementor-hidden-tablet elementor-hidden-mobile\" data-id=\"17b588ad\" data-element_type=\"column\" data-e-type=\"column\">\n\t\t\t<div class=\"elementor-widget-wrap elementor-element-populated\">\n\t\t\t\t\t\t<div class=\"elementor-element elementor-element-12039253 elementor-share-buttons--view-icon elementor-share-buttons--skin-flat elementor-share-buttons--shape-circle elementor-grid-3 elementor-hidden-tablet elementor-hidden-mobile elementor-share-buttons--color-official elementor-widget elementor-widget-share-buttons\" data-id=\"12039253\" data-element_type=\"widget\" data-e-type=\"widget\" data-widget_type=\"share-buttons.default\">\n\t\t\t\t<div class=\"elementor-widget-container\">\n\t\t\t\t\t\t\t<div class=\"elementor-grid\" role=\"list\">\n\t\t\t\t\t\t\t\t<div class=\"elementor-grid-item\" role=\"listitem\">\n\t\t\t\t\t\t<div class=\"elementor-share-btn elementor-share-btn_whatsapp\" role=\"button\" tabindex=\"0\" aria-label=\"Compartilhar no whatsapp\">\n\t\t\t\t\t\t\t\t\t\t\t\t\t\t\t<span class=\"elementor-share-btn__icon\">\n\t\t\t\t\t\t\t\t<i class=\"fab fa-whatsapp\" aria-hidden=\"true\"><\/i>\t\t\t\t\t\t\t<\/span>\n\t\t\t\t\t\t\t\t\t\t\t\t\t\t\t\t\t\t\t\t<\/div>\n\t\t\t\t\t<\/div>\n\t\t\t\t\t\t\t\t\t<div class=\"elementor-grid-item\" role=\"listitem\">\n\t\t\t\t\t\t<div class=\"elementor-share-btn elementor-share-btn_email\" role=\"button\" tabindex=\"0\" aria-label=\"Compartilhar no email\">\n\t\t\t\t\t\t\t\t\t\t\t\t\t\t\t<span class=\"elementor-share-btn__icon\">\n\t\t\t\t\t\t\t\t<i class=\"fas fa-envelope\" aria-hidden=\"true\"><\/i>\t\t\t\t\t\t\t<\/span>\n\t\t\t\t\t\t\t\t\t\t\t\t\t\t\t\t\t\t\t\t<\/div>\n\t\t\t\t\t<\/div>\n\t\t\t\t\t\t\t\t\t<div class=\"elementor-grid-item\" role=\"listitem\">\n\t\t\t\t\t\t<div class=\"elementor-share-btn elementor-share-btn_print\" role=\"button\" tabindex=\"0\" aria-label=\"Compartilhar no print\">\n\t\t\t\t\t\t\t\t\t\t\t\t\t\t\t<span class=\"elementor-share-btn__icon\">\n\t\t\t\t\t\t\t\t<i class=\"fas fa-print\" aria-hidden=\"true\"><\/i>\t\t\t\t\t\t\t<\/span>\n\t\t\t\t\t\t\t\t\t\t\t\t\t\t\t\t\t\t\t\t<\/div>\n\t\t\t\t\t<\/div>\n\t\t\t\t\t\t<\/div>\n\t\t\t\t\t\t<\/div>\n\t\t\t\t<\/div>\n\t\t\t\t\t<\/div>\n\t\t<\/div>\n\t\t\t\t\t<\/div>\n\t\t<\/section>\n\t\t\t\t\t<\/div>\n\t\t<\/div>\n\t\t\t\t\t<\/div>\n\t\t<\/section>\n\t\t\t\t<\/div>\n\t\t\t\t<\/div>\n\t\t\t\t\t\t<\/div>\n\t\t\t\t<\/div>\n\t\t\t\t\t<\/div>\n\t\t<\/div>\n\t\t\t\t\t<\/div>\n\t\t<\/section>\n\t\t\t\t<section class=\"elementor-section elementor-top-section elementor-element elementor-element-5c05fc6e elementor-section-boxed elementor-section-height-default elementor-section-height-default\" data-id=\"5c05fc6e\" data-element_type=\"section\" data-e-type=\"section\">\n\t\t\t\t\t\t<div class=\"elementor-container elementor-column-gap-default\">\n\t\t\t\t\t<div class=\"elementor-column elementor-col-100 elementor-top-column elementor-element elementor-element-2e9d042c\" data-id=\"2e9d042c\" data-element_type=\"column\" data-e-type=\"column\">\n\t\t\t<div class=\"elementor-widget-wrap elementor-element-populated\">\n\t\t\t\t\t\t<section class=\"elementor-section elementor-inner-section elementor-element elementor-element-589719d elementor-hidden-mobile elementor-section-boxed elementor-section-height-default elementor-section-height-default\" data-id=\"589719d\" data-element_type=\"section\" data-e-type=\"section\" data-settings=\"{&quot;sticky&quot;:&quot;top&quot;,&quot;sticky_on&quot;:[&quot;desktop&quot;,&quot;tablet&quot;,&quot;mobile&quot;],&quot;sticky_offset&quot;:0,&quot;sticky_effects_offset&quot;:0,&quot;sticky_anchor_link_offset&quot;:0}\">\n\t\t\t\t\t\t<div class=\"elementor-container elementor-column-gap-default\">\n\t\t\t\t\t<div class=\"elementor-column elementor-col-100 elementor-inner-column elementor-element elementor-element-72e71dc\" data-id=\"72e71dc\" data-element_type=\"column\" data-e-type=\"column\">\n\t\t\t<div class=\"elementor-widget-wrap elementor-element-populated\">\n\t\t\t\t\t\t<div class=\"elementor-element elementor-element-84befb5 elementor-widget elementor-widget-global elementor-global-21035 elementor-widget-pp-advanced-menu\" data-id=\"84befb5\" data-element_type=\"widget\" data-e-type=\"widget\" data-settings=\"{&quot;menu_type&quot;:&quot;off-canvas&quot;,&quot;onepage_menu&quot;:&quot;yes&quot;,&quot;layout&quot;:&quot;horizontal&quot;,&quot;show_submenu_on&quot;:&quot;hover&quot;,&quot;submenu_icon&quot;:{&quot;value&quot;:&quot;fas fa-caret-down&quot;,&quot;library&quot;:&quot;fa-solid&quot;},&quot;toggle&quot;:&quot;icon&quot;,&quot;toggle_icon_type&quot;:&quot;hamburger&quot;,&quot;show_responsive_submenu_on&quot;:&quot;icon&quot;}\" data-widget_type=\"pp-advanced-menu.default\">\n\t\t\t\t<div class=\"elementor-widget-container\">\n\t\t\t\t\t\n\t\t\t\t<div class=\"pp-advanced-menu-main-wrapper pp-advanced-menu__align-center pp-advanced-menu--dropdown-tablet pp-advanced-menu--type-off-canvas pp-advanced-menu__text-align- pp-advanced-menu--toggle pp-advanced-menu--icon\">\n\t\t\t\t\t\t\t\t<nav id=\"pp-menu-84befb5\" class=\"pp-advanced-menu--main pp-advanced-menu__container pp-advanced-menu--layout-horizontal pp--pointer-background e--animation-fade\" aria-label=\"Quem Somos\" data-settings=\"{&quot;menu_id&quot;:&quot;84befb5&quot;,&quot;breakpoint&quot;:&quot;tablet&quot;,&quot;full_width&quot;:false}\"><ul id=\"menu-quem-somos\" class=\"pp-advanced-menu\"><li class=\"menu-item menu-item-type-post_type menu-item-object-page menu-item-21029\"><a href=\"https:\/\/www.csem.org.br\/it\/institucional\/\" class=\"pp-menu-item\">Institucional<\/a><\/li>\n<li class=\"menu-item menu-item-type-post_type menu-item-object-page menu-item-21028\"><a href=\"https:\/\/www.csem.org.br\/it\/equipe\/\" class=\"pp-menu-item\">Equipe<\/a><\/li>\n<li class=\"menu-item menu-item-type-post_type menu-item-object-page menu-item-21027\"><a href=\"https:\/\/www.csem.org.br\/it\/editora\/\" class=\"pp-menu-item\">Editora<\/a><\/li>\n<li class=\"menu-item menu-item-type-post_type menu-item-object-page menu-item-21030\"><a href=\"https:\/\/www.csem.org.br\/it\/relatorios-anuais\/\" class=\"pp-menu-item\">Relat\u00f3rios Anuais<\/a><\/li>\n<li class=\"menu-item menu-item-type-post_type menu-item-object-page menu-item-21031\"><a href=\"https:\/\/www.csem.org.br\/it\/parceiros\/\" class=\"pp-menu-item\">Parceiros<\/a><\/li>\n<li class=\"menu-item menu-item-type-post_type menu-item-object-page menu-item-21026\"><a href=\"https:\/\/www.csem.org.br\/it\/congregacao\/\" class=\"pp-menu-item\">Congrega\u00e7\u00e3o<\/a><\/li>\n<\/ul><\/nav>\n\t\t\t\t\t\t\t\t\t\t\t\t\t\t\t<div class=\"pp-menu-toggle pp-menu-toggle-on-tablet\">\n\t\t\t\t\t\t\t\t\t\t\t<div class=\"pp-hamburger\">\n\t\t\t\t\t\t\t<div class=\"pp-hamburger-box\">\n\t\t\t\t\t\t\t\t\t\t\t\t\t\t\t\t\t<div class=\"pp-hamburger-inner\"><\/div>\n\t\t\t\t\t\t\t\t\t\t\t\t\t\t\t<\/div>\n\t\t\t\t\t\t<\/div>\n\t\t\t\t\t\t\t\t\t\t\t\t\t\t<\/div>\n\t\t\t\t\t\t\t\t\t\t\t\t<nav class=\"pp-advanced-menu--dropdown pp-menu-style-toggle pp-advanced-menu__container pp-menu-84befb5 pp-menu-off-canvas pp-menu-off-canvas-left\" data-settings=\"{&quot;menu_id&quot;:&quot;84befb5&quot;,&quot;breakpoint&quot;:&quot;tablet&quot;,&quot;full_width&quot;:false}\">\n\t\t\t\t\t\t\t\t\t<div class=\"pp-menu-close-wrap\">\n\t\t\t\t\t\t<div class=\"pp-menu-close\"><\/div>\n\t\t\t\t\t<\/div>\n\t\t\t\t\t\t\t\t\t\t\t\t<ul id=\"menu-quem-somos-1\" class=\"pp-advanced-menu\"><li class=\"menu-item menu-item-type-post_type menu-item-object-page menu-item-21029\"><a href=\"https:\/\/www.csem.org.br\/it\/institucional\/\" class=\"pp-menu-item\">Institucional<\/a><\/li>\n<li class=\"menu-item menu-item-type-post_type menu-item-object-page menu-item-21028\"><a href=\"https:\/\/www.csem.org.br\/it\/equipe\/\" class=\"pp-menu-item\">Equipe<\/a><\/li>\n<li class=\"menu-item menu-item-type-post_type menu-item-object-page menu-item-21027\"><a href=\"https:\/\/www.csem.org.br\/it\/editora\/\" class=\"pp-menu-item\">Editora<\/a><\/li>\n<li class=\"menu-item menu-item-type-post_type menu-item-object-page menu-item-21030\"><a href=\"https:\/\/www.csem.org.br\/it\/relatorios-anuais\/\" class=\"pp-menu-item\">Relat\u00f3rios Anuais<\/a><\/li>\n<li class=\"menu-item menu-item-type-post_type menu-item-object-page menu-item-21031\"><a href=\"https:\/\/www.csem.org.br\/it\/parceiros\/\" class=\"pp-menu-item\">Parceiros<\/a><\/li>\n<li class=\"menu-item menu-item-type-post_type menu-item-object-page menu-item-21026\"><a href=\"https:\/\/www.csem.org.br\/it\/congregacao\/\" class=\"pp-menu-item\">Congrega\u00e7\u00e3o<\/a><\/li>\n<\/ul>\t\t\t\t\t\t\t<\/nav>\n\t\t\t\t\t\t\t<\/div>\n\t\t\t\t\t\t\t\t<\/div>\n\t\t\t\t<\/div>\n\t\t\t\t\t<\/div>\n\t\t<\/div>\n\t\t\t\t\t<\/div>\n\t\t<\/section>\n\t\t\t\t<section class=\"elementor-section elementor-inner-section elementor-element elementor-element-e128a54 elementor-hidden-desktop elementor-hidden-tablet elementor-section-boxed elementor-section-height-default elementor-section-height-default\" data-id=\"e128a54\" data-element_type=\"section\" data-e-type=\"section\" data-settings=\"{&quot;sticky&quot;:&quot;top&quot;,&quot;background_background&quot;:&quot;classic&quot;,&quot;sticky_offset_mobile&quot;:5,&quot;sticky_on&quot;:[&quot;desktop&quot;,&quot;tablet&quot;,&quot;mobile&quot;],&quot;sticky_offset&quot;:0,&quot;sticky_effects_offset&quot;:0,&quot;sticky_anchor_link_offset&quot;:0}\">\n\t\t\t\t\t\t<div class=\"elementor-container elementor-column-gap-default\">\n\t\t\t\t\t<div class=\"elementor-column elementor-col-50 elementor-inner-column elementor-element elementor-element-b8ef773\" data-id=\"b8ef773\" data-element_type=\"column\" data-e-type=\"column\">\n\t\t\t<div class=\"elementor-widget-wrap elementor-element-populated\">\n\t\t\t\t\t\t<div class=\"elementor-element elementor-element-8e7c03a elementor-widget elementor-widget-heading\" data-id=\"8e7c03a\" data-element_type=\"widget\" data-e-type=\"widget\" data-widget_type=\"heading.default\">\n\t\t\t\t<div class=\"elementor-widget-container\">\n\t\t\t\t\t<h2 class=\"elementor-heading-title elementor-size-default\">Menu r\u00e1pido<\/h2>\t\t\t\t<\/div>\n\t\t\t\t<\/div>\n\t\t\t\t\t<\/div>\n\t\t<\/div>\n\t\t\t\t<div class=\"elementor-column elementor-col-50 elementor-inner-column elementor-element elementor-element-fc14379\" data-id=\"fc14379\" data-element_type=\"column\" data-e-type=\"column\">\n\t\t\t<div class=\"elementor-widget-wrap elementor-element-populated\">\n\t\t\t\t\t\t<div class=\"elementor-element elementor-element-c9d8882 elementor-widget elementor-widget-global elementor-global-21035 elementor-widget-pp-advanced-menu\" data-id=\"c9d8882\" data-element_type=\"widget\" data-e-type=\"widget\" data-settings=\"{&quot;menu_type&quot;:&quot;off-canvas&quot;,&quot;onepage_menu&quot;:&quot;yes&quot;,&quot;layout&quot;:&quot;horizontal&quot;,&quot;show_submenu_on&quot;:&quot;hover&quot;,&quot;submenu_icon&quot;:{&quot;value&quot;:&quot;fas fa-caret-down&quot;,&quot;library&quot;:&quot;fa-solid&quot;},&quot;toggle&quot;:&quot;icon&quot;,&quot;toggle_icon_type&quot;:&quot;hamburger&quot;,&quot;show_responsive_submenu_on&quot;:&quot;icon&quot;}\" data-widget_type=\"pp-advanced-menu.default\">\n\t\t\t\t<div class=\"elementor-widget-container\">\n\t\t\t\t\t\n\t\t\t\t<div class=\"pp-advanced-menu-main-wrapper pp-advanced-menu__align-center pp-advanced-menu--dropdown-tablet pp-advanced-menu--type-off-canvas pp-advanced-menu__text-align- pp-advanced-menu--toggle pp-advanced-menu--icon\">\n\t\t\t\t\t\t\t\t<nav id=\"pp-menu-c9d8882\" class=\"pp-advanced-menu--main pp-advanced-menu__container pp-advanced-menu--layout-horizontal pp--pointer-background e--animation-fade\" aria-label=\"Quem Somos\" data-settings=\"{&quot;menu_id&quot;:&quot;c9d8882&quot;,&quot;breakpoint&quot;:&quot;tablet&quot;,&quot;full_width&quot;:false}\"><ul id=\"menu-quem-somos-2\" class=\"pp-advanced-menu\"><li class=\"menu-item menu-item-type-post_type menu-item-object-page menu-item-21029\"><a href=\"https:\/\/www.csem.org.br\/it\/institucional\/\" class=\"pp-menu-item\">Institucional<\/a><\/li>\n<li class=\"menu-item menu-item-type-post_type menu-item-object-page menu-item-21028\"><a href=\"https:\/\/www.csem.org.br\/it\/equipe\/\" class=\"pp-menu-item\">Equipe<\/a><\/li>\n<li class=\"menu-item menu-item-type-post_type menu-item-object-page menu-item-21027\"><a href=\"https:\/\/www.csem.org.br\/it\/editora\/\" class=\"pp-menu-item\">Editora<\/a><\/li>\n<li class=\"menu-item menu-item-type-post_type menu-item-object-page menu-item-21030\"><a href=\"https:\/\/www.csem.org.br\/it\/relatorios-anuais\/\" class=\"pp-menu-item\">Relat\u00f3rios Anuais<\/a><\/li>\n<li class=\"menu-item menu-item-type-post_type menu-item-object-page menu-item-21031\"><a href=\"https:\/\/www.csem.org.br\/it\/parceiros\/\" class=\"pp-menu-item\">Parceiros<\/a><\/li>\n<li class=\"menu-item menu-item-type-post_type menu-item-object-page menu-item-21026\"><a href=\"https:\/\/www.csem.org.br\/it\/congregacao\/\" class=\"pp-menu-item\">Congrega\u00e7\u00e3o<\/a><\/li>\n<\/ul><\/nav>\n\t\t\t\t\t\t\t\t\t\t\t\t\t\t\t<div class=\"pp-menu-toggle pp-menu-toggle-on-tablet\">\n\t\t\t\t\t\t\t\t\t\t\t<div class=\"pp-hamburger\">\n\t\t\t\t\t\t\t<div class=\"pp-hamburger-box\">\n\t\t\t\t\t\t\t\t\t\t\t\t\t\t\t\t\t<div class=\"pp-hamburger-inner\"><\/div>\n\t\t\t\t\t\t\t\t\t\t\t\t\t\t\t<\/div>\n\t\t\t\t\t\t<\/div>\n\t\t\t\t\t\t\t\t\t\t\t\t\t\t<\/div>\n\t\t\t\t\t\t\t\t\t\t\t\t<nav class=\"pp-advanced-menu--dropdown pp-menu-style-toggle pp-advanced-menu__container pp-menu-c9d8882 pp-menu-off-canvas pp-menu-off-canvas-left\" data-settings=\"{&quot;menu_id&quot;:&quot;c9d8882&quot;,&quot;breakpoint&quot;:&quot;tablet&quot;,&quot;full_width&quot;:false}\">\n\t\t\t\t\t\t\t\t\t<div class=\"pp-menu-close-wrap\">\n\t\t\t\t\t\t<div class=\"pp-menu-close\"><\/div>\n\t\t\t\t\t<\/div>\n\t\t\t\t\t\t\t\t\t\t\t\t<ul id=\"menu-quem-somos-3\" class=\"pp-advanced-menu\"><li class=\"menu-item menu-item-type-post_type menu-item-object-page menu-item-21029\"><a href=\"https:\/\/www.csem.org.br\/it\/institucional\/\" class=\"pp-menu-item\">Institucional<\/a><\/li>\n<li class=\"menu-item menu-item-type-post_type menu-item-object-page menu-item-21028\"><a href=\"https:\/\/www.csem.org.br\/it\/equipe\/\" class=\"pp-menu-item\">Equipe<\/a><\/li>\n<li class=\"menu-item menu-item-type-post_type menu-item-object-page menu-item-21027\"><a href=\"https:\/\/www.csem.org.br\/it\/editora\/\" class=\"pp-menu-item\">Editora<\/a><\/li>\n<li class=\"menu-item menu-item-type-post_type menu-item-object-page menu-item-21030\"><a href=\"https:\/\/www.csem.org.br\/it\/relatorios-anuais\/\" class=\"pp-menu-item\">Relat\u00f3rios Anuais<\/a><\/li>\n<li class=\"menu-item menu-item-type-post_type menu-item-object-page menu-item-21031\"><a href=\"https:\/\/www.csem.org.br\/it\/parceiros\/\" class=\"pp-menu-item\">Parceiros<\/a><\/li>\n<li class=\"menu-item menu-item-type-post_type menu-item-object-page menu-item-21026\"><a href=\"https:\/\/www.csem.org.br\/it\/congregacao\/\" class=\"pp-menu-item\">Congrega\u00e7\u00e3o<\/a><\/li>\n<\/ul>\t\t\t\t\t\t\t<\/nav>\n\t\t\t\t\t\t\t<\/div>\n\t\t\t\t\t\t\t\t<\/div>\n\t\t\t\t<\/div>\n\t\t\t\t\t<\/div>\n\t\t<\/div>\n\t\t\t\t\t<\/div>\n\t\t<\/section>\n\t\t\t\t<div class=\"elementor-element elementor-element-b0e8575 elementor-widget elementor-widget-heading\" data-id=\"b0e8575\" data-element_type=\"widget\" data-e-type=\"widget\" data-widget_type=\"heading.default\">\n\t\t\t\t<div class=\"elementor-widget-container\">\n\t\t\t\t\t<h3 class=\"elementor-heading-title elementor-size-default\">CONGREGA\u00c7\u00c3O DAS IRM\u00c3S MISSION\u00c1RIAS DE S\u00c3O CARLOS BORROMEO SCALABRINIANAS<\/h3>\t\t\t\t<\/div>\n\t\t\t\t<\/div>\n\t\t\t\t<div class=\"elementor-element elementor-element-215d2cf6 elementor-widget elementor-widget-text-editor\" data-id=\"215d2cf6\" data-element_type=\"widget\" data-e-type=\"widget\" data-widget_type=\"text-editor.default\">\n\t\t\t\t<div class=\"elementor-widget-container\">\n\t\t\t\t\t\t\t\t\t<p><strong>A Congrega\u00e7\u00e3o das Irm\u00e3s Mission\u00e1rias de S\u00e3o Carlos Borromeo Scalabrinianas<\/strong> foi fundada em Piacenza, It\u00e1lia, em 25 de outubro de 1895. Seu fundador \u00e9 o Bem-aventurado Jo\u00e3o Batista Scalabrini e como cofundadores: a Bem-aventurada Assunta Marchetti e o Vener\u00e1vel Servo de Deus Padre Giuseppe Marchetti. A Congrega\u00e7\u00e3o tem a sede geral em Roma, It\u00e1lia. \u00c9 constitu\u00edda por seis prov\u00edncias, 576 irm\u00e3s e desenvolve sua miss\u00e3o entre os migrantes e refugiados em 25 pa\u00edses de quatro continentes. Sua Miss\u00e3o \u00e9 o servi\u00e7o evang\u00e9lico e mission\u00e1rio aos migrantes, preferencialmente os mais pobres em situa\u00e7\u00e3o de maior vulnerabilidade (cf. Const. pg. 13, n. 5).<\/p><p>As Irm\u00e3s MSCS realizam sua miss\u00e3o atuando nas escolas, nos hospitais, orfanatos, pres\u00eddios, centros de acolhida a menores necessitados, casas de repouso, casas de forma\u00e7\u00e3o, comunidades \u00e9tnico-culturais, par\u00f3quias, dioceses, confer\u00eancias episcopais, organismos internacionais, organiza\u00e7\u00f5es civis, centros de promo\u00e7\u00e3o, centros de escuta e de acolhida para os imigrantes e centros de estudos e documenta\u00e7\u00e3o (Cf. site: <a href=\"http:\/\/www.scalabriniane.org\" target=\"_blank\" rel=\"noopener\">www.scalabriniane.org<\/a>).<\/p>\t\t\t\t\t\t\t\t<\/div>\n\t\t\t\t<\/div>\n\t\t\t\t<div class=\"elementor-element elementor-element-49aa882 elementor-align-center elementor-widget elementor-widget-button\" data-id=\"49aa882\" data-element_type=\"widget\" data-e-type=\"widget\" data-widget_type=\"button.default\">\n\t\t\t\t<div class=\"elementor-widget-container\">\n\t\t\t\t\t\t\t\t\t<div class=\"elementor-button-wrapper\">\n\t\t\t\t\t<a class=\"elementor-button elementor-button-link elementor-size-sm\" href=\"http:\/\/www.scalabriniane.org\/chi-siamo\/?lang=pt-br\" target=\"_blank\" rel=\"noopener\">\n\t\t\t\t\t\t<span class=\"elementor-button-content-wrapper\">\n\t\t\t\t\t\t\t\t\t<span class=\"elementor-button-text\">SAIBA MAIS<\/span>\n\t\t\t\t\t<\/span>\n\t\t\t\t\t<\/a>\n\t\t\t\t<\/div>\n\t\t\t\t\t\t\t\t<\/div>\n\t\t\t\t<\/div>\n\t\t\t\t\t<\/div>\n\t\t<\/div>\n\t\t\t\t\t<\/div>\n\t\t<\/section>\n\t\t\t\t<\/div>\n\t\t","protected":false},"excerpt":{"rendered":"<p>Menu r\u00e1pido CONGREGA\u00c7\u00c3O DAS IRM\u00c3S MISSION\u00c1RIAS DE S\u00c3O CARLOS BORROMEO SCALABRINIANAS A Congrega\u00e7\u00e3o das Irm\u00e3s Mission\u00e1rias de S\u00e3o Carlos Borromeo Scalabrinianas foi fundada em Piacenza, It\u00e1lia, em 25 de outubro de 1895. Seu fundador \u00e9 o Bem-aventurado Jo\u00e3o Batista Scalabrini e como cofundadores: a Bem-aventurada Assunta Marchetti e o Vener\u00e1vel Servo de Deus Padre Giuseppe [&hellip;]<\/p>\n","protected":false},"author":2,"featured_media":0,"parent":0,"menu_order":0,"comment_status":"closed","ping_status":"closed","template":"","meta":{"_acf_changed":false,"footnotes":""},"class_list":["post-656","page","type-page","status-publish","hentry"],"acf":[],"_links":{"self":[{"href":"https:\/\/www.csem.org.br\/it\/wp-json\/wp\/v2\/pages\/656","targetHints":{"allow":["GET"]}}],"collection":[{"href":"https:\/\/www.csem.org.br\/it\/wp-json\/wp\/v2\/pages"}],"about":[{"href":"https:\/\/www.csem.org.br\/it\/wp-json\/wp\/v2\/types\/page"}],"author":[{"embeddable":true,"href":"https:\/\/www.csem.org.br\/it\/wp-json\/wp\/v2\/users\/2"}],"replies":[{"embeddable":true,"href":"https:\/\/www.csem.org.br\/it\/wp-json\/wp\/v2\/comments?post=656"}],"version-history":[{"count":0,"href":"https:\/\/www.csem.org.br\/it\/wp-json\/wp\/v2\/pages\/656\/revisions"}],"wp:attachment":[{"href":"https:\/\/www.csem.org.br\/it\/wp-json\/wp\/v2\/media?parent=656"}],"curies":[{"name":"wp","href":"https:\/\/api.w.org\/{rel}","templated":true}]}}