{"id":24941,"date":"2025-02-06T10:53:44","date_gmt":"2025-02-06T13:53:44","guid":{"rendered":"https:\/\/www.csem.org.br\/?page_id=24941"},"modified":"2025-04-28T11:28:01","modified_gmt":"2025-04-28T14:28:01","slug":"o-que-falam-de-nos","status":"publish","type":"page","link":"https:\/\/www.csem.org.br\/it\/o-que-falam-de-nos\/","title":{"rendered":"Cosa dicono di noi"},"content":{"rendered":"<div data-elementor-type=\"wp-page\" data-elementor-id=\"24941\" class=\"elementor elementor-24941\" data-elementor-post-type=\"page\">\n\t\t\t\t\t\t<section class=\"elementor-section elementor-top-section elementor-element elementor-element-7cec4ad elementor-section-full_width elementor-section-height-default elementor-section-height-default\" data-id=\"7cec4ad\" data-element_type=\"section\" data-e-type=\"section\">\n\t\t\t\t\t\t<div class=\"elementor-container elementor-column-gap-default\">\n\t\t\t\t\t<div class=\"elementor-column elementor-col-100 elementor-top-column elementor-element elementor-element-357d5f7\" data-id=\"357d5f7\" data-element_type=\"column\" data-e-type=\"column\">\n\t\t\t<div class=\"elementor-widget-wrap elementor-element-populated\">\n\t\t\t\t\t\t<div class=\"elementor-element elementor-element-fecd7e2 elementor-widget elementor-widget-template\" data-id=\"fecd7e2\" data-element_type=\"widget\" data-e-type=\"widget\" data-widget_type=\"template.default\">\n\t\t\t\t<div class=\"elementor-widget-container\">\n\t\t\t\t\t\t\t<div class=\"elementor-template\">\n\t\t\t\t\t<div data-elementor-type=\"section\" data-elementor-id=\"19749\" class=\"elementor elementor-19749\" data-elementor-post-type=\"elementor_library\">\n\t\t\t\t\t<section class=\"elementor-section elementor-top-section elementor-element elementor-element-15b34725 elementor-section-boxed elementor-section-height-default elementor-section-height-default\" data-id=\"15b34725\" data-element_type=\"section\" data-e-type=\"section\" data-settings=\"{&quot;background_background&quot;:&quot;classic&quot;}\">\n\t\t\t\t\t\t<div class=\"elementor-container elementor-column-gap-default\">\n\t\t\t\t\t<div class=\"elementor-column elementor-col-100 elementor-top-column elementor-element elementor-element-3622abe\" data-id=\"3622abe\" data-element_type=\"column\" data-e-type=\"column\">\n\t\t\t<div class=\"elementor-widget-wrap elementor-element-populated\">\n\t\t\t\t\t\t<section class=\"elementor-section elementor-inner-section elementor-element elementor-element-17cf0bf5 elementor-section-boxed elementor-section-height-default elementor-section-height-default\" data-id=\"17cf0bf5\" data-element_type=\"section\" data-e-type=\"section\">\n\t\t\t\t\t\t<div class=\"elementor-container elementor-column-gap-no\">\n\t\t\t\t\t<div class=\"elementor-column elementor-col-50 elementor-inner-column elementor-element elementor-element-295ae005\" data-id=\"295ae005\" data-element_type=\"column\" data-e-type=\"column\">\n\t\t\t<div class=\"elementor-widget-wrap elementor-element-populated\">\n\t\t\t\t\t\t<div class=\"elementor-element elementor-element-ec1d722 elementor-widget elementor-widget-pp-breadcrumbs\" data-id=\"ec1d722\" data-element_type=\"widget\" data-e-type=\"widget\" data-settings=\"{&quot;breadcrumbs_type&quot;:&quot;powerpack&quot;}\" data-widget_type=\"pp-breadcrumbs.default\">\n\t\t\t\t<div class=\"elementor-widget-container\">\n\t\t\t\t\t<ul class=\"pp-breadcrumbs pp-breadcrumbs-powerpack\">\t\t<li class=\"pp-breadcrumbs-item pp-breadcrumbs-item-home\">\n\t\t\t<a class=\"pp-breadcrumbs-crumb pp-breadcrumbs-crumb-link pp-breadcrumbs-crumb-home\" href=\"https:\/\/www.csem.org.br\/it\" title=\"Casa \">\n\t\t\t\t<span class=\"pp-breadcrumbs-text\">\n\t\t\t\t\t\t\t\t\t\t\t<span class=\"pp-icon\">\n\t\t\t\t\t\t\t<i aria-hidden=\"true\" class=\"far fa-folder-open\"><\/i>\t\t\t\t\t\t<\/span>\n\t\t\t\t\t\t\t\t\t\tCasa \t\t\t\t<\/span>\n\t\t\t<\/a>\n\t\t<\/li>\n\t\t<li class=\"pp-breadcrumbs-separator\">\t\t\t\t<span class='pp-separator-icon pp-icon'>\n\t\t\t\t\t<i aria-hidden=\"true\" class=\"fas fa-angle-double-right\"><\/i>\t\t\t\t<\/span>\n\t\t\t\t<\/li><\/ul>\t\t\t\t<\/div>\n\t\t\t\t<\/div>\n\t\t\t\t\t<\/div>\n\t\t<\/div>\n\t\t\t\t<div class=\"elementor-column elementor-col-50 elementor-inner-column elementor-element elementor-element-17b588ad elementor-hidden-tablet elementor-hidden-mobile\" data-id=\"17b588ad\" data-element_type=\"column\" data-e-type=\"column\">\n\t\t\t<div class=\"elementor-widget-wrap elementor-element-populated\">\n\t\t\t\t\t\t<div class=\"elementor-element elementor-element-12039253 elementor-share-buttons--view-icon elementor-share-buttons--skin-flat elementor-share-buttons--shape-circle elementor-grid-3 elementor-hidden-tablet elementor-hidden-mobile elementor-share-buttons--color-official elementor-widget elementor-widget-share-buttons\" data-id=\"12039253\" data-element_type=\"widget\" data-e-type=\"widget\" data-widget_type=\"share-buttons.default\">\n\t\t\t\t<div class=\"elementor-widget-container\">\n\t\t\t\t\t\t\t<div class=\"elementor-grid\" role=\"list\">\n\t\t\t\t\t\t\t\t<div class=\"elementor-grid-item\" role=\"listitem\">\n\t\t\t\t\t\t<div class=\"elementor-share-btn elementor-share-btn_whatsapp\" role=\"button\" tabindex=\"0\" aria-label=\"Condividi su whatsapp\">\n\t\t\t\t\t\t\t\t\t\t\t\t\t\t\t<span class=\"elementor-share-btn__icon\">\n\t\t\t\t\t\t\t\t<i class=\"fab fa-whatsapp\" aria-hidden=\"true\"><\/i>\t\t\t\t\t\t\t<\/span>\n\t\t\t\t\t\t\t\t\t\t\t\t\t\t\t\t\t\t\t\t<\/div>\n\t\t\t\t\t<\/div>\n\t\t\t\t\t\t\t\t\t<div class=\"elementor-grid-item\" role=\"listitem\">\n\t\t\t\t\t\t<div class=\"elementor-share-btn elementor-share-btn_email\" role=\"button\" tabindex=\"0\" aria-label=\"Condividi su e-mail\">\n\t\t\t\t\t\t\t\t\t\t\t\t\t\t\t<span class=\"elementor-share-btn__icon\">\n\t\t\t\t\t\t\t\t<i class=\"fas fa-envelope\" aria-hidden=\"true\"><\/i>\t\t\t\t\t\t\t<\/span>\n\t\t\t\t\t\t\t\t\t\t\t\t\t\t\t\t\t\t\t\t<\/div>\n\t\t\t\t\t<\/div>\n\t\t\t\t\t\t\t\t\t<div class=\"elementor-grid-item\" role=\"listitem\">\n\t\t\t\t\t\t<div class=\"elementor-share-btn elementor-share-btn_print\" role=\"button\" tabindex=\"0\" aria-label=\"Condividi su stampa\">\n\t\t\t\t\t\t\t\t\t\t\t\t\t\t\t<span class=\"elementor-share-btn__icon\">\n\t\t\t\t\t\t\t\t<i class=\"fas fa-print\" aria-hidden=\"true\"><\/i>\t\t\t\t\t\t\t<\/span>\n\t\t\t\t\t\t\t\t\t\t\t\t\t\t\t\t\t\t\t\t<\/div>\n\t\t\t\t\t<\/div>\n\t\t\t\t\t\t<\/div>\n\t\t\t\t\t\t<\/div>\n\t\t\t\t<\/div>\n\t\t\t\t\t<\/div>\n\t\t<\/div>\n\t\t\t\t\t<\/div>\n\t\t<\/section>\n\t\t\t\t\t<\/div>\n\t\t<\/div>\n\t\t\t\t\t<\/div>\n\t\t<\/section>\n\t\t\t\t<\/div>\n\t\t\t\t<\/div>\n\t\t\t\t\t\t<\/div>\n\t\t\t\t<\/div>\n\t\t\t\t\t<\/div>\n\t\t<\/div>\n\t\t\t\t\t<\/div>\n\t\t<\/section>\n\t\t\t\t<section class=\"elementor-section elementor-top-section elementor-element elementor-element-5348be0 elementor-section-boxed elementor-section-height-default elementor-section-height-default\" data-id=\"5348be0\" data-element_type=\"section\" data-e-type=\"section\">\n\t\t\t\t\t\t<div class=\"elementor-container elementor-column-gap-default\">\n\t\t\t\t\t<div class=\"elementor-column elementor-col-100 elementor-top-column elementor-element elementor-element-389ac15\" data-id=\"389ac15\" data-element_type=\"column\" data-e-type=\"column\">\n\t\t\t<div class=\"elementor-widget-wrap elementor-element-populated\">\n\t\t\t\t\t\t<div class=\"elementor-element elementor-element-dc4137c elementor-widget elementor-widget-text-editor\" data-id=\"dc4137c\" data-element_type=\"widget\" data-e-type=\"widget\" data-widget_type=\"text-editor.default\">\n\t\t\t\t<div class=\"elementor-widget-container\">\n\t\t\t\t\t\t\t\t\t<p>Filtra qui Cosa dicono di noi all'anno<\/p>\t\t\t\t\t\t\t\t<\/div>\n\t\t\t\t<\/div>\n\t\t\t\t<div class=\"elementor-element elementor-element-e0cad6d pp-equal-height-yes pp-posts-image-stack-none elementor-grid-2 elementor-grid-tablet-2 elementor-grid-mobile-1 pp-post-filters-align-left pp-search-form-icon pp-post-thumbnail-align-left elementor-widget elementor-widget-pp-posts\" data-id=\"e0cad6d\" data-element_type=\"widget\" data-e-type=\"widget\" data-settings=\"{&quot;news_columns&quot;:&quot;2&quot;,&quot;news_columns_tablet&quot;:&quot;2&quot;,&quot;news_columns_mobile&quot;:&quot;1&quot;}\" data-widget_type=\"pp-posts.news\">\n\t\t\t\t<div class=\"elementor-widget-container\">\n\t\t\t\t\t\t\t<div class=\"pp-post-filters-container\" data-search-form=\"show\" data-search-action=\"button-click\">\n\t\t\t\t\t\t<div class=\"pp-post-filters-wrap pp-post-filters-dropdown-no\">\n\t\t\t\t<ul class=\"pp-post-filters\">\n\t\t\t\t\t\t\t\t\t\t\t<li class=\"pp-post-filter pp-filter-current\" data-filter=\"*\" data-taxonomy=\"\">Tutti<\/li>\n\t\t\t\t\t\t\t\t\t\t\t\t\t\t\t<\/ul>\n\n\t\t\t\t\t\t\t<\/div>\n\t\t\t\t\t\t\t\t<div class=\"pp-search-form-container\">\n\t\t\t<div class=\"pp-search-form\">\n\t\t\t\t<input placeholder=\"Digitare il titolo o il tema desiderato\" class=\"pp-search-form-input\" type=\"search\" name=\"s\" title=\"Ricerca\">\n\t\t\t\t<button class=\"pp-search-form-submit\" type=\"submit\" title=\"Ricerca\" aria-label=\"Ricerca\">\n\t\t\t\t\t\t\t\t\t\t\t<i aria-hidden=\"true\" class=\"fas fa-search\"><\/i>\t\t\t\t\t\t<span class=\"elementor-screen-only\">Ricerca<\/span>\n\t\t\t\t\t\t\t\t\t<\/button>\n\t\t\t<\/div>\n\t\t<\/div>\n\t\t\t\t<\/div>\n\t\t\t\t<div class=\"pp-posts-container\">\n\t\t\t\n\t\t\t\t\t\t\t\t\t\t\n\t\t\t<div class=\"pp-posts pp-posts-skin-news elementor-grid pp-posts-grid\" data-query-type=\"custom\" data-layout=\"grid\" data-page=\"24941\" data-skin=\"news\">\n\t\t\t\t\t\t\t\t\t\t\t<div class=\"pp-post-wrap pp-grid-item-wrap elementor-grid-item post-26687 o_que_falam_de_nos type-o_que_falam_de_nos status-publish has-post-thumbnail hentry\">\n\t\t\t\t\t\t<div class=\"pp-post pp-grid-item\">\n\t\t\t\t\t\t<div class=\"pp-post-thumbnail\">\n\t\t\t<a class=\"pp-post-thumbnail-wrap\" href=\"https:\/\/www.csem.org.br\/it\/o_que_falam_de_nos\/remhu-e-citada-pela-focsiv-em-analise-sobre-migracoes-e-refugio-na-conjuntura-atual\/\" title=\"REMHU \u00e9 citada pela FOCSIV em an\u00e1lise sobre migra\u00e7\u00f5es e ref\u00fagio na conjuntura atual\">\n\t\t\t\t<img fetchpriority=\"high\" decoding=\"async\" width=\"800\" height=\"892\" src=\"https:\/\/www.csem.org.br\/wp-content\/uploads\/2026\/03\/2S-918x1024.png\" class=\"attachment-large size-large wp-image-26689\" alt=\"\" title=\"\" srcset=\"https:\/\/www.csem.org.br\/wp-content\/uploads\/2026\/03\/2S-918x1024.png 918w, https:\/\/www.csem.org.br\/wp-content\/uploads\/2026\/03\/2S-269x300.png 269w, https:\/\/www.csem.org.br\/wp-content\/uploads\/2026\/03\/2S-768x857.png 768w, https:\/\/www.csem.org.br\/wp-content\/uploads\/2026\/03\/2S-1377x1536.png 1377w, https:\/\/www.csem.org.br\/wp-content\/uploads\/2026\/03\/2S-11x12.png 11w, https:\/\/www.csem.org.br\/wp-content\/uploads\/2026\/03\/2S.png 1744w\" sizes=\"(max-width: 800px) 100vw, 800px\" \/>\t\t\t<\/a>\n\t\t<\/div>\n\t\t\t\t\t\t<div class=\"pp-post-content\">\n\t\t\t\t\t\t\t\t\t\t\t<h2 class=\"pp-post-title\">\n\t\t\t\t<a href=\"https:\/\/www.csem.org.br\/it\/o_que_falam_de_nos\/remhu-e-citada-pela-focsiv-em-analise-sobre-migracoes-e-refugio-na-conjuntura-atual\/\">REMHU \u00e9 citada pela FOCSIV em an\u00e1lise sobre migra\u00e7\u00f5es e ref\u00fagio na conjuntura atual<\/a>\t\t\t<\/h2>\n\t\t\t\t\t\t\t\t\t<div class=\"pp-post-meta\">\n\t\t\t\t\t\t\t\t<span class=\"pp-post-date\">\n\t\t\t\t\t\t<span class=\"pp-meta-text\">\n\t\t\t\t12 de Marzo de 2026\t\t\t<\/span>\n\t\t<\/span>\n\t\t<span class=\"pp-meta-separator\"><\/span>\n\t\t\t\t\t\t\t<\/div>\n\t\t\t\t\t\t\t<\/div>\n\t\t\t<\/div>\n\t\t\t\t\t<\/div>\n\t\t\t\t<div class=\"pp-post-wrap pp-grid-item-wrap elementor-grid-item post-25099 o_que_falam_de_nos type-o_que_falam_de_nos status-publish has-post-thumbnail hentry\">\n\t\t\t\t\t\t<div class=\"pp-post pp-grid-item\">\n\t\t\t\t\t\t<div class=\"pp-post-thumbnail\">\n\t\t\t<a class=\"pp-post-thumbnail-wrap\" href=\"https:\/\/www.csem.org.br\/it\/o_que_falam_de_nos\/pesquisa-sobre-migracao-internacional-em-um-contexto-academico-o-centro-scalabriniano-de-estudos-migratorios-csem-em-brasilia\/\" title=\"Pesquisa sobre migra\u00e7\u00e3o internacional em um contexto acad\u00eamico &#8211; O Centro Scalabriniano de Estudos Migrat\u00f3rios (CSEM) em Bras\u00edlia\">\n\t\t\t\t<img decoding=\"async\" width=\"446\" height=\"556\" src=\"https:\/\/www.csem.org.br\/wp-content\/uploads\/2025\/05\/THOMAS.png\" class=\"attachment-large size-large wp-image-25714\" alt=\"\" title=\"\" srcset=\"https:\/\/www.csem.org.br\/wp-content\/uploads\/2025\/05\/THOMAS.png 446w, https:\/\/www.csem.org.br\/wp-content\/uploads\/2025\/05\/THOMAS-241x300.png 241w, https:\/\/www.csem.org.br\/wp-content\/uploads\/2025\/05\/THOMAS-10x12.png 10w\" sizes=\"(max-width: 446px) 100vw, 446px\" \/>\t\t\t<\/a>\n\t\t<\/div>\n\t\t\t\t\t\t<div class=\"pp-post-content\">\n\t\t\t\t\t\t\t\t\t\t\t<h2 class=\"pp-post-title\">\n\t\t\t\t<a href=\"https:\/\/www.csem.org.br\/it\/o_que_falam_de_nos\/pesquisa-sobre-migracao-internacional-em-um-contexto-academico-o-centro-scalabriniano-de-estudos-migratorios-csem-em-brasilia\/\">Pesquisa sobre migra\u00e7\u00e3o internacional em um contexto acad\u00eamico &#8211; O Centro Scalabriniano de Estudos Migrat\u00f3rios (CSEM) em Bras\u00edlia<\/a>\t\t\t<\/h2>\n\t\t\t\t\t\t\t\t\t<div class=\"pp-post-meta\">\n\t\t\t\t\t\t\t\t<span class=\"pp-post-date\">\n\t\t\t\t\t\t<span class=\"pp-meta-text\">\n\t\t\t\t14 aprile 2025\t\t\t<\/span>\n\t\t<\/span>\n\t\t<span class=\"pp-meta-separator\"><\/span>\n\t\t\t\t\t\t\t<\/div>\n\t\t\t\t\t\t\t<\/div>\n\t\t\t<\/div>\n\t\t\t\t\t<\/div>\n\t\t\t\t\t\t\t\t\t<\/div>\n\t\t\t\n\t\t\t\n\t\t\t\t\t\t<div class=\"pp-posts-loader\"><\/div>\n\t\t\t\n\t\t\t\n\t\t\t\t\t\t\t\t\t\t\t<div class=\"pp-posts-pagination-wrap pp-posts-pagination-bottom\">\n\t\t\t\t\t\t\t\t\t<\/div>\n\t\t\t\t\t\t\t\t\t<\/div>\n\n\t\t\n\t\t\t\t\t\t<\/div>\n\t\t\t\t<\/div>\n\t\t\t\t\t<\/div>\n\t\t<\/div>\n\t\t\t\t\t<\/div>\n\t\t<\/section>\n\t\t\t\t<\/div>","protected":false},"excerpt":{"rendered":"<p>Filtre aqui O que falam de n\u00f3s por ano Todos 2025 Search Pesquisa sobre migra\u00e7\u00e3o internacional em um contexto acad\u00eamico O Centro Scalabriniano de Estudos Migrat\u00f3rios (CSEM) em Bras\u00edlia 14 de abril de 2025 Teste Post 6 de fevereiro de 2025<\/p>","protected":false},"author":2,"featured_media":0,"parent":0,"menu_order":0,"comment_status":"closed","ping_status":"closed","template":"elementor_header_footer","meta":{"_acf_changed":false,"footnotes":""},"class_list":["post-24941","page","type-page","status-publish","hentry"],"acf":[],"_links":{"self":[{"href":"https:\/\/www.csem.org.br\/it\/wp-json\/wp\/v2\/pages\/24941","targetHints":{"allow":["GET"]}}],"collection":[{"href":"https:\/\/www.csem.org.br\/it\/wp-json\/wp\/v2\/pages"}],"about":[{"href":"https:\/\/www.csem.org.br\/it\/wp-json\/wp\/v2\/types\/page"}],"author":[{"embeddable":true,"href":"https:\/\/www.csem.org.br\/it\/wp-json\/wp\/v2\/users\/2"}],"replies":[{"embeddable":true,"href":"https:\/\/www.csem.org.br\/it\/wp-json\/wp\/v2\/comments?post=24941"}],"version-history":[{"count":0,"href":"https:\/\/www.csem.org.br\/it\/wp-json\/wp\/v2\/pages\/24941\/revisions"}],"wp:attachment":[{"href":"https:\/\/www.csem.org.br\/it\/wp-json\/wp\/v2\/media?parent=24941"}],"curies":[{"name":"wp","href":"https:\/\/api.w.org\/{rel}","templated":true}]}}