{"id":24302,"date":"2024-10-28T21:39:05","date_gmt":"2024-10-29T00:39:05","guid":{"rendered":"https:\/\/www.csem.org.br\/?page_id=24302"},"modified":"2024-12-02T14:50:37","modified_gmt":"2024-12-02T17:50:37","slug":"24302-2","status":"publish","type":"page","link":"https:\/\/www.csem.org.br\/it\/24302-2\/","title":{"rendered":"III ICOMIR"},"content":{"rendered":"<div data-elementor-type=\"wp-page\" data-elementor-id=\"24302\" class=\"elementor elementor-24302\" data-elementor-post-type=\"page\">\n\t\t\t\t\t\t<section class=\"elementor-section elementor-top-section elementor-element elementor-element-f0a95db elementor-section-boxed elementor-section-height-default elementor-section-height-default\" data-id=\"f0a95db\" data-element_type=\"section\" data-e-type=\"section\">\n\t\t\t\t\t\t<div class=\"elementor-container elementor-column-gap-default\">\n\t\t\t\t\t<div class=\"elementor-column elementor-col-100 elementor-top-column elementor-element elementor-element-e592d2a\" data-id=\"e592d2a\" data-element_type=\"column\" data-e-type=\"column\">\n\t\t\t<div class=\"elementor-widget-wrap elementor-element-populated\">\n\t\t\t\t\t\t<div class=\"elementor-element elementor-element-0f80367 elementor-widget elementor-widget-theme-site-logo elementor-widget-image\" data-id=\"0f80367\" data-element_type=\"widget\" data-e-type=\"widget\" data-widget_type=\"theme-site-logo.default\">\n\t\t\t\t<div class=\"elementor-widget-container\">\n\t\t\t\t\t\t\t\t\t\t\t<a href=\"https:\/\/www.csem.org.br\/it\/csem-eventos\/icomir\/\">\n\t\t\t<img fetchpriority=\"high\" decoding=\"async\" width=\"800\" height=\"340\" src=\"https:\/\/www.csem.org.br\/wp-content\/uploads\/2023\/07\/LOGO-2-1024x435.png\" class=\"attachment-large size-large wp-image-24117\" alt=\"\" srcset=\"https:\/\/www.csem.org.br\/wp-content\/uploads\/2023\/07\/LOGO-2-1024x435.png 1024w, https:\/\/www.csem.org.br\/wp-content\/uploads\/2023\/07\/LOGO-2-300x127.png 300w, https:\/\/www.csem.org.br\/wp-content\/uploads\/2023\/07\/LOGO-2-768x326.png 768w, https:\/\/www.csem.org.br\/wp-content\/uploads\/2023\/07\/LOGO-2-1536x652.png 1536w, https:\/\/www.csem.org.br\/wp-content\/uploads\/2023\/07\/LOGO-2-2048x870.png 2048w\" sizes=\"(max-width: 800px) 100vw, 800px\" title=\"\">\t\t\t\t<\/a>\n\t\t\t\t\t\t\t\t\t\t\t<\/div>\n\t\t\t\t<\/div>\n\t\t\t\t<div class=\"elementor-element elementor-element-ce607bc elementor-widget elementor-widget-heading\" data-id=\"ce607bc\" data-element_type=\"widget\" data-e-type=\"widget\" data-widget_type=\"heading.default\">\n\t\t\t\t<div class=\"elementor-widget-container\">\n\t\t\t\t\t<h2 class=\"elementor-heading-title elementor-size-default\">Il 3\u00b0 ICoMiR<\/h2>\t\t\t\t<\/div>\n\t\t\t\t<\/div>\n\t\t\t\t\t<\/div>\n\t\t<\/div>\n\t\t\t\t\t<\/div>\n\t\t<\/section>\n\t\t\t\t<section class=\"elementor-section elementor-top-section elementor-element elementor-element-9ebb4b1 elementor-section-boxed elementor-section-height-default elementor-section-height-default\" data-id=\"9ebb4b1\" data-element_type=\"section\" data-e-type=\"section\">\n\t\t\t\t\t\t<div class=\"elementor-container elementor-column-gap-default\">\n\t\t\t\t\t<div class=\"elementor-column elementor-col-100 elementor-top-column elementor-element elementor-element-54bcb6e\" data-id=\"54bcb6e\" data-element_type=\"column\" data-e-type=\"column\">\n\t\t\t<div class=\"elementor-widget-wrap elementor-element-populated\">\n\t\t\t\t\t\t<div class=\"elementor-element elementor-element-9307ae2 elementor-widget elementor-widget-text-editor\" data-id=\"9307ae2\" data-element_type=\"widget\" data-e-type=\"widget\" data-widget_type=\"text-editor.default\">\n\t\t\t\t<div class=\"elementor-widget-container\">\n\t\t\t\t\t\t\t\t\t<div style=\"text-align: justify; line-height: 1.5; margin: 0 auto; max-width: 800px;\">\n<p><strong>Terza conferenza internazionale del CSEM<\/strong> il suo titolo: <em>Dialoghi per comprendere, umanizzare e valorizzare le persone in movimento<\/em> e mira ad analizzare e discutere le tendenze migratorie dalle prospettive del mondo accademico, della societ\u00e0 civile, dei collettivi di migranti e degli enti governativi, promuovendo una comprensione completa e multidimensionale delle migrazioni contemporanee, sia sud-nord che sud-sud.<\/p>\n<p>Avr\u00e0 luogo il <strong>Dal 19 al 22 maggio 2025<\/strong>a Brasilia, Brasile.<br>Evento bilingue (portoghese e inglese)<br>Analizzare le tendenze migratorie contemporanee (Sud-Nord e Sud-Sud).<br>Uno spazio per lo scambio di esperienze e la costruzione di conoscenze inclusive.<br>Promozione di politiche pubbliche incentrate sui diritti dei migranti.<\/p>\n<p><strong>Obiettivo generale:<\/strong><br>Promuovere una comprensione e una discussione qualificata, ampia e multidimensionale delle migrazioni e dei rifugi contemporanei (flussi Sud-Nord e Sud-Sud) con la partecipazione attiva di accademici, operatori sociali, pastori, collettivi di migranti e rifugiati, societ\u00e0 civile, organizzazioni internazionali e governo.<\/p>\n<p><strong>Risultati attesi:<\/strong><\/p>\n<ol>\n<li>Rafforzare le reti e condividere le esperienze delle conferenze precedenti.<\/li>\n<li>Creare e consolidare reti di collaborazione tra tutti gli attori coinvolti.<\/li>\n<li>Incoraggiare studi innovativi sulla migrazione con particolare attenzione ai diritti umani.<\/li>\n<li>Stabilire un'eredit\u00e0 duratura di azione collaborativa.<\/li>\n<li>Produrre e diffondere il documento finale per avere un impatto sulla societ\u00e0.<\/li>\n<\/ol>\n<p><strong><br><\/strong><\/p><p><strong>Metodologia della conferenza:<\/strong><br>La conferenza sar\u00e0 caratterizzata da tavole rotonde che discuteranno le tendenze migratorie globali e altre chiavi di lettura della migrazione e del rifugio. Le conferenze principali affronteranno il protagonismo e l'agency dei migranti, mentre i gruppi di lavoro e i colloqui promuoveranno lo scambio di conoscenze tra accademici, migranti e altri attori. L'evento culminer\u00e0 in un documento finale che rifletter\u00e0 le discussioni e proporr\u00e0 azioni concrete con un potenziale impatto sulle politiche migratorie e sui diritti umani.<\/p>\n<p>Come nelle precedenti edizioni, la Conferenza internazionale del CSEM vuole essere uno spazio di conoscenza, scambio e dialogo che abbia un impatto sulle azioni dei vari gruppi sociali a favore e per i migranti e i rifugiati.<\/p>\n<\/div>\t\t\t\t\t\t\t\t<\/div>\n\t\t\t\t<\/div>\n\t\t\t\t\t<\/div>\n\t\t<\/div>\n\t\t\t\t\t<\/div>\n\t\t<\/section>\n\t\t\t\t<section class=\"elementor-section elementor-top-section elementor-element elementor-element-fc7f111 elementor-section-boxed elementor-section-height-default elementor-section-height-default\" data-id=\"fc7f111\" data-element_type=\"section\" data-e-type=\"section\">\n\t\t\t\t\t\t<div class=\"elementor-container elementor-column-gap-default\">\n\t\t\t\t\t<div class=\"elementor-column elementor-col-100 elementor-top-column elementor-element elementor-element-d365bc7\" data-id=\"d365bc7\" data-element_type=\"column\" data-e-type=\"column\">\n\t\t\t<div class=\"elementor-widget-wrap\">\n\t\t\t\t\t\t\t<\/div>\n\t\t<\/div>\n\t\t\t\t\t<\/div>\n\t\t<\/section>\n\t\t\t\t<\/div>","protected":false},"excerpt":{"rendered":"<p>A III ICoMiR A III Confer\u00eancia Internacional do CSEM tem como t\u00edtulo: Di\u00e1logos para compreender, humanizar e valorizar as pessoas em mobilidade e se prop\u00f5e a analisar e debater as tend\u00eancias migrat\u00f3rias a partir de perspectivas acad\u00eamicas, da sociedade civil, dos coletivos de migrantes e das entidades governamentais, promovendo um entendimento abrangente e multidimensional das [&hellip;]<\/p>\n","protected":false},"author":13,"featured_media":0,"parent":0,"menu_order":0,"comment_status":"closed","ping_status":"closed","template":"","meta":{"_acf_changed":false,"footnotes":""},"class_list":["post-24302","page","type-page","status-publish","hentry"],"acf":[],"_links":{"self":[{"href":"https:\/\/www.csem.org.br\/it\/wp-json\/wp\/v2\/pages\/24302","targetHints":{"allow":["GET"]}}],"collection":[{"href":"https:\/\/www.csem.org.br\/it\/wp-json\/wp\/v2\/pages"}],"about":[{"href":"https:\/\/www.csem.org.br\/it\/wp-json\/wp\/v2\/types\/page"}],"author":[{"embeddable":true,"href":"https:\/\/www.csem.org.br\/it\/wp-json\/wp\/v2\/users\/13"}],"replies":[{"embeddable":true,"href":"https:\/\/www.csem.org.br\/it\/wp-json\/wp\/v2\/comments?post=24302"}],"version-history":[{"count":1,"href":"https:\/\/www.csem.org.br\/it\/wp-json\/wp\/v2\/pages\/24302\/revisions"}],"predecessor-version":[{"id":26743,"href":"https:\/\/www.csem.org.br\/it\/wp-json\/wp\/v2\/pages\/24302\/revisions\/26743"}],"wp:attachment":[{"href":"https:\/\/www.csem.org.br\/it\/wp-json\/wp\/v2\/media?parent=24302"}],"curies":[{"name":"wp","href":"https:\/\/api.w.org\/{rel}","templated":true}]}}