{"id":20315,"date":"2023-07-20T11:54:17","date_gmt":"2023-07-20T14:54:17","guid":{"rendered":"https:\/\/www.csem.org.br\/?page_id=20315"},"modified":"2023-09-06T18:55:22","modified_gmt":"2023-09-06T21:55:22","slug":"csem-em-foco","status":"publish","type":"page","link":"https:\/\/www.csem.org.br\/it\/csem-em-foco\/","title":{"rendered":"CSEM in primo piano"},"content":{"rendered":"<div data-elementor-type=\"wp-page\" data-elementor-id=\"20315\" class=\"elementor elementor-20315\" data-elementor-post-type=\"page\">\n\t\t\t\t\t\t<section class=\"elementor-section elementor-top-section elementor-element elementor-element-7cec4ad elementor-section-full_width elementor-section-height-default elementor-section-height-default\" data-id=\"7cec4ad\" data-element_type=\"section\" data-e-type=\"section\">\n\t\t\t\t\t\t<div class=\"elementor-container elementor-column-gap-default\">\n\t\t\t\t\t<div class=\"elementor-column elementor-col-100 elementor-top-column elementor-element elementor-element-357d5f7\" data-id=\"357d5f7\" data-element_type=\"column\" data-e-type=\"column\">\n\t\t\t<div class=\"elementor-widget-wrap elementor-element-populated\">\n\t\t\t\t\t\t<div class=\"elementor-element elementor-element-fecd7e2 elementor-widget elementor-widget-template\" data-id=\"fecd7e2\" data-element_type=\"widget\" data-e-type=\"widget\" data-widget_type=\"template.default\">\n\t\t\t\t<div class=\"elementor-widget-container\">\n\t\t\t\t\t\t\t<div class=\"elementor-template\">\n\t\t\t\t\t<div data-elementor-type=\"section\" data-elementor-id=\"19749\" class=\"elementor elementor-19749\" data-elementor-post-type=\"elementor_library\">\n\t\t\t\t\t<section class=\"elementor-section elementor-top-section elementor-element elementor-element-15b34725 elementor-section-boxed elementor-section-height-default elementor-section-height-default\" data-id=\"15b34725\" data-element_type=\"section\" data-e-type=\"section\" data-settings=\"{&quot;background_background&quot;:&quot;classic&quot;}\">\n\t\t\t\t\t\t<div class=\"elementor-container elementor-column-gap-default\">\n\t\t\t\t\t<div class=\"elementor-column elementor-col-100 elementor-top-column elementor-element elementor-element-3622abe\" data-id=\"3622abe\" data-element_type=\"column\" data-e-type=\"column\">\n\t\t\t<div class=\"elementor-widget-wrap elementor-element-populated\">\n\t\t\t\t\t\t<section class=\"elementor-section elementor-inner-section elementor-element elementor-element-17cf0bf5 elementor-section-boxed elementor-section-height-default elementor-section-height-default\" data-id=\"17cf0bf5\" data-element_type=\"section\" data-e-type=\"section\">\n\t\t\t\t\t\t<div class=\"elementor-container elementor-column-gap-no\">\n\t\t\t\t\t<div class=\"elementor-column elementor-col-50 elementor-inner-column elementor-element elementor-element-295ae005\" data-id=\"295ae005\" data-element_type=\"column\" data-e-type=\"column\">\n\t\t\t<div class=\"elementor-widget-wrap elementor-element-populated\">\n\t\t\t\t\t\t<div class=\"elementor-element elementor-element-ec1d722 elementor-widget elementor-widget-pp-breadcrumbs\" data-id=\"ec1d722\" data-element_type=\"widget\" data-e-type=\"widget\" data-settings=\"{&quot;breadcrumbs_type&quot;:&quot;powerpack&quot;}\" data-widget_type=\"pp-breadcrumbs.default\">\n\t\t\t\t<div class=\"elementor-widget-container\">\n\t\t\t\t\t<ul class=\"pp-breadcrumbs pp-breadcrumbs-powerpack\">\t\t<li class=\"pp-breadcrumbs-item pp-breadcrumbs-item-home\">\n\t\t\t<a class=\"pp-breadcrumbs-crumb pp-breadcrumbs-crumb-link pp-breadcrumbs-crumb-home\" href=\"https:\/\/www.csem.org.br\/it\" title=\"Casa \">\n\t\t\t\t<span class=\"pp-breadcrumbs-text\">\n\t\t\t\t\t\t\t\t\t\t\t<span class=\"pp-icon\">\n\t\t\t\t\t\t\t<i aria-hidden=\"true\" class=\"far fa-folder-open\"><\/i>\t\t\t\t\t\t<\/span>\n\t\t\t\t\t\t\t\t\t\tCasa \t\t\t\t<\/span>\n\t\t\t<\/a>\n\t\t<\/li>\n\t\t<li class=\"pp-breadcrumbs-separator\">\t\t\t\t<span class='pp-separator-icon pp-icon'>\n\t\t\t\t\t<i aria-hidden=\"true\" class=\"fas fa-angle-double-right\"><\/i>\t\t\t\t<\/span>\n\t\t\t\t<\/li><\/ul>\t\t\t\t<\/div>\n\t\t\t\t<\/div>\n\t\t\t\t\t<\/div>\n\t\t<\/div>\n\t\t\t\t<div class=\"elementor-column elementor-col-50 elementor-inner-column elementor-element elementor-element-17b588ad elementor-hidden-tablet elementor-hidden-mobile\" data-id=\"17b588ad\" data-element_type=\"column\" data-e-type=\"column\">\n\t\t\t<div class=\"elementor-widget-wrap elementor-element-populated\">\n\t\t\t\t\t\t<div class=\"elementor-element elementor-element-12039253 elementor-share-buttons--view-icon elementor-share-buttons--skin-flat elementor-share-buttons--shape-circle elementor-grid-3 elementor-hidden-tablet elementor-hidden-mobile elementor-share-buttons--color-official elementor-widget elementor-widget-share-buttons\" data-id=\"12039253\" data-element_type=\"widget\" data-e-type=\"widget\" data-widget_type=\"share-buttons.default\">\n\t\t\t\t<div class=\"elementor-widget-container\">\n\t\t\t\t\t\t\t<div class=\"elementor-grid\" role=\"list\">\n\t\t\t\t\t\t\t\t<div class=\"elementor-grid-item\" role=\"listitem\">\n\t\t\t\t\t\t<div class=\"elementor-share-btn elementor-share-btn_whatsapp\" role=\"button\" tabindex=\"0\" aria-label=\"Condividi su whatsapp\">\n\t\t\t\t\t\t\t\t\t\t\t\t\t\t\t<span class=\"elementor-share-btn__icon\">\n\t\t\t\t\t\t\t\t<i class=\"fab fa-whatsapp\" aria-hidden=\"true\"><\/i>\t\t\t\t\t\t\t<\/span>\n\t\t\t\t\t\t\t\t\t\t\t\t\t\t\t\t\t\t\t\t<\/div>\n\t\t\t\t\t<\/div>\n\t\t\t\t\t\t\t\t\t<div class=\"elementor-grid-item\" role=\"listitem\">\n\t\t\t\t\t\t<div class=\"elementor-share-btn elementor-share-btn_email\" role=\"button\" tabindex=\"0\" aria-label=\"Condividi su e-mail\">\n\t\t\t\t\t\t\t\t\t\t\t\t\t\t\t<span class=\"elementor-share-btn__icon\">\n\t\t\t\t\t\t\t\t<i class=\"fas fa-envelope\" aria-hidden=\"true\"><\/i>\t\t\t\t\t\t\t<\/span>\n\t\t\t\t\t\t\t\t\t\t\t\t\t\t\t\t\t\t\t\t<\/div>\n\t\t\t\t\t<\/div>\n\t\t\t\t\t\t\t\t\t<div class=\"elementor-grid-item\" role=\"listitem\">\n\t\t\t\t\t\t<div class=\"elementor-share-btn elementor-share-btn_print\" role=\"button\" tabindex=\"0\" aria-label=\"Condividi su stampa\">\n\t\t\t\t\t\t\t\t\t\t\t\t\t\t\t<span class=\"elementor-share-btn__icon\">\n\t\t\t\t\t\t\t\t<i class=\"fas fa-print\" aria-hidden=\"true\"><\/i>\t\t\t\t\t\t\t<\/span>\n\t\t\t\t\t\t\t\t\t\t\t\t\t\t\t\t\t\t\t\t<\/div>\n\t\t\t\t\t<\/div>\n\t\t\t\t\t\t<\/div>\n\t\t\t\t\t\t<\/div>\n\t\t\t\t<\/div>\n\t\t\t\t\t<\/div>\n\t\t<\/div>\n\t\t\t\t\t<\/div>\n\t\t<\/section>\n\t\t\t\t\t<\/div>\n\t\t<\/div>\n\t\t\t\t\t<\/div>\n\t\t<\/section>\n\t\t\t\t<\/div>\n\t\t\t\t<\/div>\n\t\t\t\t\t\t<\/div>\n\t\t\t\t<\/div>\n\t\t\t\t\t<\/div>\n\t\t<\/div>\n\t\t\t\t\t<\/div>\n\t\t<\/section>\n\t\t\t\t<section class=\"elementor-section elementor-top-section elementor-element elementor-element-5348be0 elementor-section-boxed elementor-section-height-default elementor-section-height-default\" data-id=\"5348be0\" data-element_type=\"section\" data-e-type=\"section\">\n\t\t\t\t\t\t<div class=\"elementor-container elementor-column-gap-default\">\n\t\t\t\t\t<div class=\"elementor-column elementor-col-100 elementor-top-column elementor-element elementor-element-389ac15\" data-id=\"389ac15\" data-element_type=\"column\" data-e-type=\"column\">\n\t\t\t<div class=\"elementor-widget-wrap elementor-element-populated\">\n\t\t\t\t\t\t<div class=\"elementor-element elementor-element-dc4137c elementor-widget elementor-widget-text-editor\" data-id=\"dc4137c\" data-element_type=\"widget\" data-e-type=\"widget\" data-widget_type=\"text-editor.default\">\n\t\t\t\t<div class=\"elementor-widget-container\">\n\t\t\t\t\t\t\t\t\t<p>Filtrare CSEM in Focus per anno qui<\/p>\t\t\t\t\t\t\t\t<\/div>\n\t\t\t\t<\/div>\n\t\t\t\t<div class=\"elementor-element elementor-element-e0cad6d pp-equal-height-yes pp-posts-image-stack-none elementor-grid-2 elementor-grid-tablet-2 elementor-grid-mobile-1 pp-post-filters-align-left pp-search-form-icon pp-post-thumbnail-align-left elementor-widget elementor-widget-pp-posts\" data-id=\"e0cad6d\" data-element_type=\"widget\" data-e-type=\"widget\" data-settings=\"{&quot;news_columns&quot;:&quot;2&quot;,&quot;news_columns_tablet&quot;:&quot;2&quot;,&quot;news_columns_mobile&quot;:&quot;1&quot;}\" data-widget_type=\"pp-posts.news\">\n\t\t\t\t<div class=\"elementor-widget-container\">\n\t\t\t\t\t\t\t<div class=\"pp-post-filters-container\" data-search-form=\"show\" data-search-action=\"button-click\">\n\t\t\t\t\t\t<div class=\"pp-post-filters-wrap pp-post-filters-dropdown-no\">\n\t\t\t\t<ul class=\"pp-post-filters\">\n\t\t\t\t\t\t\t\t\t\t\t<li class=\"pp-post-filter pp-filter-current\" data-filter=\"*\" data-taxonomy=\"\">Tutti i CSEM in evidenza<\/li>\n\t\t\t\t\t\t\t\t\t\t\t\t\t\t\t\t\t\t\t\t\t\t\t\t\t\t\t\t\t\t<li class=\"pp-post-filter\" data-filter=\".2012\" data-taxonomy=\".category\">2012<\/li>\n\t\t\t\t\t\t\t\t\t\t\t\t\t\t\t\t\t\t\t\t\t\t\t\t\t\t<li class=\"pp-post-filter\" data-filter=\".2013\" data-taxonomy=\".category\">2013<\/li>\n\t\t\t\t\t\t\t\t\t\t\t\t\t\t\t\t\t\t\t\t\t\t\t\t\t\t<li class=\"pp-post-filter\" data-filter=\".2014\" data-taxonomy=\".category\">2014<\/li>\n\t\t\t\t\t\t\t\t\t\t\t\t\t\t\t\t\t\t\t\t\t\t\t\t\t\t<li class=\"pp-post-filter\" data-filter=\".2015\" data-taxonomy=\".category\">2015<\/li>\n\t\t\t\t\t\t\t\t\t\t\t\t\t\t\t\t\t\t\t\t\t\t\t\t\t\t<li class=\"pp-post-filter\" data-filter=\".2016\" data-taxonomy=\".category\">2016<\/li>\n\t\t\t\t\t\t\t\t\t\t\t\t\t\t\t\t\t\t\t\t\t\t\t\t\t\t<li class=\"pp-post-filter\" data-filter=\".2017\" data-taxonomy=\".category\">2017<\/li>\n\t\t\t\t\t\t\t\t\t\t\t\t\t\t\t\t\t\t\t\t\t\t\t\t\t\t<li class=\"pp-post-filter\" data-filter=\".2018-csem-em-foco\" data-taxonomy=\".category\">2018<\/li>\n\t\t\t\t\t\t\t\t\t\t\t\t\t\t\t\t\t\t\t\t\t\t\t\t\t\t<li class=\"pp-post-filter\" data-filter=\".2019\" data-taxonomy=\".category\">2019<\/li>\n\t\t\t\t\t\t\t\t\t\t\t\t\t\t\t\t\t\t\t\t\t\t\t\t\t\t<li class=\"pp-post-filter\" data-filter=\".2020\" data-taxonomy=\".category\">2020<\/li>\n\t\t\t\t\t\t\t\t\t\t\t\t\t\t\t\t\t\t\t\t\t\t\t\t\t\t<li class=\"pp-post-filter\" data-filter=\".2021\" data-taxonomy=\".category\">2021<\/li>\n\t\t\t\t\t\t\t\t\t\t\t\t\t\t\t\t\t\t\t\t\t\t\t\t\t\t<li class=\"pp-post-filter\" data-filter=\".2022-csem-em-foco\" data-taxonomy=\".category\">2022<\/li>\n\t\t\t\t\t\t\t\t\t\t\t\t\t\t\t\t\t\t\t\t\t\t\t\t\t\t<li class=\"pp-post-filter\" data-filter=\".2023\" data-taxonomy=\".category\">2023<\/li>\n\t\t\t\t\t\t\t\t\t\t\t\t\t\t\t\t\t\t\t\t\t\t\t\t\t\t<li class=\"pp-post-filter\" data-filter=\".2024\" data-taxonomy=\".category\">2024<\/li>\n\t\t\t\t\t\t\t\t\t\t\t\t\t\t\t\t\t\t\t\t\t\t\t\t\t\t<li class=\"pp-post-filter\" data-filter=\".csem-em-foco\" data-taxonomy=\".category\">CSEM in primo piano<\/li>\n\t\t\t\t\t\t\t\t\t\t\t\t\t\t\t\t\t\t\t\t\t\t\t\t\t\t<li class=\"pp-post-filter\" data-filter=\".destaque-csem-em-foco\" data-taxonomy=\".category\">Riflettori puntati sul CSEM<\/li>\n\t\t\t\t\t\t\t\t\t\t\t<\/ul>\n\n\t\t\t\t\t\t\t<\/div>\n\t\t\t\t\t\t\t\t<div class=\"pp-search-form-container\">\n\t\t\t<div class=\"pp-search-form\">\n\t\t\t\t<input placeholder=\"Digitare il titolo o il tema desiderato\" class=\"pp-search-form-input\" type=\"search\" name=\"s\" title=\"Ricerca\">\n\t\t\t\t<button class=\"pp-search-form-submit\" type=\"submit\" title=\"Ricerca\" aria-label=\"Ricerca\">\n\t\t\t\t\t\t\t\t\t\t\t<i aria-hidden=\"true\" class=\"fas fa-search\"><\/i>\t\t\t\t\t\t<span class=\"elementor-screen-only\">Ricerca<\/span>\n\t\t\t\t\t\t\t\t\t<\/button>\n\t\t\t<\/div>\n\t\t<\/div>\n\t\t\t\t<\/div>\n\t\t\t\t<div class=\"pp-posts-container\">\n\t\t\t\n\t\t\t\t\t\t\t\t\t\t\n\t\t\t<div class=\"pp-posts pp-posts-skin-news elementor-grid pp-posts-grid\" data-query-type=\"custom\" data-layout=\"grid\" data-page=\"20315\" data-skin=\"news\">\n\t\t\t\t\t\t\t\t\t\t\t<div class=\"pp-post-wrap pp-grid-item-wrap elementor-grid-item post-26872 csem_em_foco type-csem_em_foco status-publish has-post-thumbnail hentry\">\n\t\t\t\t\t\t<div class=\"pp-post pp-grid-item\">\n\t\t\t\t\t\t<div class=\"pp-post-thumbnail\">\n\t\t\t<a class=\"pp-post-thumbnail-wrap\" href=\"https:\/\/www.csem.org.br\/it\/csem_em_foco\/38-anos-de-compromisso-com-a-dignidade-humana\/\" title=\"38 anos de compromisso com a dignidade humana\">\n\t\t\t\t<img fetchpriority=\"high\" decoding=\"async\" width=\"800\" height=\"880\" src=\"https:\/\/www.csem.org.br\/wp-content\/uploads\/2026\/03\/LOGO-8-931x1024.png\" class=\"attachment-large size-large wp-image-26873\" alt=\"\" title=\"\" srcset=\"https:\/\/www.csem.org.br\/wp-content\/uploads\/2026\/03\/LOGO-8-931x1024.png 931w, https:\/\/www.csem.org.br\/wp-content\/uploads\/2026\/03\/LOGO-8-273x300.png 273w, https:\/\/www.csem.org.br\/wp-content\/uploads\/2026\/03\/LOGO-8-768x845.png 768w, https:\/\/www.csem.org.br\/wp-content\/uploads\/2026\/03\/LOGO-8-11x12.png 11w, https:\/\/www.csem.org.br\/wp-content\/uploads\/2026\/03\/LOGO-8.png 1080w\" sizes=\"(max-width: 800px) 100vw, 800px\" \/>\t\t\t<\/a>\n\t\t<\/div>\n\t\t\t\t\t\t<div class=\"pp-post-content\">\n\t\t\t\t\t\t\t\t\t\t\t<h2 class=\"pp-post-title\">\n\t\t\t\t<a href=\"https:\/\/www.csem.org.br\/it\/csem_em_foco\/38-anos-de-compromisso-com-a-dignidade-humana\/\">38 anos de compromisso com a dignidade humana<\/a>\t\t\t<\/h2>\n\t\t\t\t\t\t\t\t\t<div class=\"pp-post-meta\">\n\t\t\t\t\t\t\t\t<span class=\"pp-post-date\">\n\t\t\t\t\t\t<span class=\"pp-meta-text\">\n\t\t\t\t25 de Marzo de 2026\t\t\t<\/span>\n\t\t<\/span>\n\t\t<span class=\"pp-meta-separator\"><\/span>\n\t\t\t\t\t\t\t<\/div>\n\t\t\t\t\t\t\t<\/div>\n\t\t\t<\/div>\n\t\t\t\t\t<\/div>\n\t\t\t\t<div class=\"pp-post-wrap pp-grid-item-wrap elementor-grid-item post-26443 csem_em_foco type-csem_em_foco status-publish has-post-thumbnail hentry category-destaque-csem-em-foco\">\n\t\t\t\t\t\t<div class=\"pp-post pp-grid-item\">\n\t\t\t\t\t\t<div class=\"pp-post-thumbnail\">\n\t\t\t<a class=\"pp-post-thumbnail-wrap\" href=\"https:\/\/www.csem.org.br\/it\/csem_em_foco\/mulheres-em-mobilidade-o-trabalho-das-irmas-scalabrinianas-no-projeto-chaire-gynai-em-destaque\/\" title=\"Mulheres em mobilidade: o trabalho das Irm\u00e3s Scalabrinianas no projeto Chaire Gynai em destaque.\">\n\t\t\t\t<img decoding=\"async\" width=\"800\" height=\"1000\" src=\"https:\/\/www.csem.org.br\/wp-content\/uploads\/2026\/03\/site-819x1024.jpg\" class=\"attachment-large size-large wp-image-26444\" alt=\"\" title=\"\" srcset=\"https:\/\/www.csem.org.br\/wp-content\/uploads\/2026\/03\/site-819x1024.jpg 819w, https:\/\/www.csem.org.br\/wp-content\/uploads\/2026\/03\/site-240x300.jpg 240w, https:\/\/www.csem.org.br\/wp-content\/uploads\/2026\/03\/site-768x960.jpg 768w, https:\/\/www.csem.org.br\/wp-content\/uploads\/2026\/03\/site-10x12.jpg 10w, https:\/\/www.csem.org.br\/wp-content\/uploads\/2026\/03\/site.jpg 1080w\" sizes=\"(max-width: 800px) 100vw, 800px\" \/>\t\t\t<\/a>\n\t\t<\/div>\n\t\t\t\t\t\t<div class=\"pp-post-content\">\n\t\t\t\t\t\t\t\t\t\t\t<h2 class=\"pp-post-title\">\n\t\t\t\t<a href=\"https:\/\/www.csem.org.br\/it\/csem_em_foco\/mulheres-em-mobilidade-o-trabalho-das-irmas-scalabrinianas-no-projeto-chaire-gynai-em-destaque\/\">Mulheres em mobilidade: o trabalho das Irm\u00e3s Scalabrinianas no projeto Chaire Gynai em destaque.<\/a>\t\t\t<\/h2>\n\t\t\t\t\t\t\t\t\t<div class=\"pp-post-meta\">\n\t\t\t\t\t\t\t\t<span class=\"pp-post-date\">\n\t\t\t\t\t\t<span class=\"pp-meta-text\">\n\t\t\t\t7 de Marzo de 2026\t\t\t<\/span>\n\t\t<\/span>\n\t\t<span class=\"pp-meta-separator\"><\/span>\n\t\t\t\t\t\t\t<\/div>\n\t\t\t\t\t\t\t<\/div>\n\t\t\t<\/div>\n\t\t\t\t\t<\/div>\n\t\t\t\t<div class=\"pp-post-wrap pp-grid-item-wrap elementor-grid-item post-26361 csem_em_foco type-csem_em_foco status-publish has-post-thumbnail hentry\">\n\t\t\t\t\t\t<div class=\"pp-post pp-grid-item\">\n\t\t\t\t\t\t<div class=\"pp-post-thumbnail\">\n\t\t\t<a class=\"pp-post-thumbnail-wrap\" href=\"https:\/\/www.csem.org.br\/it\/csem_em_foco\/dia-mundial-de-oracao-e-reflexao-contra-o-trafico-de-pessoas-dia-de-santa-josefina-bakhita\/\" title=\"Dia Mundial de Ora\u00e7\u00e3o e Reflex\u00e3o contra o Tr\u00e1fico de Pessoas &#8211; Dia de Santa Josefina Bakhita\">\n\t\t\t\t<img decoding=\"async\" width=\"800\" height=\"1000\" src=\"https:\/\/www.csem.org.br\/wp-content\/uploads\/2026\/02\/WhatsApp-Image-2026-02-10-at-11.20.10-819x1024.jpeg\" class=\"attachment-large size-large wp-image-26362\" alt=\"\" title=\"\" srcset=\"https:\/\/www.csem.org.br\/wp-content\/uploads\/2026\/02\/WhatsApp-Image-2026-02-10-at-11.20.10-819x1024.jpeg 819w, https:\/\/www.csem.org.br\/wp-content\/uploads\/2026\/02\/WhatsApp-Image-2026-02-10-at-11.20.10-240x300.jpeg 240w, https:\/\/www.csem.org.br\/wp-content\/uploads\/2026\/02\/WhatsApp-Image-2026-02-10-at-11.20.10-768x960.jpeg 768w, https:\/\/www.csem.org.br\/wp-content\/uploads\/2026\/02\/WhatsApp-Image-2026-02-10-at-11.20.10-10x12.jpeg 10w, https:\/\/www.csem.org.br\/wp-content\/uploads\/2026\/02\/WhatsApp-Image-2026-02-10-at-11.20.10.jpeg 1080w\" sizes=\"(max-width: 800px) 100vw, 800px\" \/>\t\t\t<\/a>\n\t\t<\/div>\n\t\t\t\t\t\t<div class=\"pp-post-content\">\n\t\t\t\t\t\t\t\t\t\t\t<h2 class=\"pp-post-title\">\n\t\t\t\t<a href=\"https:\/\/www.csem.org.br\/it\/csem_em_foco\/dia-mundial-de-oracao-e-reflexao-contra-o-trafico-de-pessoas-dia-de-santa-josefina-bakhita\/\">Dia Mundial de Ora\u00e7\u00e3o e Reflex\u00e3o contra o Tr\u00e1fico de Pessoas &#8211; Dia de Santa Josefina Bakhita<\/a>\t\t\t<\/h2>\n\t\t\t\t\t\t\t\t\t<div class=\"pp-post-meta\">\n\t\t\t\t\t\t\t\t<span class=\"pp-post-date\">\n\t\t\t\t\t\t<span class=\"pp-meta-text\">\n\t\t\t\t10 de Febbraio de 2026\t\t\t<\/span>\n\t\t<\/span>\n\t\t<span class=\"pp-meta-separator\"><\/span>\n\t\t\t\t\t\t\t<\/div>\n\t\t\t\t\t\t\t<\/div>\n\t\t\t<\/div>\n\t\t\t\t\t<\/div>\n\t\t\t\t<div class=\"pp-post-wrap pp-grid-item-wrap elementor-grid-item post-26353 csem_em_foco type-csem_em_foco status-publish has-post-thumbnail hentry\">\n\t\t\t\t\t\t<div class=\"pp-post pp-grid-item\">\n\t\t\t\t\t\t<div class=\"pp-post-thumbnail\">\n\t\t\t<a class=\"pp-post-thumbnail-wrap\" href=\"https:\/\/www.csem.org.br\/it\/csem_em_foco\/editorial-remhu-33-imobilidade-migracao-e-refugio-na-conjuntura-atual\/\" title=\"EDITORIAL REMHU 33: (I)MOBILIDADE, MIGRA\u00c7\u00c3O E REF\u00daGIO NA CONJUNTURA ATUAL\">\n\t\t\t\t<img loading=\"lazy\" decoding=\"async\" width=\"800\" height=\"1000\" src=\"https:\/\/www.csem.org.br\/wp-content\/uploads\/2026\/02\/WhatsApp-Image-2026-02-02-at-14.38.37-1-819x1024.jpeg\" class=\"attachment-large size-large wp-image-26359\" alt=\"\" title=\"\" srcset=\"https:\/\/www.csem.org.br\/wp-content\/uploads\/2026\/02\/WhatsApp-Image-2026-02-02-at-14.38.37-1-819x1024.jpeg 819w, https:\/\/www.csem.org.br\/wp-content\/uploads\/2026\/02\/WhatsApp-Image-2026-02-02-at-14.38.37-1-240x300.jpeg 240w, https:\/\/www.csem.org.br\/wp-content\/uploads\/2026\/02\/WhatsApp-Image-2026-02-02-at-14.38.37-1-768x960.jpeg 768w, https:\/\/www.csem.org.br\/wp-content\/uploads\/2026\/02\/WhatsApp-Image-2026-02-02-at-14.38.37-1-10x12.jpeg 10w, https:\/\/www.csem.org.br\/wp-content\/uploads\/2026\/02\/WhatsApp-Image-2026-02-02-at-14.38.37-1.jpeg 1080w\" sizes=\"(max-width: 800px) 100vw, 800px\" \/>\t\t\t<\/a>\n\t\t<\/div>\n\t\t\t\t\t\t<div class=\"pp-post-content\">\n\t\t\t\t\t\t\t\t\t\t\t<h2 class=\"pp-post-title\">\n\t\t\t\t<a href=\"https:\/\/www.csem.org.br\/it\/csem_em_foco\/editorial-remhu-33-imobilidade-migracao-e-refugio-na-conjuntura-atual\/\">EDITORIAL REMHU 33: (I)MOBILIDADE, MIGRA\u00c7\u00c3O E REF\u00daGIO NA CONJUNTURA ATUAL<\/a>\t\t\t<\/h2>\n\t\t\t\t\t\t\t\t\t<div class=\"pp-post-meta\">\n\t\t\t\t\t\t\t\t<span class=\"pp-post-date\">\n\t\t\t\t\t\t<span class=\"pp-meta-text\">\n\t\t\t\t2 de Febbraio de 2026\t\t\t<\/span>\n\t\t<\/span>\n\t\t<span class=\"pp-meta-separator\"><\/span>\n\t\t\t\t\t\t\t<\/div>\n\t\t\t\t\t\t\t<\/div>\n\t\t\t<\/div>\n\t\t\t\t\t<\/div>\n\t\t\t\t<div class=\"pp-post-wrap pp-grid-item-wrap elementor-grid-item post-26344 csem_em_foco type-csem_em_foco status-publish has-post-thumbnail hentry\">\n\t\t\t\t\t\t<div class=\"pp-post pp-grid-item\">\n\t\t\t\t\t\t<div class=\"pp-post-thumbnail\">\n\t\t\t<a class=\"pp-post-thumbnail-wrap\" href=\"https:\/\/www.csem.org.br\/it\/csem_em_foco\/como-podemos-pensar-a-saude-mental-para-pessoas-migrantes-refugiadas-e-apatridas\/\" title=\"Como podemos pensar a sa\u00fade mental para pessoas migrantes, refugiadas e ap\u00e1tridas?\">\n\t\t\t\t<img loading=\"lazy\" decoding=\"async\" width=\"800\" height=\"1000\" src=\"https:\/\/www.csem.org.br\/wp-content\/uploads\/2026\/01\/WhatsApp-Image-2026-01-16-at-12.53.08-819x1024.jpeg\" class=\"attachment-large size-large wp-image-26345\" alt=\"\" title=\"\" srcset=\"https:\/\/www.csem.org.br\/wp-content\/uploads\/2026\/01\/WhatsApp-Image-2026-01-16-at-12.53.08-819x1024.jpeg 819w, https:\/\/www.csem.org.br\/wp-content\/uploads\/2026\/01\/WhatsApp-Image-2026-01-16-at-12.53.08-240x300.jpeg 240w, https:\/\/www.csem.org.br\/wp-content\/uploads\/2026\/01\/WhatsApp-Image-2026-01-16-at-12.53.08-768x960.jpeg 768w, https:\/\/www.csem.org.br\/wp-content\/uploads\/2026\/01\/WhatsApp-Image-2026-01-16-at-12.53.08-10x12.jpeg 10w, https:\/\/www.csem.org.br\/wp-content\/uploads\/2026\/01\/WhatsApp-Image-2026-01-16-at-12.53.08.jpeg 1080w\" sizes=\"(max-width: 800px) 100vw, 800px\" \/>\t\t\t<\/a>\n\t\t<\/div>\n\t\t\t\t\t\t<div class=\"pp-post-content\">\n\t\t\t\t\t\t\t\t\t\t\t<h2 class=\"pp-post-title\">\n\t\t\t\t<a href=\"https:\/\/www.csem.org.br\/it\/csem_em_foco\/como-podemos-pensar-a-saude-mental-para-pessoas-migrantes-refugiadas-e-apatridas\/\">Como podemos pensar a sa\u00fade mental para pessoas migrantes, refugiadas e ap\u00e1tridas?<\/a>\t\t\t<\/h2>\n\t\t\t\t\t\t\t\t\t<div class=\"pp-post-meta\">\n\t\t\t\t\t\t\t\t<span class=\"pp-post-date\">\n\t\t\t\t\t\t<span class=\"pp-meta-text\">\n\t\t\t\t16 de Gennaio de 2026\t\t\t<\/span>\n\t\t<\/span>\n\t\t<span class=\"pp-meta-separator\"><\/span>\n\t\t\t\t\t\t\t<\/div>\n\t\t\t\t\t\t\t<\/div>\n\t\t\t<\/div>\n\t\t\t\t\t<\/div>\n\t\t\t\t<div class=\"pp-post-wrap pp-grid-item-wrap elementor-grid-item post-26335 csem_em_foco type-csem_em_foco status-publish has-post-thumbnail hentry\">\n\t\t\t\t\t\t<div class=\"pp-post pp-grid-item\">\n\t\t\t\t\t\t<div class=\"pp-post-thumbnail\">\n\t\t\t<a class=\"pp-post-thumbnail-wrap\" href=\"https:\/\/www.csem.org.br\/it\/csem_em_foco\/remhu-alcanca-a1-na-nova-avaliacao-quadrienal-da-capes\/\" title=\"REMHU alcan\u00e7a A1 na nova avalia\u00e7\u00e3o quadrienal da CAPES\">\n\t\t\t\t<img loading=\"lazy\" decoding=\"async\" width=\"800\" height=\"1010\" src=\"https:\/\/www.csem.org.br\/wp-content\/uploads\/2026\/01\/site-811x1024.jpg\" class=\"attachment-large size-large wp-image-26336\" alt=\"\" title=\"\" srcset=\"https:\/\/www.csem.org.br\/wp-content\/uploads\/2026\/01\/site-811x1024.jpg 811w, https:\/\/www.csem.org.br\/wp-content\/uploads\/2026\/01\/site-238x300.jpg 238w, https:\/\/www.csem.org.br\/wp-content\/uploads\/2026\/01\/site-768x970.jpg 768w, https:\/\/www.csem.org.br\/wp-content\/uploads\/2026\/01\/site-10x12.jpg 10w, https:\/\/www.csem.org.br\/wp-content\/uploads\/2026\/01\/site.jpg 1105w\" sizes=\"(max-width: 800px) 100vw, 800px\" \/>\t\t\t<\/a>\n\t\t<\/div>\n\t\t\t\t\t\t<div class=\"pp-post-content\">\n\t\t\t\t\t\t\t\t\t\t\t<h2 class=\"pp-post-title\">\n\t\t\t\t<a href=\"https:\/\/www.csem.org.br\/it\/csem_em_foco\/remhu-alcanca-a1-na-nova-avaliacao-quadrienal-da-capes\/\">REMHU alcan\u00e7a A1 na nova avalia\u00e7\u00e3o quadrienal da CAPES<\/a>\t\t\t<\/h2>\n\t\t\t\t\t\t\t\t\t<div class=\"pp-post-meta\">\n\t\t\t\t\t\t\t\t<span class=\"pp-post-date\">\n\t\t\t\t\t\t<span class=\"pp-meta-text\">\n\t\t\t\t14 de Gennaio de 2026\t\t\t<\/span>\n\t\t<\/span>\n\t\t<span class=\"pp-meta-separator\"><\/span>\n\t\t\t\t\t\t\t<\/div>\n\t\t\t\t\t\t\t<\/div>\n\t\t\t<\/div>\n\t\t\t\t\t<\/div>\n\t\t\t\t\t\t\t\t\t<\/div>\n\t\t\t\n\t\t\t\n\t\t\t\t\t\t<div class=\"pp-posts-loader\"><\/div>\n\t\t\t\n\t\t\t\n\t\t\t\t\t\t\t\t\t\t\t<div class=\"pp-posts-pagination-wrap pp-posts-pagination-bottom\">\n\t\t\t\t\t\t\t\t<div class=\"pp-post-load-more-wrap pp-posts-pagination\" data-total=\"53\">\n\t\t\t\t<a class=\"pp-post-load-more elementor-button elementor-size-sm\" href=\"javascript:void(0);\">\n\t\t\t\t\t\t\t\t\t\t\t\t\t\t\t\t<span class=\"pp-button-text\">\n\t\t\t\t\t\t\tVEDI ALTRO CSEM in primo piano\t\t\t\t\t\t<\/span>\n\t\t\t\t\t\t\t\t\t\t\t\t\t\t<\/a>\n\t\t\t<\/div>\n\t\t\t\t\t\t\t<\/div>\n\t\t\t\t\t\t\t\t\t<\/div>\n\n\t\t\n\t\t\t\t\t\t<\/div>\n\t\t\t\t<\/div>\n\t\t\t\t\t<\/div>\n\t\t<\/div>\n\t\t\t\t\t<\/div>\n\t\t<\/section>\n\t\t\t\t<\/div>","protected":false},"excerpt":{"rendered":"<p>Filtre aqui o CSEM em Foco por ano Todos CSEM em Foco 2012 2013 2014 2015 2016 2017 2018 2019 2020 2021 2022 2023 Destaque CSEM em Foco Search RESCATAR LA ESPERANZA COMO EJERCICIO CIUDADANO 1 de setembro de 2023 CSEM, OIM e SEDES se re\u00fanem com o Conselho de Assist\u00eancia Social do DF para [&hellip;]<\/p>\n","protected":false},"author":2,"featured_media":0,"parent":0,"menu_order":0,"comment_status":"closed","ping_status":"closed","template":"elementor_header_footer","meta":{"_acf_changed":false,"footnotes":""},"class_list":["post-20315","page","type-page","status-publish","hentry"],"acf":[],"_links":{"self":[{"href":"https:\/\/www.csem.org.br\/it\/wp-json\/wp\/v2\/pages\/20315","targetHints":{"allow":["GET"]}}],"collection":[{"href":"https:\/\/www.csem.org.br\/it\/wp-json\/wp\/v2\/pages"}],"about":[{"href":"https:\/\/www.csem.org.br\/it\/wp-json\/wp\/v2\/types\/page"}],"author":[{"embeddable":true,"href":"https:\/\/www.csem.org.br\/it\/wp-json\/wp\/v2\/users\/2"}],"replies":[{"embeddable":true,"href":"https:\/\/www.csem.org.br\/it\/wp-json\/wp\/v2\/comments?post=20315"}],"version-history":[{"count":0,"href":"https:\/\/www.csem.org.br\/it\/wp-json\/wp\/v2\/pages\/20315\/revisions"}],"wp:attachment":[{"href":"https:\/\/www.csem.org.br\/it\/wp-json\/wp\/v2\/media?parent=20315"}],"curies":[{"name":"wp","href":"https:\/\/api.w.org\/{rel}","templated":true}]}}