{"id":13856,"date":"2018-07-25T14:09:44","date_gmt":"2018-07-25T17:09:44","guid":{"rendered":"https:\/\/csem.org.br\/?page_id=13856"},"modified":"2023-08-24T10:17:28","modified_gmt":"2023-08-24T13:17:28","slug":"csem-eventos","status":"publish","type":"page","link":"https:\/\/www.csem.org.br\/it\/csem-eventos\/","title":{"rendered":"Eventi"},"content":{"rendered":"<div data-elementor-type=\"wp-page\" data-elementor-id=\"13856\" class=\"elementor elementor-13856\" data-elementor-post-type=\"page\">\n\t\t\t\t\t\t<section class=\"elementor-section elementor-top-section elementor-element elementor-element-bfb2040 elementor-section-full_width elementor-section-height-default elementor-section-height-default\" data-id=\"bfb2040\" data-element_type=\"section\" data-e-type=\"section\">\n\t\t\t\t\t\t<div class=\"elementor-container elementor-column-gap-no\">\n\t\t\t\t\t<div class=\"elementor-column elementor-col-100 elementor-top-column elementor-element elementor-element-54649f5\" data-id=\"54649f5\" data-element_type=\"column\" data-e-type=\"column\">\n\t\t\t<div class=\"elementor-widget-wrap elementor-element-populated\">\n\t\t\t\t\t\t<div class=\"elementor-element elementor-element-243f3b9 elementor-widget elementor-widget-template\" data-id=\"243f3b9\" data-element_type=\"widget\" data-e-type=\"widget\" data-widget_type=\"template.default\">\n\t\t\t\t<div class=\"elementor-widget-container\">\n\t\t\t\t\t\t\t<div class=\"elementor-template\">\n\t\t\t\t\t<div data-elementor-type=\"section\" data-elementor-id=\"19749\" class=\"elementor elementor-19749\" data-elementor-post-type=\"elementor_library\">\n\t\t\t\t\t<section class=\"elementor-section elementor-top-section elementor-element elementor-element-15b34725 elementor-section-boxed elementor-section-height-default elementor-section-height-default\" data-id=\"15b34725\" data-element_type=\"section\" data-e-type=\"section\" data-settings=\"{&quot;background_background&quot;:&quot;classic&quot;}\">\n\t\t\t\t\t\t<div class=\"elementor-container elementor-column-gap-default\">\n\t\t\t\t\t<div class=\"elementor-column elementor-col-100 elementor-top-column elementor-element elementor-element-3622abe\" data-id=\"3622abe\" data-element_type=\"column\" data-e-type=\"column\">\n\t\t\t<div class=\"elementor-widget-wrap elementor-element-populated\">\n\t\t\t\t\t\t<section class=\"elementor-section elementor-inner-section elementor-element elementor-element-17cf0bf5 elementor-section-boxed elementor-section-height-default elementor-section-height-default\" data-id=\"17cf0bf5\" data-element_type=\"section\" data-e-type=\"section\">\n\t\t\t\t\t\t<div class=\"elementor-container elementor-column-gap-no\">\n\t\t\t\t\t<div class=\"elementor-column elementor-col-50 elementor-inner-column elementor-element elementor-element-295ae005\" data-id=\"295ae005\" data-element_type=\"column\" data-e-type=\"column\">\n\t\t\t<div class=\"elementor-widget-wrap elementor-element-populated\">\n\t\t\t\t\t\t<div class=\"elementor-element elementor-element-ec1d722 elementor-widget elementor-widget-pp-breadcrumbs\" data-id=\"ec1d722\" data-element_type=\"widget\" data-e-type=\"widget\" data-settings=\"{&quot;breadcrumbs_type&quot;:&quot;powerpack&quot;}\" data-widget_type=\"pp-breadcrumbs.default\">\n\t\t\t\t<div class=\"elementor-widget-container\">\n\t\t\t\t\t<ul class=\"pp-breadcrumbs pp-breadcrumbs-powerpack\">\t\t<li class=\"pp-breadcrumbs-item pp-breadcrumbs-item-home\">\n\t\t\t<a class=\"pp-breadcrumbs-crumb pp-breadcrumbs-crumb-link pp-breadcrumbs-crumb-home\" href=\"https:\/\/www.csem.org.br\/it\" title=\"Casa \">\n\t\t\t\t<span class=\"pp-breadcrumbs-text\">\n\t\t\t\t\t\t\t\t\t\t\t<span class=\"pp-icon\">\n\t\t\t\t\t\t\t<i aria-hidden=\"true\" class=\"far fa-folder-open\"><\/i>\t\t\t\t\t\t<\/span>\n\t\t\t\t\t\t\t\t\t\tCasa \t\t\t\t<\/span>\n\t\t\t<\/a>\n\t\t<\/li>\n\t\t<li class=\"pp-breadcrumbs-separator\">\t\t\t\t<span class='pp-separator-icon pp-icon'>\n\t\t\t\t\t<i aria-hidden=\"true\" class=\"fas fa-angle-double-right\"><\/i>\t\t\t\t<\/span>\n\t\t\t\t<\/li><\/ul>\t\t\t\t<\/div>\n\t\t\t\t<\/div>\n\t\t\t\t\t<\/div>\n\t\t<\/div>\n\t\t\t\t<div class=\"elementor-column elementor-col-50 elementor-inner-column elementor-element elementor-element-17b588ad elementor-hidden-tablet elementor-hidden-mobile\" data-id=\"17b588ad\" data-element_type=\"column\" data-e-type=\"column\">\n\t\t\t<div class=\"elementor-widget-wrap elementor-element-populated\">\n\t\t\t\t\t\t<div class=\"elementor-element elementor-element-12039253 elementor-share-buttons--view-icon elementor-share-buttons--skin-flat elementor-share-buttons--shape-circle elementor-grid-3 elementor-hidden-tablet elementor-hidden-mobile elementor-share-buttons--color-official elementor-widget elementor-widget-share-buttons\" data-id=\"12039253\" data-element_type=\"widget\" data-e-type=\"widget\" data-widget_type=\"share-buttons.default\">\n\t\t\t\t<div class=\"elementor-widget-container\">\n\t\t\t\t\t\t\t<div class=\"elementor-grid\" role=\"list\">\n\t\t\t\t\t\t\t\t<div class=\"elementor-grid-item\" role=\"listitem\">\n\t\t\t\t\t\t<div class=\"elementor-share-btn elementor-share-btn_whatsapp\" role=\"button\" tabindex=\"0\" aria-label=\"Condividi su whatsapp\">\n\t\t\t\t\t\t\t\t\t\t\t\t\t\t\t<span class=\"elementor-share-btn__icon\">\n\t\t\t\t\t\t\t\t<i class=\"fab fa-whatsapp\" aria-hidden=\"true\"><\/i>\t\t\t\t\t\t\t<\/span>\n\t\t\t\t\t\t\t\t\t\t\t\t\t\t\t\t\t\t\t\t<\/div>\n\t\t\t\t\t<\/div>\n\t\t\t\t\t\t\t\t\t<div class=\"elementor-grid-item\" role=\"listitem\">\n\t\t\t\t\t\t<div class=\"elementor-share-btn elementor-share-btn_email\" role=\"button\" tabindex=\"0\" aria-label=\"Condividi su e-mail\">\n\t\t\t\t\t\t\t\t\t\t\t\t\t\t\t<span class=\"elementor-share-btn__icon\">\n\t\t\t\t\t\t\t\t<i class=\"fas fa-envelope\" aria-hidden=\"true\"><\/i>\t\t\t\t\t\t\t<\/span>\n\t\t\t\t\t\t\t\t\t\t\t\t\t\t\t\t\t\t\t\t<\/div>\n\t\t\t\t\t<\/div>\n\t\t\t\t\t\t\t\t\t<div class=\"elementor-grid-item\" role=\"listitem\">\n\t\t\t\t\t\t<div class=\"elementor-share-btn elementor-share-btn_print\" role=\"button\" tabindex=\"0\" aria-label=\"Condividi su stampa\">\n\t\t\t\t\t\t\t\t\t\t\t\t\t\t\t<span class=\"elementor-share-btn__icon\">\n\t\t\t\t\t\t\t\t<i class=\"fas fa-print\" aria-hidden=\"true\"><\/i>\t\t\t\t\t\t\t<\/span>\n\t\t\t\t\t\t\t\t\t\t\t\t\t\t\t\t\t\t\t\t<\/div>\n\t\t\t\t\t<\/div>\n\t\t\t\t\t\t<\/div>\n\t\t\t\t\t\t<\/div>\n\t\t\t\t<\/div>\n\t\t\t\t\t<\/div>\n\t\t<\/div>\n\t\t\t\t\t<\/div>\n\t\t<\/section>\n\t\t\t\t\t<\/div>\n\t\t<\/div>\n\t\t\t\t\t<\/div>\n\t\t<\/section>\n\t\t\t\t<\/div>\n\t\t\t\t<\/div>\n\t\t\t\t\t\t<\/div>\n\t\t\t\t<\/div>\n\t\t\t\t\t<\/div>\n\t\t<\/div>\n\t\t\t\t\t<\/div>\n\t\t<\/section>\n\t\t\t\t<section class=\"elementor-section elementor-top-section elementor-element elementor-element-6a21c91 elementor-section-boxed elementor-section-height-default elementor-section-height-default\" data-id=\"6a21c91\" data-element_type=\"section\" data-e-type=\"section\">\n\t\t\t\t\t\t<div class=\"elementor-container elementor-column-gap-default\">\n\t\t\t\t\t<div class=\"elementor-column elementor-col-100 elementor-top-column elementor-element elementor-element-cf1d84c\" data-id=\"cf1d84c\" data-element_type=\"column\" data-e-type=\"column\">\n\t\t\t<div class=\"elementor-widget-wrap elementor-element-populated\">\n\t\t\t\t\t\t<div class=\"elementor-element elementor-element-195f297 elementor-widget elementor-widget-text-editor\" data-id=\"195f297\" data-element_type=\"widget\" data-e-type=\"widget\" data-widget_type=\"text-editor.default\">\n\t\t\t\t<div class=\"elementor-widget-container\">\n\t\t\t\t\t\t\t\t\t<p>Eventi e conferenze in programma<\/p>\t\t\t\t\t\t\t\t<\/div>\n\t\t\t\t<\/div>\n\t\t\t\t<div class=\"elementor-element elementor-element-65af1b6 pp-equal-height-yes elementor-grid-4 pp-posts-thumbnail-ratio elementor-grid-tablet-2 elementor-grid-mobile-1 pp-post-filters-align-left elementor-widget elementor-widget-pp-posts\" data-id=\"65af1b6\" data-element_type=\"widget\" data-e-type=\"widget\" data-widget_type=\"pp-posts.card\">\n\t\t\t\t<div class=\"elementor-widget-container\">\n\t\t\t\t\t\t\t\t<div class=\"pp-posts-container\">\n\t\t\t\t\t<div class=\"pp-posts-empty\">\n\t\t\t\t\t\t\t<p>Prossimamente<\/p>\n\t\t\t\n\t\t\t\t\t<\/div>\n\t\t\t\t\t<\/div>\n\t\t\t\t\t\t\t<\/div>\n\t\t\t\t<\/div>\n\t\t\t\t\t<\/div>\n\t\t<\/div>\n\t\t\t\t\t<\/div>\n\t\t<\/section>\n\t\t\t\t<section class=\"elementor-section elementor-top-section elementor-element elementor-element-3b5a76f elementor-section-boxed elementor-section-height-default elementor-section-height-default\" data-id=\"3b5a76f\" data-element_type=\"section\" data-e-type=\"section\" data-settings=\"{&quot;background_background&quot;:&quot;classic&quot;}\">\n\t\t\t\t\t\t<div class=\"elementor-container elementor-column-gap-default\">\n\t\t\t\t\t<div class=\"elementor-column elementor-col-100 elementor-top-column elementor-element elementor-element-b08a70d\" data-id=\"b08a70d\" data-element_type=\"column\" data-e-type=\"column\">\n\t\t\t<div class=\"elementor-widget-wrap elementor-element-populated\">\n\t\t\t\t\t\t<div class=\"elementor-element elementor-element-f70ad8f elementor-widget elementor-widget-text-editor\" data-id=\"f70ad8f\" data-element_type=\"widget\" data-e-type=\"widget\" data-widget_type=\"text-editor.default\">\n\t\t\t\t<div class=\"elementor-widget-container\">\n\t\t\t\t\t\t\t\t\t<p>Eventi precedenti<\/p>\t\t\t\t\t\t\t\t<\/div>\n\t\t\t\t<\/div>\n\t\t\t\t<div class=\"elementor-element elementor-element-0184168 pp-equal-height-yes elementor-grid-4 pp-posts-thumbnail-ratio elementor-grid-tablet-2 elementor-grid-mobile-1 pp-post-filters-align-left pp-search-form-icon elementor-widget elementor-widget-pp-posts\" data-id=\"0184168\" data-element_type=\"widget\" data-e-type=\"widget\" data-widget_type=\"pp-posts.card\">\n\t\t\t\t<div class=\"elementor-widget-container\">\n\t\t\t\t\t\t\t<div class=\"pp-post-filters-container\" data-search-form=\"show\" data-search-action=\"button-click\">\n\t\t\t\t\t\t<div class=\"pp-post-filters-wrap pp-post-filters-dropdown-no\">\n\t\t\t\t<ul class=\"pp-post-filters\">\n\t\t\t\t\t\t\t\t\t\t\t<li class=\"pp-post-filter pp-filter-current\" data-filter=\"*\" data-taxonomy=\"\">Tutti<\/li>\n\t\t\t\t\t\t\t\t\t\t\t\t\t\t\t\t\t\t\t\t\t\t\t\t\t\t\t\t\t\t<li class=\"pp-post-filter\" data-filter=\".2014-eventos\" data-taxonomy=\".category\">2014<span class=\"pp-post-filter-count\">10<\/span><\/li>\n\t\t\t\t\t\t\t\t\t\t\t\t\t\t\t\t\t\t\t\t\t\t\t\t\t\t<li class=\"pp-post-filter\" data-filter=\".2016-eventos\" data-taxonomy=\".category\">2016<span class=\"pp-post-filter-count\">3<\/span><\/li>\n\t\t\t\t\t\t\t\t\t\t\t\t\t\t\t\t\t\t\t\t\t\t\t\t\t\t<li class=\"pp-post-filter\" data-filter=\".2018-eventos\" data-taxonomy=\".category\">2018<span class=\"pp-post-filter-count\">1<\/span><\/li>\n\t\t\t\t\t\t\t\t\t\t\t\t\t\t\t\t\t\t\t\t\t\t\t\t\t\t<li class=\"pp-post-filter\" data-filter=\".2022-eventos\" data-taxonomy=\".category\">2022<span class=\"pp-post-filter-count\">1<\/span><\/li>\n\t\t\t\t\t\t\t\t\t\t\t\t\t\t\t\t\t\t\t\t\t\t\t\t\t\t<li class=\"pp-post-filter\" data-filter=\".2023-eventos\" data-taxonomy=\".category\">2023<span class=\"pp-post-filter-count\">2<\/span><\/li>\n\t\t\t\t\t\t\t\t\t\t\t<\/ul>\n\n\t\t\t\t\t\t\t<\/div>\n\t\t\t\t\t\t\t\t<div class=\"pp-search-form-container\">\n\t\t\t<div class=\"pp-search-form\">\n\t\t\t\t<input placeholder=\"Inserire il nome o il tema dell&#039;evento\" class=\"pp-search-form-input\" type=\"search\" name=\"s\" title=\"Ricerca\">\n\t\t\t\t<button class=\"pp-search-form-submit\" type=\"submit\" title=\"Ricerca\" aria-label=\"Ricerca\">\n\t\t\t\t\t\t\t\t\t\t\t<i aria-hidden=\"true\" class=\"fas fa-search\"><\/i>\t\t\t\t\t\t<span class=\"elementor-screen-only\">Ricerca<\/span>\n\t\t\t\t\t\t\t\t\t<\/button>\n\t\t\t<\/div>\n\t\t<\/div>\n\t\t\t\t<\/div>\n\t\t\t\t<div class=\"pp-posts-container\">\n\t\t\t\n\t\t\t\t\t\t\t\t\t\t\n\t\t\t<div class=\"pp-posts pp-posts-skin-card elementor-grid pp-posts-grid\" data-query-type=\"custom\" data-layout=\"grid\" data-page=\"13856\" data-skin=\"card\">\n\t\t\t\t\t\t\t\t\t\t\t<div class=\"pp-post-wrap pp-grid-item-wrap elementor-grid-item post-26117 eventos type-eventos status-publish has-post-thumbnail hentry\">\n\t\t\t\t\t\t<div class=\"pp-post pp-grid-item\">\n\t\t\t\t\t\t<div class=\"pp-post-thumbnail\">\n\t\t\t<a class=\"pp-post-thumbnail-wrap\" href=\"https:\/\/www.csem.org.br\/it\/eventos\/diasporas-y-movilidades-negras-en-las-americas\/\" title=\"Diaspore e movimenti neri nelle Americhe\">\n\t\t\t\t<img fetchpriority=\"high\" decoding=\"async\" width=\"635\" height=\"768\" src=\"https:\/\/www.csem.org.br\/wp-content\/uploads\/2025\/10\/EVENTO-1-FIN.png\" class=\"attachment-full size-full wp-image-26122\" alt=\"\" title=\"\" srcset=\"https:\/\/www.csem.org.br\/wp-content\/uploads\/2025\/10\/EVENTO-1-FIN.png 635w, https:\/\/www.csem.org.br\/wp-content\/uploads\/2025\/10\/EVENTO-1-FIN-248x300.png 248w, https:\/\/www.csem.org.br\/wp-content\/uploads\/2025\/10\/EVENTO-1-FIN-10x12.png 10w\" sizes=\"(max-width: 635px) 100vw, 635px\" \/>\t\t\t<\/a>\n\t\t<\/div>\n\t\t\n\t\t\t\t<div class=\"pp-post-content-wrap\">\n\t\t\t\t\t<div class=\"pp-post-content\">\n\t\t\t\t\t\t\t\t\t\t\t\t<h5 class=\"pp-post-title\">\n\t\t\t\t<a href=\"https:\/\/www.csem.org.br\/it\/eventos\/diasporas-y-movilidades-negras-en-las-americas\/\">Diaspore e movimenti neri nelle Americhe<\/a>\t\t\t<\/h5>\n\t\t\t\t\t\t\t\t<\/div>\n\t\t\t\t\t\t\t\t\t<\/div>\n\n\t\t\t\t\t\t\t<\/div>\n\t\t\t\t\t<\/div>\n\t\t\t\t<div class=\"pp-post-wrap pp-grid-item-wrap elementor-grid-item post-24219 eventos type-eventos status-publish has-post-thumbnail hentry\">\n\t\t\t\t\t\t<div class=\"pp-post pp-grid-item\">\n\t\t\t\t\t\t<div class=\"pp-post-thumbnail\">\n\t\t\t<a class=\"pp-post-thumbnail-wrap\" href=\"https:\/\/www.csem.org.br\/it\/eventos\/iiicomir\/\" title=\"III ICoMiR do CSEM:   Di\u00e1logos para Compreender, Humanizar e Valorizar   as Pessoas em Mobilidade\">\n\t\t\t\t<img decoding=\"async\" width=\"1080\" height=\"1549\" src=\"https:\/\/www.csem.org.br\/wp-content\/uploads\/2024\/10\/ICOMIR-BANNER_beje.jpg\" class=\"attachment-full size-full wp-image-24391\" alt=\"\" title=\"\" srcset=\"https:\/\/www.csem.org.br\/wp-content\/uploads\/2024\/10\/ICOMIR-BANNER_beje.jpg 1080w, https:\/\/www.csem.org.br\/wp-content\/uploads\/2024\/10\/ICOMIR-BANNER_beje-209x300.jpg 209w, https:\/\/www.csem.org.br\/wp-content\/uploads\/2024\/10\/ICOMIR-BANNER_beje-714x1024.jpg 714w, https:\/\/www.csem.org.br\/wp-content\/uploads\/2024\/10\/ICOMIR-BANNER_beje-768x1102.jpg 768w, https:\/\/www.csem.org.br\/wp-content\/uploads\/2024\/10\/ICOMIR-BANNER_beje-1071x1536.jpg 1071w\" sizes=\"(max-width: 1080px) 100vw, 1080px\" \/>\t\t\t<\/a>\n\t\t<\/div>\n\t\t\n\t\t\t\t<div class=\"pp-post-content-wrap\">\n\t\t\t\t\t<div class=\"pp-post-content\">\n\t\t\t\t\t\t\t\t\t\t\t\t<h5 class=\"pp-post-title\">\n\t\t\t\t<a href=\"https:\/\/www.csem.org.br\/it\/eventos\/iiicomir\/\">III ICoMiR do CSEM:   Di\u00e1logos para Compreender, Humanizar e Valorizar   as Pessoas em Mobilidade<\/a>\t\t\t<\/h5>\n\t\t\t\t\t\t\t\t<\/div>\n\t\t\t\t\t\t\t\t\t<\/div>\n\n\t\t\t\t\t\t\t<\/div>\n\t\t\t\t\t<\/div>\n\t\t\t\t<div class=\"pp-post-wrap pp-grid-item-wrap elementor-grid-item post-22749 eventos type-eventos status-publish has-post-thumbnail hentry category-2023-eventos\">\n\t\t\t\t\t\t<div class=\"pp-post pp-grid-item\">\n\t\t\t\t\t\t<div class=\"pp-post-thumbnail\">\n\t\t\t<a class=\"pp-post-thumbnail-wrap\" href=\"https:\/\/www.csem.org.br\/it\/eventos\/ii-conferencia-internacional-promover-la-vida-en-las-fronteras\/\" title=\"II Conferenza internazionale PROMUOVERE LA VITA ALLE FRONTIERE\">\n\t\t\t\t<img decoding=\"async\" width=\"400\" height=\"620\" src=\"https:\/\/www.csem.org.br\/wp-content\/uploads\/2023\/08\/Tijuana-Mexico.jpg\" class=\"attachment-full size-full wp-image-22751\" alt=\"\" title=\"\" srcset=\"https:\/\/www.csem.org.br\/wp-content\/uploads\/2023\/08\/Tijuana-Mexico.jpg 400w, https:\/\/www.csem.org.br\/wp-content\/uploads\/2023\/08\/Tijuana-Mexico-194x300.jpg 194w\" sizes=\"(max-width: 400px) 100vw, 400px\" \/>\t\t\t<\/a>\n\t\t<\/div>\n\t\t\n\t\t\t\t<div class=\"pp-post-content-wrap\">\n\t\t\t\t\t<div class=\"pp-post-content\">\n\t\t\t\t\t\t\t\t\t\t\t\t<h5 class=\"pp-post-title\">\n\t\t\t\t<a href=\"https:\/\/www.csem.org.br\/it\/eventos\/ii-conferencia-internacional-promover-la-vida-en-las-fronteras\/\">II Conferenza internazionale PROMUOVERE LA VITA ALLE FRONTIERE<\/a>\t\t\t<\/h5>\n\t\t\t\t\t\t\t\t<\/div>\n\t\t\t\t\t\t\t\t\t<\/div>\n\n\t\t\t\t\t\t\t<\/div>\n\t\t\t\t\t<\/div>\n\t\t\t\t<div class=\"pp-post-wrap pp-grid-item-wrap elementor-grid-item post-22747 eventos type-eventos status-publish has-post-thumbnail hentry category-2022-eventos\">\n\t\t\t\t\t\t<div class=\"pp-post pp-grid-item\">\n\t\t\t\t\t\t<div class=\"pp-post-thumbnail\">\n\t\t\t<a class=\"pp-post-thumbnail-wrap\" href=\"https:\/\/www.csem.org.br\/it\/eventos\/seminario-online-scalabrini-um-santo-para-os-confins-do-mundo\/\" title=\"Seminario online Scalabrini: un santo per i confini del mondo\">\n\t\t\t\t<img loading=\"lazy\" decoding=\"async\" width=\"400\" height=\"620\" src=\"https:\/\/www.csem.org.br\/wp-content\/uploads\/2023\/08\/Data-221022-Inscreva-se-4-540x270-1.webp\" class=\"attachment-full size-full wp-image-22748\" alt=\"\" title=\"\" srcset=\"https:\/\/www.csem.org.br\/wp-content\/uploads\/2023\/08\/Data-221022-Inscreva-se-4-540x270-1.webp 400w, https:\/\/www.csem.org.br\/wp-content\/uploads\/2023\/08\/Data-221022-Inscreva-se-4-540x270-1-194x300.webp 194w\" sizes=\"(max-width: 400px) 100vw, 400px\" \/>\t\t\t<\/a>\n\t\t<\/div>\n\t\t\n\t\t\t\t<div class=\"pp-post-content-wrap\">\n\t\t\t\t\t<div class=\"pp-post-content\">\n\t\t\t\t\t\t\t\t\t\t\t\t<h5 class=\"pp-post-title\">\n\t\t\t\t<a href=\"https:\/\/www.csem.org.br\/it\/eventos\/seminario-online-scalabrini-um-santo-para-os-confins-do-mundo\/\">Seminario online Scalabrini: un santo per i confini del mondo<\/a>\t\t\t<\/h5>\n\t\t\t\t\t\t\t\t<\/div>\n\t\t\t\t\t\t\t\t\t<\/div>\n\n\t\t\t\t\t\t\t<\/div>\n\t\t\t\t\t<\/div>\n\t\t\t\t<div class=\"pp-post-wrap pp-grid-item-wrap elementor-grid-item post-22745 eventos type-eventos status-publish has-post-thumbnail hentry category-2018-eventos\">\n\t\t\t\t\t\t<div class=\"pp-post pp-grid-item\">\n\t\t\t\t\t\t<div class=\"pp-post-thumbnail\">\n\t\t\t<a class=\"pp-post-thumbnail-wrap\" href=\"https:\/\/www.csem.org.br\/it\/eventos\/conferencia-reconstruindo-vidas-nas-fronteiras\/\" title=\"1a Conferenza internazionale Ricostruire vite alle frontiere\">\n\t\t\t\t<img loading=\"lazy\" decoding=\"async\" width=\"256\" height=\"397\" src=\"https:\/\/www.csem.org.br\/wp-content\/uploads\/2023\/08\/Conferencia-Reconstruindo-Vidas-nas-Fronteirasv1.webp\" class=\"attachment-full size-full wp-image-22753\" alt=\"\" title=\"\" srcset=\"https:\/\/www.csem.org.br\/wp-content\/uploads\/2023\/08\/Conferencia-Reconstruindo-Vidas-nas-Fronteirasv1.webp 256w, https:\/\/www.csem.org.br\/wp-content\/uploads\/2023\/08\/Conferencia-Reconstruindo-Vidas-nas-Fronteirasv1-193x300.webp 193w\" sizes=\"(max-width: 256px) 100vw, 256px\" \/>\t\t\t<\/a>\n\t\t<\/div>\n\t\t\n\t\t\t\t<div class=\"pp-post-content-wrap\">\n\t\t\t\t\t<div class=\"pp-post-content\">\n\t\t\t\t\t\t\t\t\t\t\t\t<h5 class=\"pp-post-title\">\n\t\t\t\t<a href=\"https:\/\/www.csem.org.br\/it\/eventos\/conferencia-reconstruindo-vidas-nas-fronteiras\/\">1a Conferenza internazionale Ricostruire vite alle frontiere<\/a>\t\t\t<\/h5>\n\t\t\t\t\t\t\t\t<\/div>\n\t\t\t\t\t\t\t\t\t<\/div>\n\n\t\t\t\t\t\t\t<\/div>\n\t\t\t\t\t<\/div>\n\t\t\t\t<div class=\"pp-post-wrap pp-grid-item-wrap elementor-grid-item post-22743 eventos type-eventos status-publish has-post-thumbnail hentry category-2016-eventos\">\n\t\t\t\t\t\t<div class=\"pp-post pp-grid-item\">\n\t\t\t\t\t\t<div class=\"pp-post-thumbnail\">\n\t\t\t<a class=\"pp-post-thumbnail-wrap\" href=\"https:\/\/www.csem.org.br\/it\/eventos\/la-espiritualidad-en-el-proceso-de-reconstruccion-de-la-vida-de-migrantes-y-refugiados\/\" title=\"La spiritualit\u00e0 nel processo di (ri)costruzione della vita di migranti e rifugiati\">\n\t\t\t\t<img loading=\"lazy\" decoding=\"async\" width=\"256\" height=\"397\" src=\"https:\/\/www.csem.org.br\/wp-content\/uploads\/2023\/08\/La-espiritualidad-en-el-proceso-de-re-construccion-de-la-vida-de-migrantes-y-refugiados.jpg\" class=\"attachment-full size-full wp-image-22744\" alt=\"\" title=\"\" srcset=\"https:\/\/www.csem.org.br\/wp-content\/uploads\/2023\/08\/La-espiritualidad-en-el-proceso-de-re-construccion-de-la-vida-de-migrantes-y-refugiados.jpg 256w, https:\/\/www.csem.org.br\/wp-content\/uploads\/2023\/08\/La-espiritualidad-en-el-proceso-de-re-construccion-de-la-vida-de-migrantes-y-refugiados-193x300.jpg 193w\" sizes=\"(max-width: 256px) 100vw, 256px\" \/>\t\t\t<\/a>\n\t\t<\/div>\n\t\t\n\t\t\t\t<div class=\"pp-post-content-wrap\">\n\t\t\t\t\t<div class=\"pp-post-content\">\n\t\t\t\t\t\t\t\t\t\t\t\t<h5 class=\"pp-post-title\">\n\t\t\t\t<a href=\"https:\/\/www.csem.org.br\/it\/eventos\/la-espiritualidad-en-el-proceso-de-reconstruccion-de-la-vida-de-migrantes-y-refugiados\/\">La spiritualit\u00e0 nel processo di (ri)costruzione della vita di migranti e rifugiati<\/a>\t\t\t<\/h5>\n\t\t\t\t\t\t\t\t<\/div>\n\t\t\t\t\t\t\t\t\t<\/div>\n\n\t\t\t\t\t\t\t<\/div>\n\t\t\t\t\t<\/div>\n\t\t\t\t<div class=\"pp-post-wrap pp-grid-item-wrap elementor-grid-item post-22742 eventos type-eventos status-publish hentry category-2016-eventos\">\n\t\t\t\t\t\t<div class=\"pp-post pp-grid-item\">\n\t\t\t\t\t\t<div class=\"pp-post-thumbnail\">\n\t\t\t<a class=\"pp-post-thumbnail-wrap\" href=\"https:\/\/www.csem.org.br\/it\/eventos\/seminario-migracoes-internacionais-refugio-e-politicas\/\" title=\"Seminario &quot;Migrazioni, rifugi e politiche internazionali&quot;.\">\n\t\t\t\t<img loading=\"lazy\" decoding=\"async\" width=\"274\" height=\"268\" src=\"https:\/\/www.csem.org.br\/wp-content\/uploads\/2023\/07\/logo-csem-2.webp\" class=\"attachment-full size-full wp-image-21557\" alt=\"\" title=\"\">\t\t\t<\/a>\n\t\t<\/div>\n\t\t\n\t\t\t\t<div class=\"pp-post-content-wrap\">\n\t\t\t\t\t<div class=\"pp-post-content\">\n\t\t\t\t\t\t\t\t\t\t\t\t<h5 class=\"pp-post-title\">\n\t\t\t\t<a href=\"https:\/\/www.csem.org.br\/it\/eventos\/seminario-migracoes-internacionais-refugio-e-politicas\/\">Seminario \"Migrazioni, rifugi e politiche internazionali\".<\/a>\t\t\t<\/h5>\n\t\t\t\t\t\t\t\t<\/div>\n\t\t\t\t\t\t\t\t\t<\/div>\n\n\t\t\t\t\t\t\t<\/div>\n\t\t\t\t\t<\/div>\n\t\t\t\t<div class=\"pp-post-wrap pp-grid-item-wrap elementor-grid-item post-22741 eventos type-eventos status-publish hentry category-2014-eventos\">\n\t\t\t\t\t\t<div class=\"pp-post pp-grid-item\">\n\t\t\t\t\t\t<div class=\"pp-post-thumbnail\">\n\t\t\t<a class=\"pp-post-thumbnail-wrap\" href=\"https:\/\/www.csem.org.br\/it\/eventos\/csem-no-evento-cartagena-30\/\" title=\"Il CSEM all&#039;evento &quot;Cartagena +30\">\n\t\t\t\t<img loading=\"lazy\" decoding=\"async\" width=\"274\" height=\"268\" src=\"https:\/\/www.csem.org.br\/wp-content\/uploads\/2023\/07\/logo-csem-2.webp\" class=\"attachment-full size-full wp-image-21557\" alt=\"\" title=\"\">\t\t\t<\/a>\n\t\t<\/div>\n\t\t\n\t\t\t\t<div class=\"pp-post-content-wrap\">\n\t\t\t\t\t<div class=\"pp-post-content\">\n\t\t\t\t\t\t\t\t\t\t\t\t<h5 class=\"pp-post-title\">\n\t\t\t\t<a href=\"https:\/\/www.csem.org.br\/it\/eventos\/csem-no-evento-cartagena-30\/\">Il CSEM all'evento \"Cartagena +30<\/a>\t\t\t<\/h5>\n\t\t\t\t\t\t\t\t<\/div>\n\t\t\t\t\t\t\t\t\t<\/div>\n\n\t\t\t\t\t\t\t<\/div>\n\t\t\t\t\t<\/div>\n\t\t\t\t\t\t\t\t\t<\/div>\n\t\t\t\n\t\t\t\n\t\t\t\t\t\t<div class=\"pp-posts-loader\"><\/div>\n\t\t\t\n\t\t\t\n\t\t\t\t\t\t\t\t\t\t\t<div class=\"pp-posts-pagination-wrap pp-posts-pagination-bottom\">\n\t\t\t\t\t\t\t\t<div class=\"pp-post-load-more-wrap pp-posts-pagination\" data-total=\"3\">\n\t\t\t\t<a class=\"pp-post-load-more elementor-button elementor-size-sm\" href=\"javascript:void(0);\">\n\t\t\t\t\t\t\t\t\t\t\t\t\t\t\t\t<span class=\"pp-button-text\">\n\t\t\t\t\t\t\tVEDI ALTRI EVENTI\t\t\t\t\t\t<\/span>\n\t\t\t\t\t\t\t\t\t\t\t\t\t\t<\/a>\n\t\t\t<\/div>\n\t\t\t\t\t\t\t<\/div>\n\t\t\t\t\t\t\t\t\t<\/div>\n\n\t\t\n\t\t\t\t\t\t<\/div>\n\t\t\t\t<\/div>\n\t\t\t\t\t<\/div>\n\t\t<\/div>\n\t\t\t\t\t<\/div>\n\t\t<\/section>\n\t\t\t\t<\/div>","protected":false},"excerpt":{"rendered":"<p>Pr\u00f3ximos eventos e confer\u00eancias Em breve Eventos anteriores Todos 201410 20163 20181 20221 20232 Search II Conferencia Internacional PROMOVER LA VIDA EN LAS FRONTERAS Semin\u00e1rio Online Scalabrini: um Santo para os confins do mundo Confer\u00eancia Reconstruindo Vidas nas Fronteiras La espiritualidad en el proceso de (re)construcci\u00f3n de la vida de migrantes y refugiados Semin\u00e1rio \u201cMigra\u00e7\u00f5es [&hellip;]<\/p>\n","protected":false},"author":2,"featured_media":0,"parent":0,"menu_order":0,"comment_status":"closed","ping_status":"closed","template":"elementor_header_footer","meta":{"_acf_changed":false,"footnotes":""},"class_list":["post-13856","page","type-page","status-publish","hentry"],"acf":[],"_links":{"self":[{"href":"https:\/\/www.csem.org.br\/it\/wp-json\/wp\/v2\/pages\/13856","targetHints":{"allow":["GET"]}}],"collection":[{"href":"https:\/\/www.csem.org.br\/it\/wp-json\/wp\/v2\/pages"}],"about":[{"href":"https:\/\/www.csem.org.br\/it\/wp-json\/wp\/v2\/types\/page"}],"author":[{"embeddable":true,"href":"https:\/\/www.csem.org.br\/it\/wp-json\/wp\/v2\/users\/2"}],"replies":[{"embeddable":true,"href":"https:\/\/www.csem.org.br\/it\/wp-json\/wp\/v2\/comments?post=13856"}],"version-history":[{"count":0,"href":"https:\/\/www.csem.org.br\/it\/wp-json\/wp\/v2\/pages\/13856\/revisions"}],"wp:attachment":[{"href":"https:\/\/www.csem.org.br\/it\/wp-json\/wp\/v2\/media?parent=13856"}],"curies":[{"name":"wp","href":"https:\/\/api.w.org\/{rel}","templated":true}]}}