{"id":25920,"date":"2025-05-19T15:09:41","date_gmt":"2025-05-19T18:09:41","guid":{"rendered":"https:\/\/www.csem.org.br\/?page_id=25920"},"modified":"2025-09-05T10:10:47","modified_gmt":"2025-09-05T13:10:47","slug":"migration_t","status":"publish","type":"page","link":"https:\/\/www.csem.org.br\/es\/migration_t\/","title":{"rendered":"Migration_t"},"content":{"rendered":"<div data-elementor-type=\"wp-page\" data-elementor-id=\"25920\" class=\"elementor elementor-25920\" data-elementor-post-type=\"page\">\n\t\t\t\t<div class=\"elementor-element elementor-element-1c4eb94 e-flex e-con-boxed e-con e-parent\" data-id=\"1c4eb94\" data-element_type=\"container\" data-e-type=\"container\">\n\t\t\t\t\t<div class=\"e-con-inner\">\n\t\t\t\t\t<\/div>\n\t\t\t\t<\/div>\n\t\t<div class=\"elementor-element elementor-element-3693eec e-flex e-con-boxed e-con e-parent\" data-id=\"3693eec\" data-element_type=\"container\" data-e-type=\"container\">\n\t\t\t\t\t<div class=\"e-con-inner\">\n\t\t<div class=\"elementor-element elementor-element-654cfed5 e-con-full e-flex e-con e-child\" data-id=\"654cfed5\" data-element_type=\"container\" data-e-type=\"container\">\n\t\t\t\t<div class=\"elementor-element elementor-element-601f7f6e elementor-widget__width-initial elementor-widget elementor-widget-image\" data-id=\"601f7f6e\" data-element_type=\"widget\" data-e-type=\"widget\" data-widget_type=\"image.default\">\n\t\t\t\t<div class=\"elementor-widget-container\">\n\t\t\t\t\t\t\t\t\t\t\t\t\t\t\t<img decoding=\"async\" src=\"https:\/\/www.csem.org.br\/wp-content\/uploads\/2025\/07\/capa_site.png\" title=\"portada_web\" alt=\"capa_site\" loading=\"lazy\" \/>\t\t\t\t\t\t\t\t\t\t\t\t\t\t\t<\/div>\n\t\t\t\t<\/div>\n\t\t\t\t<\/div>\n\t\t<div class=\"elementor-element elementor-element-51359491 e-con-full e-flex e-con e-child\" data-id=\"51359491\" data-element_type=\"container\" data-e-type=\"container\">\n\t\t<div class=\"elementor-element elementor-element-e7cfa12 e-con-full e-flex e-con e-child\" data-id=\"e7cfa12\" data-element_type=\"container\" data-e-type=\"container\">\n\t\t\t\t<div class=\"elementor-element elementor-element-75caf05b elementor-widget elementor-widget-heading\" data-id=\"75caf05b\" data-element_type=\"widget\" data-e-type=\"widget\" data-widget_type=\"heading.default\">\n\t\t\t\t<div class=\"elementor-widget-container\">\n\t\t\t\t\t<h2 class=\"elementor-heading-title elementor-size-default\">TENDENCIAS MIGRATORIAS<\/h2>\t\t\t\t<\/div>\n\t\t\t\t<\/div>\n\t\t\t\t<\/div>\n\t\t<div class=\"elementor-element elementor-element-3e8cba9b e-con-full e-flex e-con e-child\" data-id=\"3e8cba9b\" data-element_type=\"container\" data-e-type=\"container\">\n\t\t\t\t<div class=\"elementor-element elementor-element-20b2fcb6 elementor-widget__width-initial elementor-widget elementor-widget-text-editor\" data-id=\"20b2fcb6\" data-element_type=\"widget\" data-e-type=\"widget\" data-widget_type=\"text-editor.default\">\n\t\t\t\t<div class=\"elementor-widget-container\">\n\t\t\t\t\t\t\t\t\t<p>La movilidad humana contempor\u00e1nea, en todas sus formas<br \/>tipolog\u00edas, es un fen\u00f3meno complejo y din\u00e1mico.<br \/>Su estudio implica no s\u00f3lo una multiplicidad de disciplinas,<br \/>enfoques multiescalares sincr\u00f3nico y diacr\u00f3nico, temas<br \/>contextos y fen\u00f3menos socioculturales heterog\u00e9neos y diversos<br \/>sino tambi\u00e9n diferentes perspectivas epistemol\u00f3gicas,<br \/>a menudo condicionada por los intereses en juego.<br \/>Sin duda, existe una narrativa hegem\u00f3nica sobre la<br \/>desplazamientos humanos actuales influyeron profundamente<br \/>por el \"pensamiento de Estado\" (Sayad, 1998), por el \"nacionalismo<br \/>metodol\u00f3gica\" (Wimmer, Glick Schiller, 2002) e incluso por la<br \/>\"eurocentrismo colonial\", que, con la imposici\u00f3n de categor\u00edas<br \/>tiende a homogeneizar a la poblaci\u00f3n inmigrante y a naturalizarla.<br \/>su subordinaci\u00f3n a los \"aut\u00f3ctonos\". Tal narraci\u00f3n no<br \/>es neutral e influye no s\u00f3lo en las pol\u00edticas migratorias, cada<br \/>sino tambi\u00e9n a la opini\u00f3n p\u00fablica,<br \/>fomentar el crecimiento de una \u00e9tica xen\u00f3foba y racista, con<br \/>impactos inevitables sobre la poblaci\u00f3n viajera.<\/p><p>\u00a0<\/p><p>DOI:\u00a0<a style=\"background-color: #ffffff; color: #f8950e;\" href=\"https:\/\/www.csem.org.br\/wp-content\/uploads\/2025\/05\/Ebook_Tendencias_Migratorias_2025_PT.pdf\">doi.org\/10.61301\/978-65-85775-29-8.2025.28.264p<\/a><\/p>\t\t\t\t\t\t\t\t<\/div>\n\t\t\t\t<\/div>\n\t\t\t\t<\/div>\n\t\t\t\t<\/div>\n\t\t\t\t\t<\/div>\n\t\t\t\t<\/div>\n\t\t<div class=\"elementor-element elementor-element-be6d520 e-flex e-con-boxed e-con e-parent\" data-id=\"be6d520\" data-element_type=\"container\" data-e-type=\"container\">\n\t\t\t\t\t<div class=\"e-con-inner\">\n\t\t\t\t<div class=\"elementor-element elementor-element-d086c6a elementor-widget elementor-widget-spacer\" data-id=\"d086c6a\" data-element_type=\"widget\" data-e-type=\"widget\" data-widget_type=\"spacer.default\">\n\t\t\t\t<div class=\"elementor-widget-container\">\n\t\t\t\t\t\t\t<div class=\"elementor-spacer\">\n\t\t\t<div class=\"elementor-spacer-inner\"><\/div>\n\t\t<\/div>\n\t\t\t\t\t\t<\/div>\n\t\t\t\t<\/div>\n\t\t\t\t<div class=\"elementor-element elementor-element-9cbbea7 elementor-widget elementor-widget-button\" data-id=\"9cbbea7\" data-element_type=\"widget\" data-e-type=\"widget\" data-widget_type=\"button.default\">\n\t\t\t\t<div class=\"elementor-widget-container\">\n\t\t\t\t\t\t\t\t\t<div class=\"elementor-button-wrapper\">\n\t\t\t\t\t<a class=\"elementor-button elementor-button-link elementor-size-sm\" href=\"https:\/\/www.csem.org.br\/es\/livros\/tendencias-migratorias-2025\/\">\n\t\t\t\t\t\t<span class=\"elementor-button-content-wrapper\">\n\t\t\t\t\t\t\t\t\t<span class=\"elementor-button-text\">Descargar en portugu\u00e9s<\/span>\n\t\t\t\t\t<\/span>\n\t\t\t\t\t<\/a>\n\t\t\t\t<\/div>\n\t\t\t\t\t\t\t\t<\/div>\n\t\t\t\t<\/div>\n\t\t\t\t<div class=\"elementor-element elementor-element-0c42497 elementor-widget elementor-widget-button\" data-id=\"0c42497\" data-element_type=\"widget\" data-e-type=\"widget\" data-widget_type=\"button.default\">\n\t\t\t\t<div class=\"elementor-widget-container\">\n\t\t\t\t\t\t\t\t\t<div class=\"elementor-button-wrapper\">\n\t\t\t\t\t<a class=\"elementor-button elementor-button-link elementor-size-sm\" href=\"https:\/\/www.csem.org.br\/es\/livros\/migration-trends-2\/\">\n\t\t\t\t\t\t<span class=\"elementor-button-content-wrapper\">\n\t\t\t\t\t\t\t\t\t<span class=\"elementor-button-text\">Descargar ingl\u00e9s<\/span>\n\t\t\t\t\t<\/span>\n\t\t\t\t\t<\/a>\n\t\t\t\t<\/div>\n\t\t\t\t\t\t\t\t<\/div>\n\t\t\t\t<\/div>\n\t\t\t\t<div class=\"elementor-element elementor-element-51c41c7 elementor-widget elementor-widget-button\" data-id=\"51c41c7\" data-element_type=\"widget\" data-e-type=\"widget\" data-widget_type=\"button.default\">\n\t\t\t\t<div class=\"elementor-widget-container\">\n\t\t\t\t\t\t\t\t\t<div class=\"elementor-button-wrapper\">\n\t\t\t\t\t<a class=\"elementor-button elementor-button-link elementor-size-sm\" href=\"https:\/\/www.csem.org.br\/es\/livros\/tendencias-migratorias\/\">\n\t\t\t\t\t\t<span class=\"elementor-button-content-wrapper\">\n\t\t\t\t\t\t\t\t\t<span class=\"elementor-button-text\">Descargar English<\/span>\n\t\t\t\t\t<\/span>\n\t\t\t\t\t<\/a>\n\t\t\t\t<\/div>\n\t\t\t\t\t\t\t\t<\/div>\n\t\t\t\t<\/div>\n\t\t\t\t\t<\/div>\n\t\t\t\t<\/div>\n\t\t\t\t<\/div>","protected":false},"excerpt":{"rendered":"<p>TEND\u00caNCIAS MIGRAT\u00d3RIAS A mobilidade humana contempor\u00e2nea, em suas diferentestipologias, constitui-se como um fen\u00f4meno complexo e din\u00e2mico.Seu estudo envolve n\u00e3o apenas uma multiplicidade de disciplinas,abordagens sincr\u00f4nicas e diacr\u00f4nicas multiescalares, sujeitosheterog\u00eaneos, contextos socioculturais diversificados e fen\u00f4menosmulticausais, mas tamb\u00e9m diferentes perspectivas epistemol\u00f3gicas,frequentemente condicionadas pelos interesses em jogo.Sem d\u00favida, h\u00e1 uma narrativa hegem\u00f4nica sobre osdeslocamentos humanos atuais profundamente influenciadapelo [&hellip;]<\/p>\n","protected":false},"author":13,"featured_media":0,"parent":0,"menu_order":0,"comment_status":"closed","ping_status":"closed","template":"","meta":{"_acf_changed":false,"footnotes":""},"class_list":["post-25920","page","type-page","status-publish","hentry"],"acf":[],"_links":{"self":[{"href":"https:\/\/www.csem.org.br\/es\/wp-json\/wp\/v2\/pages\/25920","targetHints":{"allow":["GET"]}}],"collection":[{"href":"https:\/\/www.csem.org.br\/es\/wp-json\/wp\/v2\/pages"}],"about":[{"href":"https:\/\/www.csem.org.br\/es\/wp-json\/wp\/v2\/types\/page"}],"author":[{"embeddable":true,"href":"https:\/\/www.csem.org.br\/es\/wp-json\/wp\/v2\/users\/13"}],"replies":[{"embeddable":true,"href":"https:\/\/www.csem.org.br\/es\/wp-json\/wp\/v2\/comments?post=25920"}],"version-history":[{"count":0,"href":"https:\/\/www.csem.org.br\/es\/wp-json\/wp\/v2\/pages\/25920\/revisions"}],"wp:attachment":[{"href":"https:\/\/www.csem.org.br\/es\/wp-json\/wp\/v2\/media?parent=25920"}],"curies":[{"name":"wp","href":"https:\/\/api.w.org\/{rel}","templated":true}]}}