{"id":24302,"date":"2024-10-28T21:39:05","date_gmt":"2024-10-29T00:39:05","guid":{"rendered":"https:\/\/www.csem.org.br\/?page_id=24302"},"modified":"2024-12-02T14:50:37","modified_gmt":"2024-12-02T17:50:37","slug":"24302-2","status":"publish","type":"page","link":"https:\/\/www.csem.org.br\/es\/24302-2\/","title":{"rendered":"III ICOMIR"},"content":{"rendered":"<div data-elementor-type=\"wp-page\" data-elementor-id=\"24302\" class=\"elementor elementor-24302\" data-elementor-post-type=\"page\">\n\t\t\t\t\t\t<section class=\"elementor-section elementor-top-section elementor-element elementor-element-f0a95db elementor-section-boxed elementor-section-height-default elementor-section-height-default\" data-id=\"f0a95db\" data-element_type=\"section\" data-e-type=\"section\">\n\t\t\t\t\t\t<div class=\"elementor-container elementor-column-gap-default\">\n\t\t\t\t\t<div class=\"elementor-column elementor-col-100 elementor-top-column elementor-element elementor-element-e592d2a\" data-id=\"e592d2a\" data-element_type=\"column\" data-e-type=\"column\">\n\t\t\t<div class=\"elementor-widget-wrap elementor-element-populated\">\n\t\t\t\t\t\t<div class=\"elementor-element elementor-element-0f80367 elementor-widget elementor-widget-theme-site-logo elementor-widget-image\" data-id=\"0f80367\" data-element_type=\"widget\" data-e-type=\"widget\" data-widget_type=\"theme-site-logo.default\">\n\t\t\t\t<div class=\"elementor-widget-container\">\n\t\t\t\t\t\t\t\t\t\t\t<a href=\"https:\/\/www.csem.org.br\/es\/csem-eventos\/icomir\/\">\n\t\t\t<img fetchpriority=\"high\" decoding=\"async\" width=\"800\" height=\"340\" src=\"https:\/\/www.csem.org.br\/wp-content\/uploads\/2023\/07\/LOGO-2-1024x435.png\" class=\"attachment-large size-large wp-image-24117\" alt=\"\" srcset=\"https:\/\/www.csem.org.br\/wp-content\/uploads\/2023\/07\/LOGO-2-1024x435.png 1024w, https:\/\/www.csem.org.br\/wp-content\/uploads\/2023\/07\/LOGO-2-300x127.png 300w, https:\/\/www.csem.org.br\/wp-content\/uploads\/2023\/07\/LOGO-2-768x326.png 768w, https:\/\/www.csem.org.br\/wp-content\/uploads\/2023\/07\/LOGO-2-1536x652.png 1536w, https:\/\/www.csem.org.br\/wp-content\/uploads\/2023\/07\/LOGO-2-2048x870.png 2048w\" sizes=\"(max-width: 800px) 100vw, 800px\" title=\"\">\t\t\t\t<\/a>\n\t\t\t\t\t\t\t\t\t\t\t<\/div>\n\t\t\t\t<\/div>\n\t\t\t\t<div class=\"elementor-element elementor-element-ce607bc elementor-widget elementor-widget-heading\" data-id=\"ce607bc\" data-element_type=\"widget\" data-e-type=\"widget\" data-widget_type=\"heading.default\">\n\t\t\t\t<div class=\"elementor-widget-container\">\n\t\t\t\t\t<h2 class=\"elementor-heading-title elementor-size-default\">3\u00aa edici\u00f3n de ICoMiR<\/h2>\t\t\t\t<\/div>\n\t\t\t\t<\/div>\n\t\t\t\t\t<\/div>\n\t\t<\/div>\n\t\t\t\t\t<\/div>\n\t\t<\/section>\n\t\t\t\t<section class=\"elementor-section elementor-top-section elementor-element elementor-element-9ebb4b1 elementor-section-boxed elementor-section-height-default elementor-section-height-default\" data-id=\"9ebb4b1\" data-element_type=\"section\" data-e-type=\"section\">\n\t\t\t\t\t\t<div class=\"elementor-container elementor-column-gap-default\">\n\t\t\t\t\t<div class=\"elementor-column elementor-col-100 elementor-top-column elementor-element elementor-element-54bcb6e\" data-id=\"54bcb6e\" data-element_type=\"column\" data-e-type=\"column\">\n\t\t\t<div class=\"elementor-widget-wrap elementor-element-populated\">\n\t\t\t\t\t\t<div class=\"elementor-element elementor-element-9307ae2 elementor-widget elementor-widget-text-editor\" data-id=\"9307ae2\" data-element_type=\"widget\" data-e-type=\"widget\" data-widget_type=\"text-editor.default\">\n\t\t\t\t<div class=\"elementor-widget-container\">\n\t\t\t\t\t\t\t\t\t<div style=\"text-align: justify; line-height: 1.5; margin: 0 auto; max-width: 800px;\">\n<p><strong>3\u00aa Conferencia Internacional del CSEM<\/strong> su t\u00edtulo: <em>Di\u00e1logos para comprender, humanizar y valorar a las personas que se desplazan<\/em> y pretende analizar y debatir las tendencias migratorias desde las perspectivas del mundo acad\u00e9mico, la sociedad civil, los colectivos de migrantes y los organismos gubernamentales, promoviendo una comprensi\u00f3n global y multidimensional de las migraciones contempor\u00e1neas, tanto Sur-Norte como Sur-Sur.<\/p>\n<p>Tendr\u00e1 lugar el <strong>Del 19 al 22 de mayo de 2025<\/strong>en Brasilia, Brasil.<br>Evento biling\u00fce (portugu\u00e9s e ingl\u00e9s)<br>An\u00e1lisis de las tendencias migratorias contempor\u00e1neas (Sur-Norte y Sur-Sur).<br>Un espacio para compartir experiencias y construir un conocimiento integrador.<br>Promoci\u00f3n de pol\u00edticas p\u00fablicas centradas en los derechos de los migrantes.<\/p>\n<p><strong>Objetivo general:<\/strong><br>Promover una comprensi\u00f3n y un debate cualificados, amplios y multidimensionales sobre la migraci\u00f3n y el refugio contempor\u00e1neos (flujos Sur-Norte y Sur-Sur) con la participaci\u00f3n activa de acad\u00e9micos, trabajadores sociales, pastores, colectivos de migrantes y refugiados, sociedad civil, organizaciones internacionales y gobierno.<\/p>\n<p><strong>Resultados esperados:<\/strong><\/p>\n<ol>\n<li>Reforzar las redes y compartir las experiencias de conferencias anteriores.<\/li>\n<li>Crear y consolidar redes de colaboraci\u00f3n entre todos los agentes implicados.<\/li>\n<li>Fomentar estudios innovadores sobre migraci\u00f3n centrados en los derechos humanos.<\/li>\n<li>Establecer un legado duradero de acci\u00f3n colaborativa.<\/li>\n<li>Elaborar y difundir el Documento Final para que tenga impacto en la sociedad.<\/li>\n<\/ol>\n<p><strong><br><\/strong><\/p><p><strong>Metodolog\u00eda de la conferencia:<\/strong><br>La conferencia contar\u00e1 con mesas redondas en las que se debatir\u00e1n las tendencias migratorias mundiales y otras claves para entender la migraci\u00f3n y el refugio. Las conferencias principales abordar\u00e1n el protagonismo y la agencia de los migrantes, mientras que los Grupos de Trabajo y Coloquios promover\u00e1n el intercambio de conocimientos entre acad\u00e9micos, migrantes y otros actores. El evento culminar\u00e1 con un documento final, que reflejar\u00e1 los debates y propondr\u00e1 acciones concretas con un impacto potencial en las pol\u00edticas migratorias y los derechos humanos.<\/p>\n<p>Como en ediciones anteriores, la Conferencia Internacional del CSEM pretende ser un espacio de conocimiento, intercambio y di\u00e1logo que repercuta en la actuaci\u00f3n de diversos colectivos sociales a favor y para los migrantes y refugiados.<\/p>\n<\/div>\t\t\t\t\t\t\t\t<\/div>\n\t\t\t\t<\/div>\n\t\t\t\t\t<\/div>\n\t\t<\/div>\n\t\t\t\t\t<\/div>\n\t\t<\/section>\n\t\t\t\t<section class=\"elementor-section elementor-top-section elementor-element elementor-element-fc7f111 elementor-section-boxed elementor-section-height-default elementor-section-height-default\" data-id=\"fc7f111\" data-element_type=\"section\" data-e-type=\"section\">\n\t\t\t\t\t\t<div class=\"elementor-container elementor-column-gap-default\">\n\t\t\t\t\t<div class=\"elementor-column elementor-col-100 elementor-top-column elementor-element elementor-element-d365bc7\" data-id=\"d365bc7\" data-element_type=\"column\" data-e-type=\"column\">\n\t\t\t<div class=\"elementor-widget-wrap\">\n\t\t\t\t\t\t\t<\/div>\n\t\t<\/div>\n\t\t\t\t\t<\/div>\n\t\t<\/section>\n\t\t\t\t<\/div>","protected":false},"excerpt":{"rendered":"<p>A III ICoMiR A III Confer\u00eancia Internacional do CSEM tem como t\u00edtulo: Di\u00e1logos para compreender, humanizar e valorizar as pessoas em mobilidade e se prop\u00f5e a analisar e debater as tend\u00eancias migrat\u00f3rias a partir de perspectivas acad\u00eamicas, da sociedade civil, dos coletivos de migrantes e das entidades governamentais, promovendo um entendimento abrangente e multidimensional das [&hellip;]<\/p>\n","protected":false},"author":13,"featured_media":0,"parent":0,"menu_order":0,"comment_status":"closed","ping_status":"closed","template":"","meta":{"_acf_changed":false,"footnotes":""},"class_list":["post-24302","page","type-page","status-publish","hentry"],"acf":[],"_links":{"self":[{"href":"https:\/\/www.csem.org.br\/es\/wp-json\/wp\/v2\/pages\/24302","targetHints":{"allow":["GET"]}}],"collection":[{"href":"https:\/\/www.csem.org.br\/es\/wp-json\/wp\/v2\/pages"}],"about":[{"href":"https:\/\/www.csem.org.br\/es\/wp-json\/wp\/v2\/types\/page"}],"author":[{"embeddable":true,"href":"https:\/\/www.csem.org.br\/es\/wp-json\/wp\/v2\/users\/13"}],"replies":[{"embeddable":true,"href":"https:\/\/www.csem.org.br\/es\/wp-json\/wp\/v2\/comments?post=24302"}],"version-history":[{"count":1,"href":"https:\/\/www.csem.org.br\/es\/wp-json\/wp\/v2\/pages\/24302\/revisions"}],"predecessor-version":[{"id":26743,"href":"https:\/\/www.csem.org.br\/es\/wp-json\/wp\/v2\/pages\/24302\/revisions\/26743"}],"wp:attachment":[{"href":"https:\/\/www.csem.org.br\/es\/wp-json\/wp\/v2\/media?parent=24302"}],"curies":[{"name":"wp","href":"https:\/\/api.w.org\/{rel}","templated":true}]}}