{"id":13850,"date":"2018-07-24T15:45:26","date_gmt":"2018-07-24T18:45:26","guid":{"rendered":"https:\/\/csem.org.br\/?page_id=13850"},"modified":"2023-08-10T11:26:18","modified_gmt":"2023-08-10T14:26:18","slug":"csem-noticias","status":"publish","type":"page","link":"https:\/\/www.csem.org.br\/es\/csem-noticias\/","title":{"rendered":"Noticias"},"content":{"rendered":"<div data-elementor-type=\"wp-page\" data-elementor-id=\"13850\" class=\"elementor elementor-13850\" data-elementor-post-type=\"page\">\n\t\t\t\t\t\t<section class=\"elementor-section elementor-top-section elementor-element elementor-element-7cec4ad elementor-section-full_width elementor-section-height-default elementor-section-height-default\" data-id=\"7cec4ad\" data-element_type=\"section\" data-e-type=\"section\">\n\t\t\t\t\t\t<div class=\"elementor-container elementor-column-gap-default\">\n\t\t\t\t\t<div class=\"elementor-column elementor-col-100 elementor-top-column elementor-element elementor-element-357d5f7\" data-id=\"357d5f7\" data-element_type=\"column\" data-e-type=\"column\">\n\t\t\t<div class=\"elementor-widget-wrap elementor-element-populated\">\n\t\t\t\t\t\t<div class=\"elementor-element elementor-element-fecd7e2 elementor-widget elementor-widget-template\" data-id=\"fecd7e2\" data-element_type=\"widget\" data-e-type=\"widget\" data-widget_type=\"template.default\">\n\t\t\t\t<div class=\"elementor-widget-container\">\n\t\t\t\t\t\t\t<div class=\"elementor-template\">\n\t\t\t\t\t<div data-elementor-type=\"section\" data-elementor-id=\"19749\" class=\"elementor elementor-19749\" data-elementor-post-type=\"elementor_library\">\n\t\t\t\t\t<section class=\"elementor-section elementor-top-section elementor-element elementor-element-15b34725 elementor-section-boxed elementor-section-height-default elementor-section-height-default\" data-id=\"15b34725\" data-element_type=\"section\" data-e-type=\"section\" data-settings=\"{&quot;background_background&quot;:&quot;classic&quot;}\">\n\t\t\t\t\t\t<div class=\"elementor-container elementor-column-gap-default\">\n\t\t\t\t\t<div class=\"elementor-column elementor-col-100 elementor-top-column elementor-element elementor-element-3622abe\" data-id=\"3622abe\" data-element_type=\"column\" data-e-type=\"column\">\n\t\t\t<div class=\"elementor-widget-wrap elementor-element-populated\">\n\t\t\t\t\t\t<section class=\"elementor-section elementor-inner-section elementor-element elementor-element-17cf0bf5 elementor-section-boxed elementor-section-height-default elementor-section-height-default\" data-id=\"17cf0bf5\" data-element_type=\"section\" data-e-type=\"section\">\n\t\t\t\t\t\t<div class=\"elementor-container elementor-column-gap-no\">\n\t\t\t\t\t<div class=\"elementor-column elementor-col-50 elementor-inner-column elementor-element elementor-element-295ae005\" data-id=\"295ae005\" data-element_type=\"column\" data-e-type=\"column\">\n\t\t\t<div class=\"elementor-widget-wrap elementor-element-populated\">\n\t\t\t\t\t\t<div class=\"elementor-element elementor-element-ec1d722 elementor-widget elementor-widget-pp-breadcrumbs\" data-id=\"ec1d722\" data-element_type=\"widget\" data-e-type=\"widget\" data-settings=\"{&quot;breadcrumbs_type&quot;:&quot;powerpack&quot;}\" data-widget_type=\"pp-breadcrumbs.default\">\n\t\t\t\t<div class=\"elementor-widget-container\">\n\t\t\t\t\t<ul class=\"pp-breadcrumbs pp-breadcrumbs-powerpack\">\t\t<li class=\"pp-breadcrumbs-item pp-breadcrumbs-item-home\">\n\t\t\t<a class=\"pp-breadcrumbs-crumb pp-breadcrumbs-crumb-link pp-breadcrumbs-crumb-home\" href=\"https:\/\/www.csem.org.br\/es\" title=\"Inicio \">\n\t\t\t\t<span class=\"pp-breadcrumbs-text\">\n\t\t\t\t\t\t\t\t\t\t\t<span class=\"pp-icon\">\n\t\t\t\t\t\t\t<i aria-hidden=\"true\" class=\"far fa-folder-open\"><\/i>\t\t\t\t\t\t<\/span>\n\t\t\t\t\t\t\t\t\t\tInicio \t\t\t\t<\/span>\n\t\t\t<\/a>\n\t\t<\/li>\n\t\t<li class=\"pp-breadcrumbs-separator\">\t\t\t\t<span class='pp-separator-icon pp-icon'>\n\t\t\t\t\t<i aria-hidden=\"true\" class=\"fas fa-angle-double-right\"><\/i>\t\t\t\t<\/span>\n\t\t\t\t<\/li><\/ul>\t\t\t\t<\/div>\n\t\t\t\t<\/div>\n\t\t\t\t\t<\/div>\n\t\t<\/div>\n\t\t\t\t<div class=\"elementor-column elementor-col-50 elementor-inner-column elementor-element elementor-element-17b588ad elementor-hidden-tablet elementor-hidden-mobile\" data-id=\"17b588ad\" data-element_type=\"column\" data-e-type=\"column\">\n\t\t\t<div class=\"elementor-widget-wrap elementor-element-populated\">\n\t\t\t\t\t\t<div class=\"elementor-element elementor-element-12039253 elementor-share-buttons--view-icon elementor-share-buttons--skin-flat elementor-share-buttons--shape-circle elementor-grid-3 elementor-hidden-tablet elementor-hidden-mobile elementor-share-buttons--color-official elementor-widget elementor-widget-share-buttons\" data-id=\"12039253\" data-element_type=\"widget\" data-e-type=\"widget\" data-widget_type=\"share-buttons.default\">\n\t\t\t\t<div class=\"elementor-widget-container\">\n\t\t\t\t\t\t\t<div class=\"elementor-grid\" role=\"list\">\n\t\t\t\t\t\t\t\t<div class=\"elementor-grid-item\" role=\"listitem\">\n\t\t\t\t\t\t<div class=\"elementor-share-btn elementor-share-btn_whatsapp\" role=\"button\" tabindex=\"0\" aria-label=\"Compartir en whatsapp\">\n\t\t\t\t\t\t\t\t\t\t\t\t\t\t\t<span class=\"elementor-share-btn__icon\">\n\t\t\t\t\t\t\t\t<i class=\"fab fa-whatsapp\" aria-hidden=\"true\"><\/i>\t\t\t\t\t\t\t<\/span>\n\t\t\t\t\t\t\t\t\t\t\t\t\t\t\t\t\t\t\t\t<\/div>\n\t\t\t\t\t<\/div>\n\t\t\t\t\t\t\t\t\t<div class=\"elementor-grid-item\" role=\"listitem\">\n\t\t\t\t\t\t<div class=\"elementor-share-btn elementor-share-btn_email\" role=\"button\" tabindex=\"0\" aria-label=\"Compartir por correo electr\u00f3nico\">\n\t\t\t\t\t\t\t\t\t\t\t\t\t\t\t<span class=\"elementor-share-btn__icon\">\n\t\t\t\t\t\t\t\t<i class=\"fas fa-envelope\" aria-hidden=\"true\"><\/i>\t\t\t\t\t\t\t<\/span>\n\t\t\t\t\t\t\t\t\t\t\t\t\t\t\t\t\t\t\t\t<\/div>\n\t\t\t\t\t<\/div>\n\t\t\t\t\t\t\t\t\t<div class=\"elementor-grid-item\" role=\"listitem\">\n\t\t\t\t\t\t<div class=\"elementor-share-btn elementor-share-btn_print\" role=\"button\" tabindex=\"0\" aria-label=\"Imprimir\">\n\t\t\t\t\t\t\t\t\t\t\t\t\t\t\t<span class=\"elementor-share-btn__icon\">\n\t\t\t\t\t\t\t\t<i class=\"fas fa-print\" aria-hidden=\"true\"><\/i>\t\t\t\t\t\t\t<\/span>\n\t\t\t\t\t\t\t\t\t\t\t\t\t\t\t\t\t\t\t\t<\/div>\n\t\t\t\t\t<\/div>\n\t\t\t\t\t\t<\/div>\n\t\t\t\t\t\t<\/div>\n\t\t\t\t<\/div>\n\t\t\t\t\t<\/div>\n\t\t<\/div>\n\t\t\t\t\t<\/div>\n\t\t<\/section>\n\t\t\t\t\t<\/div>\n\t\t<\/div>\n\t\t\t\t\t<\/div>\n\t\t<\/section>\n\t\t\t\t<\/div>\n\t\t\t\t<\/div>\n\t\t\t\t\t\t<\/div>\n\t\t\t\t<\/div>\n\t\t\t\t\t<\/div>\n\t\t<\/div>\n\t\t\t\t\t<\/div>\n\t\t<\/section>\n\t\t\t\t<section class=\"elementor-section elementor-top-section elementor-element elementor-element-f975190 elementor-section-boxed elementor-section-height-default elementor-section-height-default\" data-id=\"f975190\" data-element_type=\"section\" data-e-type=\"section\">\n\t\t\t\t\t\t<div class=\"elementor-container elementor-column-gap-default\">\n\t\t\t\t\t<div class=\"elementor-column elementor-col-100 elementor-top-column elementor-element elementor-element-b8d6d27\" data-id=\"b8d6d27\" data-element_type=\"column\" data-e-type=\"column\">\n\t\t\t<div class=\"elementor-widget-wrap elementor-element-populated\">\n\t\t\t\t\t\t<div class=\"elementor-element elementor-element-416cd80 elementor-widget elementor-widget-text-editor\" data-id=\"416cd80\" data-element_type=\"widget\" data-e-type=\"widget\" data-widget_type=\"text-editor.default\">\n\t\t\t\t<div class=\"elementor-widget-container\">\n\t\t\t\t\t\t\t\t\t<p>Filtre las noticias seleccionando el a\u00f1o<\/p>\t\t\t\t\t\t\t\t<\/div>\n\t\t\t\t<\/div>\n\t\t\t\t<div class=\"elementor-element elementor-element-7597082 pp-equal-height-yes elementor-grid-3 elementor-grid-tablet-2 elementor-grid-mobile-1 pp-post-filters-align-left pp-search-form-icon elementor-widget elementor-widget-pp-posts\" data-id=\"7597082\" data-element_type=\"widget\" data-e-type=\"widget\" data-widget_type=\"pp-posts.card\">\n\t\t\t\t<div class=\"elementor-widget-container\">\n\t\t\t\t\t\t\t<div class=\"pp-post-filters-container\" data-search-form=\"show\" data-search-action=\"button-click\">\n\t\t\t\t\t\t<div class=\"pp-post-filters-wrap pp-post-filters-dropdown-no\">\n\t\t\t\t<ul class=\"pp-post-filters\">\n\t\t\t\t\t\t\t\t\t\t\t<li class=\"pp-post-filter pp-filter-current\" data-filter=\"*\" data-taxonomy=\"\">Todas las noticias<\/li>\n\t\t\t\t\t\t\t\t\t\t\t\t\t\t\t\t\t\t\t\t\t\t\t\t\t\t\t\t\t\t<li class=\"pp-post-filter\" data-filter=\".2017-noticias\" data-taxonomy=\".category\">2017<span class=\"pp-post-filter-count\">1316<\/span><\/li>\n\t\t\t\t\t\t\t\t\t\t\t\t\t\t\t\t\t\t\t\t\t\t\t\t\t\t<li class=\"pp-post-filter\" data-filter=\".2018-noticias\" data-taxonomy=\".category\">2018<span class=\"pp-post-filter-count\">728<\/span><\/li>\n\t\t\t\t\t\t\t\t\t\t\t\t\t\t\t\t\t\t\t\t\t\t\t\t\t\t<li class=\"pp-post-filter\" data-filter=\".2019-noticias\" data-taxonomy=\".category\">2019<span class=\"pp-post-filter-count\">534<\/span><\/li>\n\t\t\t\t\t\t\t\t\t\t\t\t\t\t\t\t\t\t\t\t\t\t\t\t\t\t<li class=\"pp-post-filter\" data-filter=\".2020-noticias\" data-taxonomy=\".category\">2020<span class=\"pp-post-filter-count\">343<\/span><\/li>\n\t\t\t\t\t\t\t\t\t\t\t\t\t\t\t\t\t\t\t\t\t\t\t\t\t\t<li class=\"pp-post-filter\" data-filter=\".2021-noticias\" data-taxonomy=\".category\">2021<span class=\"pp-post-filter-count\">48<\/span><\/li>\n\t\t\t\t\t\t\t\t\t\t\t\t\t\t\t\t\t\t\t\t\t\t\t\t\t\t<li class=\"pp-post-filter\" data-filter=\".2022-noticias\" data-taxonomy=\".category\">2022<span class=\"pp-post-filter-count\">29<\/span><\/li>\n\t\t\t\t\t\t\t\t\t\t\t\t\t\t\t\t\t\t\t\t\t\t\t\t\t\t<li class=\"pp-post-filter\" data-filter=\".2023-noticias\" data-taxonomy=\".category\">2023<span class=\"pp-post-filter-count\">3<\/span><\/li>\n\t\t\t\t\t\t\t\t\t\t\t\t\t\t\t\t\t\t\t\t\t\t\t\t\t\t<li class=\"pp-post-filter\" data-filter=\".destaque-noticias\" data-taxonomy=\".category\">Noticias destacadas<span class=\"pp-post-filter-count\">1<\/span><\/li>\n\t\t\t\t\t\t\t\t\t\t\t\t\t\t\t\t\t\t\t\t\t\t\t\t\t\t<li class=\"pp-post-filter\" data-filter=\".noticias\" data-taxonomy=\".category\">Noticias<span class=\"pp-post-filter-count\">3<\/span><\/li>\n\t\t\t\t\t\t\t\t\t\t\t<\/ul>\n\n\t\t\t\t\t\t\t<\/div>\n\t\t\t\t\t\t\t\t<div class=\"pp-search-form-container\">\n\t\t\t<div class=\"pp-search-form\">\n\t\t\t\t<input placeholder=\"Buscar noticias por temas\" class=\"pp-search-form-input\" type=\"search\" name=\"s\" title=\"Buscar en\">\n\t\t\t\t<button class=\"pp-search-form-submit\" type=\"submit\" title=\"Buscar en\" aria-label=\"Buscar en\">\n\t\t\t\t\t\t\t\t\t\t\t<i aria-hidden=\"true\" class=\"fas fa-search\"><\/i>\t\t\t\t\t\t<span class=\"elementor-screen-only\">Buscar en<\/span>\n\t\t\t\t\t\t\t\t\t<\/button>\n\t\t\t<\/div>\n\t\t<\/div>\n\t\t\t\t<\/div>\n\t\t\t\t<div class=\"pp-posts-container\">\n\t\t\t\n\t\t\t\t\t\t\t\t\t\t\n\t\t\t<div class=\"pp-posts pp-posts-skin-card elementor-grid pp-posts-grid\" data-query-type=\"custom\" data-layout=\"grid\" data-page=\"13850\" data-skin=\"card\">\n\t\t\t\t\t\t\t\t\t\t\t<div class=\"pp-post-wrap pp-grid-item-wrap elementor-grid-item post-24968 noticias type-noticias status-publish hentry\">\n\t\t\t\t\t\t<div class=\"pp-post pp-grid-item\">\n\t\t\t\t\n\t\t\t\t<div class=\"pp-post-content-wrap\">\n\t\t\t\t\t<div class=\"pp-post-content\">\n\t\t\t\t\t\t\t\t\t\t\t\t<h5 class=\"pp-post-title\">\n\t\t\t\t<a href=\"https:\/\/www.csem.org.br\/es\/noticias\/migrantes-e-deportacoes-carta-do-papa-francisco-aos-bispos-dos-estados-unidos-da-america\/\">MIGRANTES Y DEPORTACI\u00d3N: Carta del Papa Francisco a los obispos de los Estados Unidos de Am\u00e9rica.<\/a>\t\t\t<\/h5>\n\t\t\t\t\t\t\t\t<\/div>\n\t\t\t\t\t\t\t\t\t<\/div>\n\n\t\t\t\t\t\t\t\t\t\t<div class=\"pp-post-meta-wrap\">\n\t\t\t\t\t\t\t\t<div class=\"pp-post-meta\">\n\t\t\t\t\t\t\t\t\t<span class=\"pp-post-date\">\n\t\t\t\t\t\t\t<span class=\"pp-icon\">\n\t\t\t\t<i class=\"pp-meta-icon far fa-calendar-alt\" aria-hidden=\"true\"><\/i>\t\t\t\t<\/span>\n\t\t\t\t\t\t\t<span class=\"pp-meta-text\">\n\t\t\t\t11 de febrero de 2025\t\t\t<\/span>\n\t\t<\/span>\n\t\t<span class=\"pp-meta-separator\"><\/span>\n\t\t\t\t\t\t\t\t<\/div>\n\t\t\t<\/div>\n\t\t\t\t\t\t<\/div>\n\t\t\t\t\t<\/div>\n\t\t\t\t<div class=\"pp-post-wrap pp-grid-item-wrap elementor-grid-item post-23073 noticias type-noticias status-publish hentry\">\n\t\t\t\t\t\t<div class=\"pp-post pp-grid-item\">\n\t\t\t\t\n\t\t\t\t<div class=\"pp-post-content-wrap\">\n\t\t\t\t\t<div class=\"pp-post-content\">\n\t\t\t\t\t\t\t\t\t\t\t\t<h5 class=\"pp-post-title\">\n\t\t\t\t<a href=\"https:\/\/www.csem.org.br\/es\/noticias\/honduras-el-transito-de-migrantes-en-condicion-de-irregularidad-se-triplico-entre-2022-y-2023\/\">Honduras: el tr\u00e1nsito de migrantes irregulares se triplic\u00f3 entre 2022 y 2023<\/a>\t\t\t<\/h5>\n\t\t\t\t\t\t\t\t<\/div>\n\t\t\t\t\t\t\t\t\t<\/div>\n\n\t\t\t\t\t\t\t\t\t\t<div class=\"pp-post-meta-wrap\">\n\t\t\t\t\t\t\t\t<div class=\"pp-post-meta\">\n\t\t\t\t\t\t\t\t\t<span class=\"pp-post-date\">\n\t\t\t\t\t\t\t<span class=\"pp-icon\">\n\t\t\t\t<i class=\"pp-meta-icon far fa-calendar-alt\" aria-hidden=\"true\"><\/i>\t\t\t\t<\/span>\n\t\t\t\t\t\t\t<span class=\"pp-meta-text\">\n\t\t\t\t25 de septiembre de 2023\t\t\t<\/span>\n\t\t<\/span>\n\t\t<span class=\"pp-meta-separator\"><\/span>\n\t\t\t\t\t\t\t\t<\/div>\n\t\t\t<\/div>\n\t\t\t\t\t\t<\/div>\n\t\t\t\t\t<\/div>\n\t\t\t\t<div class=\"pp-post-wrap pp-grid-item-wrap elementor-grid-item post-22948 noticias type-noticias status-publish hentry category-2023-noticias category-noticias\">\n\t\t\t\t\t\t<div class=\"pp-post pp-grid-item\">\n\t\t\t\t\n\t\t\t\t<div class=\"pp-post-content-wrap\">\n\t\t\t\t\t<div class=\"pp-post-content\">\n\t\t\t\t\t\t\t\t\t\t\t\t<h5 class=\"pp-post-title\">\n\t\t\t\t<a href=\"https:\/\/www.csem.org.br\/es\/noticias\/plano-mais-inclusivo-para-migrantes-imigrantes-apatridas-e-refugiados\/\">Un plan m\u00e1s integrador para emigrantes, inmigrantes, ap\u00e1tridas y refugiados<\/a>\t\t\t<\/h5>\n\t\t\t\t\t\t\t\t<\/div>\n\t\t\t\t\t\t\t\t\t<\/div>\n\n\t\t\t\t\t\t\t\t\t\t<div class=\"pp-post-meta-wrap\">\n\t\t\t\t\t\t\t\t<div class=\"pp-post-meta\">\n\t\t\t\t\t\t\t\t\t<span class=\"pp-post-date\">\n\t\t\t\t\t\t\t<span class=\"pp-icon\">\n\t\t\t\t<i class=\"pp-meta-icon far fa-calendar-alt\" aria-hidden=\"true\"><\/i>\t\t\t\t<\/span>\n\t\t\t\t\t\t\t<span class=\"pp-meta-text\">\n\t\t\t\t4 de septiembre de 2023\t\t\t<\/span>\n\t\t<\/span>\n\t\t<span class=\"pp-meta-separator\"><\/span>\n\t\t\t\t\t\t\t\t<\/div>\n\t\t\t<\/div>\n\t\t\t\t\t\t<\/div>\n\t\t\t\t\t<\/div>\n\t\t\t\t<div class=\"pp-post-wrap pp-grid-item-wrap elementor-grid-item post-22947 noticias type-noticias status-publish hentry category-2023-noticias category-destaque-noticias category-noticias\">\n\t\t\t\t\t\t<div class=\"pp-post pp-grid-item\">\n\t\t\t\t\n\t\t\t\t<div class=\"pp-post-content-wrap\">\n\t\t\t\t\t<div class=\"pp-post-content\">\n\t\t\t\t\t\t\t\t\t\t\t\t<h5 class=\"pp-post-title\">\n\t\t\t\t<a href=\"https:\/\/www.csem.org.br\/es\/noticias\/travessia-de-migrantes-no-canal-da-mancha-bate-novo-recorde-neste-fim-de-semana\/\">Los migrantes que cruzan el Canal de la Mancha baten un nuevo r\u00e9cord este fin de semana<\/a>\t\t\t<\/h5>\n\t\t\t\t\t\t\t\t<\/div>\n\t\t\t\t\t\t\t\t\t<\/div>\n\n\t\t\t\t\t\t\t\t\t\t<div class=\"pp-post-meta-wrap\">\n\t\t\t\t\t\t\t\t<div class=\"pp-post-meta\">\n\t\t\t\t\t\t\t\t\t<span class=\"pp-post-date\">\n\t\t\t\t\t\t\t<span class=\"pp-icon\">\n\t\t\t\t<i class=\"pp-meta-icon far fa-calendar-alt\" aria-hidden=\"true\"><\/i>\t\t\t\t<\/span>\n\t\t\t\t\t\t\t<span class=\"pp-meta-text\">\n\t\t\t\t4 de septiembre de 2023\t\t\t<\/span>\n\t\t<\/span>\n\t\t<span class=\"pp-meta-separator\"><\/span>\n\t\t\t\t\t\t\t\t<\/div>\n\t\t\t<\/div>\n\t\t\t\t\t\t<\/div>\n\t\t\t\t\t<\/div>\n\t\t\t\t<div class=\"pp-post-wrap pp-grid-item-wrap elementor-grid-item post-22923 noticias type-noticias status-publish hentry category-2023-noticias category-noticias\">\n\t\t\t\t\t\t<div class=\"pp-post pp-grid-item\">\n\t\t\t\t\n\t\t\t\t<div class=\"pp-post-content-wrap\">\n\t\t\t\t\t<div class=\"pp-post-content\">\n\t\t\t\t\t\t\t\t\t\t\t\t<h5 class=\"pp-post-title\">\n\t\t\t\t<a href=\"https:\/\/www.csem.org.br\/es\/noticias\/predio-utilizado-por-imigrantes-pega-fogo-em-joanesburgo-e-deixa-mais-de-70-pessoas-mortas\/\">Un edificio utilizado por inmigrantes se incendia en Johannesburgo y deja m\u00e1s de 70 muertos<\/a>\t\t\t<\/h5>\n\t\t\t\t\t\t\t\t<\/div>\n\t\t\t\t\t\t\t\t\t<\/div>\n\n\t\t\t\t\t\t\t\t\t\t<div class=\"pp-post-meta-wrap\">\n\t\t\t\t\t\t\t\t<div class=\"pp-post-meta\">\n\t\t\t\t\t\t\t\t\t<span class=\"pp-post-date\">\n\t\t\t\t\t\t\t<span class=\"pp-icon\">\n\t\t\t\t<i class=\"pp-meta-icon far fa-calendar-alt\" aria-hidden=\"true\"><\/i>\t\t\t\t<\/span>\n\t\t\t\t\t\t\t<span class=\"pp-meta-text\">\n\t\t\t\t31 de agosto de 2023\t\t\t<\/span>\n\t\t<\/span>\n\t\t<span class=\"pp-meta-separator\"><\/span>\n\t\t\t\t\t\t\t\t<\/div>\n\t\t\t<\/div>\n\t\t\t\t\t\t<\/div>\n\t\t\t\t\t<\/div>\n\t\t\t\t<div class=\"pp-post-wrap pp-grid-item-wrap elementor-grid-item post-19118 noticias type-noticias status-publish hentry category-2022-noticias\">\n\t\t\t\t\t\t<div class=\"pp-post pp-grid-item\">\n\t\t\t\t\n\t\t\t\t<div class=\"pp-post-content-wrap\">\n\t\t\t\t\t<div class=\"pp-post-content\">\n\t\t\t\t\t\t\t\t\t\t\t\t<h5 class=\"pp-post-title\">\n\t\t\t\t<a href=\"https:\/\/www.csem.org.br\/es\/noticias\/pessoas-refugiadas-ou-com-visto-humanitario-iniciam-carreira-universitaria-na-ufsc\/\">Refugiados o personas con visado humanitario comienzan su carrera universitaria en la UFSC<\/a>\t\t\t<\/h5>\n\t\t\t\t\t\t\t\t<\/div>\n\t\t\t\t\t\t\t\t\t<\/div>\n\n\t\t\t\t\t\t\t\t\t\t<div class=\"pp-post-meta-wrap\">\n\t\t\t\t\t\t\t\t<div class=\"pp-post-meta\">\n\t\t\t\t\t\t\t\t\t<span class=\"pp-post-date\">\n\t\t\t\t\t\t\t<span class=\"pp-icon\">\n\t\t\t\t<i class=\"pp-meta-icon far fa-calendar-alt\" aria-hidden=\"true\"><\/i>\t\t\t\t<\/span>\n\t\t\t\t\t\t\t<span class=\"pp-meta-text\">\n\t\t\t\t9 de septiembre de 2022\t\t\t<\/span>\n\t\t<\/span>\n\t\t<span class=\"pp-meta-separator\"><\/span>\n\t\t\t\t\t\t\t\t<\/div>\n\t\t\t<\/div>\n\t\t\t\t\t\t<\/div>\n\t\t\t\t\t<\/div>\n\t\t\t\t<div class=\"pp-post-wrap pp-grid-item-wrap elementor-grid-item post-19117 noticias type-noticias status-publish hentry category-2022-noticias\">\n\t\t\t\t\t\t<div class=\"pp-post pp-grid-item\">\n\t\t\t\t\n\t\t\t\t<div class=\"pp-post-content-wrap\">\n\t\t\t\t\t<div class=\"pp-post-content\">\n\t\t\t\t\t\t\t\t\t\t\t\t<h5 class=\"pp-post-title\">\n\t\t\t\t<a href=\"https:\/\/www.csem.org.br\/es\/noticias\/inundacoes-deixam-milhares-de-pessoas-desabrigadas-no-paquistao-2\/\">Las inundaciones dejan sin hogar a miles de personas en Pakist\u00e1n<\/a>\t\t\t<\/h5>\n\t\t\t\t\t\t\t\t<\/div>\n\t\t\t\t\t\t\t\t\t<\/div>\n\n\t\t\t\t\t\t\t\t\t\t<div class=\"pp-post-meta-wrap\">\n\t\t\t\t\t\t\t\t<div class=\"pp-post-meta\">\n\t\t\t\t\t\t\t\t\t<span class=\"pp-post-date\">\n\t\t\t\t\t\t\t<span class=\"pp-icon\">\n\t\t\t\t<i class=\"pp-meta-icon far fa-calendar-alt\" aria-hidden=\"true\"><\/i>\t\t\t\t<\/span>\n\t\t\t\t\t\t\t<span class=\"pp-meta-text\">\n\t\t\t\t9 de septiembre de 2022\t\t\t<\/span>\n\t\t<\/span>\n\t\t<span class=\"pp-meta-separator\"><\/span>\n\t\t\t\t\t\t\t\t<\/div>\n\t\t\t<\/div>\n\t\t\t\t\t\t<\/div>\n\t\t\t\t\t<\/div>\n\t\t\t\t<div class=\"pp-post-wrap pp-grid-item-wrap elementor-grid-item post-19089 noticias type-noticias status-publish hentry category-2022-noticias\">\n\t\t\t\t\t\t<div class=\"pp-post pp-grid-item\">\n\t\t\t\t\n\t\t\t\t<div class=\"pp-post-content-wrap\">\n\t\t\t\t\t<div class=\"pp-post-content\">\n\t\t\t\t\t\t\t\t\t\t\t\t<h5 class=\"pp-post-title\">\n\t\t\t\t<a href=\"https:\/\/www.csem.org.br\/es\/noticias\/la-respuesta-internacional-a-la-covid-19-no-pudo-garantizar-los-derechos-de-las-personas-refugiadas-revela-una-evaluacion-global\/\">Italia: sbarchi, realidad y propaganda<\/a>\t\t\t<\/h5>\n\t\t\t\t\t\t\t\t<\/div>\n\t\t\t\t\t\t\t\t\t<\/div>\n\n\t\t\t\t\t\t\t\t\t\t<div class=\"pp-post-meta-wrap\">\n\t\t\t\t\t\t\t\t<div class=\"pp-post-meta\">\n\t\t\t\t\t\t\t\t\t<span class=\"pp-post-date\">\n\t\t\t\t\t\t\t<span class=\"pp-icon\">\n\t\t\t\t<i class=\"pp-meta-icon far fa-calendar-alt\" aria-hidden=\"true\"><\/i>\t\t\t\t<\/span>\n\t\t\t\t\t\t\t<span class=\"pp-meta-text\">\n\t\t\t\t26 de julio de 2022\t\t\t<\/span>\n\t\t<\/span>\n\t\t<span class=\"pp-meta-separator\"><\/span>\n\t\t\t\t\t\t\t\t<\/div>\n\t\t\t<\/div>\n\t\t\t\t\t\t<\/div>\n\t\t\t\t\t<\/div>\n\t\t\t\t<div class=\"pp-post-wrap pp-grid-item-wrap elementor-grid-item post-19088 noticias type-noticias status-publish hentry category-2022-noticias\">\n\t\t\t\t\t\t<div class=\"pp-post pp-grid-item\">\n\t\t\t\t\n\t\t\t\t<div class=\"pp-post-content-wrap\">\n\t\t\t\t\t<div class=\"pp-post-content\">\n\t\t\t\t\t\t\t\t\t\t\t\t<h5 class=\"pp-post-title\">\n\t\t\t\t<a href=\"https:\/\/www.csem.org.br\/es\/noticias\/caritas-e-acnur-lancam-dados-do-perfil-de-refugiados-no-estado-de-sao-paulo\/\">C\u00e1ritas y ACNUR lanzan un perfil de los refugiados en el estado de S\u00e3o Paulo<\/a>\t\t\t<\/h5>\n\t\t\t\t\t\t\t\t<\/div>\n\t\t\t\t\t\t\t\t\t<\/div>\n\n\t\t\t\t\t\t\t\t\t\t<div class=\"pp-post-meta-wrap\">\n\t\t\t\t\t\t\t\t<div class=\"pp-post-meta\">\n\t\t\t\t\t\t\t\t\t<span class=\"pp-post-date\">\n\t\t\t\t\t\t\t<span class=\"pp-icon\">\n\t\t\t\t<i class=\"pp-meta-icon far fa-calendar-alt\" aria-hidden=\"true\"><\/i>\t\t\t\t<\/span>\n\t\t\t\t\t\t\t<span class=\"pp-meta-text\">\n\t\t\t\t26 de julio de 2022\t\t\t<\/span>\n\t\t<\/span>\n\t\t<span class=\"pp-meta-separator\"><\/span>\n\t\t\t\t\t\t\t\t<\/div>\n\t\t\t<\/div>\n\t\t\t\t\t\t<\/div>\n\t\t\t\t\t<\/div>\n\t\t\t\t\t\t\t\t\t<\/div>\n\t\t\t\n\t\t\t\n\t\t\t\t\t\t<div class=\"pp-posts-loader\"><\/div>\n\t\t\t\n\t\t\t\n\t\t\t\t\t\t\t\t\t\t\t<div class=\"pp-posts-pagination-wrap pp-posts-pagination-bottom\">\n\t\t\t\t\t\t\t\t<div class=\"pp-post-load-more-wrap pp-posts-pagination\" data-total=\"334\">\n\t\t\t\t<a class=\"pp-post-load-more elementor-button elementor-size-sm\" href=\"javascript:void(0);\">\n\t\t\t\t\t\t\t\t\t\t\t\t\t\t\t\t<span class=\"pp-button-text\">\n\t\t\t\t\t\t\tVER M\u00c1S NOTICIAS\t\t\t\t\t\t<\/span>\n\t\t\t\t\t\t\t\t\t\t\t\t\t\t<\/a>\n\t\t\t<\/div>\n\t\t\t\t\t\t\t<\/div>\n\t\t\t\t\t\t\t\t\t<\/div>\n\n\t\t\n\t\t\t\t\t\t<\/div>\n\t\t\t\t<\/div>\n\t\t\t\t<section class=\"elementor-section elementor-inner-section elementor-element elementor-element-c45eaa7 elementor-section-boxed elementor-section-height-default elementor-section-height-default\" data-id=\"c45eaa7\" data-element_type=\"section\" data-e-type=\"section\">\n\t\t\t\t\t\t<div class=\"elementor-container elementor-column-gap-default\">\n\t\t\t\t\t<div class=\"elementor-column elementor-col-100 elementor-inner-column elementor-element elementor-element-ab3ed52\" data-id=\"ab3ed52\" data-element_type=\"column\" data-e-type=\"column\">\n\t\t\t<div class=\"elementor-widget-wrap\">\n\t\t\t\t\t\t\t<\/div>\n\t\t<\/div>\n\t\t\t\t\t<\/div>\n\t\t<\/section>\n\t\t\t\t\t<\/div>\n\t\t<\/div>\n\t\t\t\t\t<\/div>\n\t\t<\/section>\n\t\t\t\t<\/div>","protected":false},"excerpt":{"rendered":"<p>Filtre as not\u00edcias selecionando o ano Todas not\u00edcias 20171316 2018728 2019534 2020343 202148 202229 Search Pessoas refugiadas ou com visto humanit\u00e1rio iniciam carreira universit\u00e1ria na UFSC 9 de setembro de 2022 Inunda\u00e7\u00f5es deixam milhares de pessoas desabrigadas no Paquist\u00e3o 9 de setembro de 2022 Italia: sbarchi, la realt\u00e0 e la propaganda 26 de julho de [&hellip;]<\/p>\n","protected":false},"author":2,"featured_media":0,"parent":0,"menu_order":0,"comment_status":"closed","ping_status":"closed","template":"elementor_header_footer","meta":{"_acf_changed":false,"footnotes":""},"class_list":["post-13850","page","type-page","status-publish","hentry"],"acf":[],"_links":{"self":[{"href":"https:\/\/www.csem.org.br\/es\/wp-json\/wp\/v2\/pages\/13850","targetHints":{"allow":["GET"]}}],"collection":[{"href":"https:\/\/www.csem.org.br\/es\/wp-json\/wp\/v2\/pages"}],"about":[{"href":"https:\/\/www.csem.org.br\/es\/wp-json\/wp\/v2\/types\/page"}],"author":[{"embeddable":true,"href":"https:\/\/www.csem.org.br\/es\/wp-json\/wp\/v2\/users\/2"}],"replies":[{"embeddable":true,"href":"https:\/\/www.csem.org.br\/es\/wp-json\/wp\/v2\/comments?post=13850"}],"version-history":[{"count":0,"href":"https:\/\/www.csem.org.br\/es\/wp-json\/wp\/v2\/pages\/13850\/revisions"}],"wp:attachment":[{"href":"https:\/\/www.csem.org.br\/es\/wp-json\/wp\/v2\/media?parent=13850"}],"curies":[{"name":"wp","href":"https:\/\/api.w.org\/{rel}","templated":true}]}}