{"id":90,"date":"2018-04-12T17:18:59","date_gmt":"2018-04-12T20:18:59","guid":{"rendered":"https:\/\/csem.org.br\/?page_id=10"},"modified":"2025-10-16T15:13:03","modified_gmt":"2025-10-16T18:13:03","slug":"programa","status":"publish","type":"page","link":"https:\/\/www.csem.org.br\/en\/programa\/","title":{"rendered":"Program"},"content":{"rendered":"\t\t<div data-elementor-type=\"wp-page\" data-elementor-id=\"90\" class=\"elementor elementor-90\" data-elementor-post-type=\"page\">\n\t\t\t\t\t\t<section class=\"elementor-section elementor-top-section elementor-element elementor-element-44f9d293 elementor-section-full_width elementor-section-height-default elementor-section-height-default\" data-id=\"44f9d293\" data-element_type=\"section\" data-e-type=\"section\">\n\t\t\t\t\t\t<div class=\"elementor-container elementor-column-gap-no\">\n\t\t\t\t\t<div class=\"elementor-column elementor-col-100 elementor-top-column elementor-element elementor-element-104e4325\" data-id=\"104e4325\" data-element_type=\"column\" data-e-type=\"column\">\n\t\t\t<div class=\"elementor-widget-wrap elementor-element-populated\">\n\t\t\t\t\t\t<div class=\"elementor-element elementor-element-5778096 elementor-widget elementor-widget-template\" data-id=\"5778096\" data-element_type=\"widget\" data-e-type=\"widget\" data-widget_type=\"template.default\">\n\t\t\t\t<div class=\"elementor-widget-container\">\n\t\t\t\t\t\t\t<div class=\"elementor-template\">\n\t\t\t\t\t<div data-elementor-type=\"section\" data-elementor-id=\"19749\" class=\"elementor elementor-19749\" data-elementor-post-type=\"elementor_library\">\n\t\t\t\t\t<section class=\"elementor-section elementor-top-section elementor-element elementor-element-15b34725 elementor-section-boxed elementor-section-height-default elementor-section-height-default\" data-id=\"15b34725\" data-element_type=\"section\" data-e-type=\"section\" data-settings=\"{&quot;background_background&quot;:&quot;classic&quot;}\">\n\t\t\t\t\t\t<div class=\"elementor-container elementor-column-gap-default\">\n\t\t\t\t\t<div class=\"elementor-column elementor-col-100 elementor-top-column elementor-element elementor-element-3622abe\" data-id=\"3622abe\" data-element_type=\"column\" data-e-type=\"column\">\n\t\t\t<div class=\"elementor-widget-wrap elementor-element-populated\">\n\t\t\t\t\t\t<section class=\"elementor-section elementor-inner-section elementor-element elementor-element-17cf0bf5 elementor-section-boxed elementor-section-height-default elementor-section-height-default\" data-id=\"17cf0bf5\" data-element_type=\"section\" data-e-type=\"section\">\n\t\t\t\t\t\t<div class=\"elementor-container elementor-column-gap-no\">\n\t\t\t\t\t<div class=\"elementor-column elementor-col-50 elementor-inner-column elementor-element elementor-element-295ae005\" data-id=\"295ae005\" data-element_type=\"column\" data-e-type=\"column\">\n\t\t\t<div class=\"elementor-widget-wrap elementor-element-populated\">\n\t\t\t\t\t\t<div class=\"elementor-element elementor-element-ec1d722 elementor-widget elementor-widget-pp-breadcrumbs\" data-id=\"ec1d722\" data-element_type=\"widget\" data-e-type=\"widget\" data-settings=\"{&quot;breadcrumbs_type&quot;:&quot;powerpack&quot;}\" data-widget_type=\"pp-breadcrumbs.default\">\n\t\t\t\t<div class=\"elementor-widget-container\">\n\t\t\t\t\t<ul class=\"pp-breadcrumbs pp-breadcrumbs-powerpack\">\t\t<li class=\"pp-breadcrumbs-item pp-breadcrumbs-item-home\">\n\t\t\t<a class=\"pp-breadcrumbs-crumb pp-breadcrumbs-crumb-link pp-breadcrumbs-crumb-home\" href=\"https:\/\/www.csem.org.br\/en\" title=\"In\u00edcio \">\n\t\t\t\t<span class=\"pp-breadcrumbs-text\">\n\t\t\t\t\t\t\t\t\t\t\t<span class=\"pp-icon\">\n\t\t\t\t\t\t\t<i aria-hidden=\"true\" class=\"far fa-folder-open\"><\/i>\t\t\t\t\t\t<\/span>\n\t\t\t\t\t\t\t\t\t\tIn\u00edcio \t\t\t\t<\/span>\n\t\t\t<\/a>\n\t\t<\/li>\n\t\t<li class=\"pp-breadcrumbs-separator\">\t\t\t\t<span class='pp-separator-icon pp-icon'>\n\t\t\t\t\t<i aria-hidden=\"true\" class=\"fas fa-angle-double-right\"><\/i>\t\t\t\t<\/span>\n\t\t\t\t<\/li><\/ul>\t\t\t\t<\/div>\n\t\t\t\t<\/div>\n\t\t\t\t\t<\/div>\n\t\t<\/div>\n\t\t\t\t<div class=\"elementor-column elementor-col-50 elementor-inner-column elementor-element elementor-element-17b588ad elementor-hidden-tablet elementor-hidden-mobile\" data-id=\"17b588ad\" data-element_type=\"column\" data-e-type=\"column\">\n\t\t\t<div class=\"elementor-widget-wrap elementor-element-populated\">\n\t\t\t\t\t\t<div class=\"elementor-element elementor-element-12039253 elementor-share-buttons--view-icon elementor-share-buttons--skin-flat elementor-share-buttons--shape-circle elementor-grid-3 elementor-hidden-tablet elementor-hidden-mobile elementor-share-buttons--color-official elementor-widget elementor-widget-share-buttons\" data-id=\"12039253\" data-element_type=\"widget\" data-e-type=\"widget\" data-widget_type=\"share-buttons.default\">\n\t\t\t\t<div class=\"elementor-widget-container\">\n\t\t\t\t\t\t\t<div class=\"elementor-grid\" role=\"list\">\n\t\t\t\t\t\t\t\t<div class=\"elementor-grid-item\" role=\"listitem\">\n\t\t\t\t\t\t<div class=\"elementor-share-btn elementor-share-btn_whatsapp\" role=\"button\" tabindex=\"0\" aria-label=\"Condividi su whatsapp\">\n\t\t\t\t\t\t\t\t\t\t\t\t\t\t\t<span class=\"elementor-share-btn__icon\">\n\t\t\t\t\t\t\t\t<i class=\"fab fa-whatsapp\" aria-hidden=\"true\"><\/i>\t\t\t\t\t\t\t<\/span>\n\t\t\t\t\t\t\t\t\t\t\t\t\t\t\t\t\t\t\t\t<\/div>\n\t\t\t\t\t<\/div>\n\t\t\t\t\t\t\t\t\t<div class=\"elementor-grid-item\" role=\"listitem\">\n\t\t\t\t\t\t<div class=\"elementor-share-btn elementor-share-btn_email\" role=\"button\" tabindex=\"0\" aria-label=\"Condividi su email\">\n\t\t\t\t\t\t\t\t\t\t\t\t\t\t\t<span class=\"elementor-share-btn__icon\">\n\t\t\t\t\t\t\t\t<i class=\"fas fa-envelope\" aria-hidden=\"true\"><\/i>\t\t\t\t\t\t\t<\/span>\n\t\t\t\t\t\t\t\t\t\t\t\t\t\t\t\t\t\t\t\t<\/div>\n\t\t\t\t\t<\/div>\n\t\t\t\t\t\t\t\t\t<div class=\"elementor-grid-item\" role=\"listitem\">\n\t\t\t\t\t\t<div class=\"elementor-share-btn elementor-share-btn_print\" role=\"button\" tabindex=\"0\" aria-label=\"Condividi su print\">\n\t\t\t\t\t\t\t\t\t\t\t\t\t\t\t<span class=\"elementor-share-btn__icon\">\n\t\t\t\t\t\t\t\t<i class=\"fas fa-print\" aria-hidden=\"true\"><\/i>\t\t\t\t\t\t\t<\/span>\n\t\t\t\t\t\t\t\t\t\t\t\t\t\t\t\t\t\t\t\t<\/div>\n\t\t\t\t\t<\/div>\n\t\t\t\t\t\t<\/div>\n\t\t\t\t\t\t<\/div>\n\t\t\t\t<\/div>\n\t\t\t\t\t<\/div>\n\t\t<\/div>\n\t\t\t\t\t<\/div>\n\t\t<\/section>\n\t\t\t\t\t<\/div>\n\t\t<\/div>\n\t\t\t\t\t<\/div>\n\t\t<\/section>\n\t\t\t\t<\/div>\n\t\t\t\t<\/div>\n\t\t\t\t\t\t<\/div>\n\t\t\t\t<\/div>\n\t\t\t\t\t<\/div>\n\t\t<\/div>\n\t\t\t\t\t<\/div>\n\t\t<\/section>\n\t\t\t\t<section class=\"elementor-section elementor-top-section elementor-element elementor-element-f4bc181 elementor-section-boxed elementor-section-height-default elementor-section-height-default\" data-id=\"f4bc181\" data-element_type=\"section\" data-e-type=\"section\">\n\t\t\t\t\t\t<div class=\"elementor-container elementor-column-gap-default\">\n\t\t\t\t\t<div class=\"elementor-column elementor-col-100 elementor-top-column elementor-element elementor-element-65ad7bf\" data-id=\"65ad7bf\" data-element_type=\"column\" data-e-type=\"column\">\n\t\t\t<div class=\"elementor-widget-wrap elementor-element-populated\">\n\t\t\t\t\t\t<section class=\"elementor-section elementor-inner-section elementor-element elementor-element-d6c7d14 elementor-hidden-mobile elementor-section-boxed elementor-section-height-default elementor-section-height-default\" data-id=\"d6c7d14\" data-element_type=\"section\" data-e-type=\"section\" data-settings=\"{&quot;sticky&quot;:&quot;top&quot;,&quot;sticky_on&quot;:[&quot;desktop&quot;,&quot;tablet&quot;,&quot;mobile&quot;],&quot;sticky_offset&quot;:0,&quot;sticky_effects_offset&quot;:0,&quot;sticky_anchor_link_offset&quot;:0}\">\n\t\t\t\t\t\t<div class=\"elementor-container elementor-column-gap-default\">\n\t\t\t\t\t<div class=\"elementor-column elementor-col-100 elementor-inner-column elementor-element elementor-element-82d74c5\" data-id=\"82d74c5\" data-element_type=\"column\" data-e-type=\"column\">\n\t\t\t<div class=\"elementor-widget-wrap elementor-element-populated\">\n\t\t\t\t\t\t<div class=\"elementor-element elementor-element-0c1e1cb elementor-widget elementor-widget-global elementor-global-21857 elementor-widget-pp-advanced-menu\" data-id=\"0c1e1cb\" data-element_type=\"widget\" data-e-type=\"widget\" data-settings=\"{&quot;menu_type&quot;:&quot;off-canvas&quot;,&quot;onepage_menu&quot;:&quot;yes&quot;,&quot;layout&quot;:&quot;horizontal&quot;,&quot;show_submenu_on&quot;:&quot;hover&quot;,&quot;submenu_icon&quot;:{&quot;value&quot;:&quot;fas fa-caret-down&quot;,&quot;library&quot;:&quot;fa-solid&quot;},&quot;toggle&quot;:&quot;icon&quot;,&quot;toggle_icon_type&quot;:&quot;hamburger&quot;,&quot;show_responsive_submenu_on&quot;:&quot;icon&quot;}\" data-widget_type=\"pp-advanced-menu.default\">\n\t\t\t\t<div class=\"elementor-widget-container\">\n\t\t\t\t\t\n\t\t\t\t<div class=\"pp-advanced-menu-main-wrapper pp-advanced-menu__align-center pp-advanced-menu--dropdown-tablet pp-advanced-menu--type-off-canvas pp-advanced-menu__text-align- pp-advanced-menu--toggle pp-advanced-menu--icon\">\n\t\t\t\t\t\t\t\t<nav id=\"pp-menu-0c1e1cb\" class=\"pp-advanced-menu--main pp-advanced-menu__container pp-advanced-menu--layout-horizontal pp--pointer-background e--animation-fade\" aria-label=\"IV ICoMiR\" data-settings=\"{&quot;menu_id&quot;:&quot;0c1e1cb&quot;,&quot;breakpoint&quot;:&quot;tablet&quot;,&quot;full_width&quot;:false}\"><ul id=\"menu-iv-icomir\" class=\"pp-advanced-menu\"><li class=\"menu-item menu-item-type-post_type menu-item-object-page menu-item-27018\"><a href=\"https:\/\/www.csem.org.br\/en\/csem-eventos\/iv-icomir\/\" class=\"pp-menu-item\">IV ICoMiR<\/a><\/li>\n<\/ul><\/nav>\n\t\t\t\t\t\t\t\t\t\t\t\t\t\t\t<div class=\"pp-menu-toggle pp-menu-toggle-on-tablet\">\n\t\t\t\t\t\t\t\t\t\t\t<div class=\"pp-hamburger\">\n\t\t\t\t\t\t\t<div class=\"pp-hamburger-box\">\n\t\t\t\t\t\t\t\t\t\t\t\t\t\t\t\t\t<div class=\"pp-hamburger-inner\"><\/div>\n\t\t\t\t\t\t\t\t\t\t\t\t\t\t\t<\/div>\n\t\t\t\t\t\t<\/div>\n\t\t\t\t\t\t\t\t\t\t\t\t\t\t<\/div>\n\t\t\t\t\t\t\t\t\t\t\t\t<nav class=\"pp-advanced-menu--dropdown pp-menu-style-toggle pp-advanced-menu__container pp-menu-0c1e1cb pp-menu-off-canvas pp-menu-off-canvas-left\" data-settings=\"{&quot;menu_id&quot;:&quot;0c1e1cb&quot;,&quot;breakpoint&quot;:&quot;tablet&quot;,&quot;full_width&quot;:false}\">\n\t\t\t\t\t\t\t\t\t<div class=\"pp-menu-close-wrap\">\n\t\t\t\t\t\t<div class=\"pp-menu-close\"><\/div>\n\t\t\t\t\t<\/div>\n\t\t\t\t\t\t\t\t\t\t\t\t<ul id=\"menu-iv-icomir-1\" class=\"pp-advanced-menu\"><li class=\"menu-item menu-item-type-post_type menu-item-object-page menu-item-27018\"><a href=\"https:\/\/www.csem.org.br\/en\/csem-eventos\/iv-icomir\/\" class=\"pp-menu-item\">IV ICoMiR<\/a><\/li>\n<\/ul>\t\t\t\t\t\t\t<\/nav>\n\t\t\t\t\t\t\t<\/div>\n\t\t\t\t\t\t\t\t<\/div>\n\t\t\t\t<\/div>\n\t\t\t\t\t<\/div>\n\t\t<\/div>\n\t\t\t\t\t<\/div>\n\t\t<\/section>\n\t\t\t\t<section class=\"elementor-section elementor-inner-section elementor-element elementor-element-10065f5 elementor-hidden-desktop elementor-hidden-tablet elementor-section-boxed elementor-section-height-default elementor-section-height-default\" data-id=\"10065f5\" data-element_type=\"section\" data-e-type=\"section\" data-settings=\"{&quot;sticky&quot;:&quot;top&quot;,&quot;background_background&quot;:&quot;classic&quot;,&quot;sticky_offset_mobile&quot;:5,&quot;sticky_on&quot;:[&quot;desktop&quot;,&quot;tablet&quot;,&quot;mobile&quot;],&quot;sticky_offset&quot;:0,&quot;sticky_effects_offset&quot;:0,&quot;sticky_anchor_link_offset&quot;:0}\">\n\t\t\t\t\t\t<div class=\"elementor-container elementor-column-gap-default\">\n\t\t\t\t\t<div class=\"elementor-column elementor-col-50 elementor-inner-column elementor-element elementor-element-293c091\" data-id=\"293c091\" data-element_type=\"column\" data-e-type=\"column\">\n\t\t\t<div class=\"elementor-widget-wrap elementor-element-populated\">\n\t\t\t\t\t\t<div class=\"elementor-element elementor-element-a55fa73 elementor-widget elementor-widget-heading\" data-id=\"a55fa73\" data-element_type=\"widget\" data-e-type=\"widget\" data-widget_type=\"heading.default\">\n\t\t\t\t<div class=\"elementor-widget-container\">\n\t\t\t\t\t<h2 class=\"elementor-heading-title elementor-size-default\">Menu r\u00e1pido<\/h2>\t\t\t\t<\/div>\n\t\t\t\t<\/div>\n\t\t\t\t\t<\/div>\n\t\t<\/div>\n\t\t\t\t<div class=\"elementor-column elementor-col-50 elementor-inner-column elementor-element elementor-element-4fffd38\" data-id=\"4fffd38\" data-element_type=\"column\" data-e-type=\"column\">\n\t\t\t<div class=\"elementor-widget-wrap elementor-element-populated\">\n\t\t\t\t\t\t<div class=\"elementor-element elementor-element-801812d elementor-widget elementor-widget-global elementor-global-21857 elementor-widget-pp-advanced-menu\" data-id=\"801812d\" data-element_type=\"widget\" data-e-type=\"widget\" data-settings=\"{&quot;menu_type&quot;:&quot;off-canvas&quot;,&quot;onepage_menu&quot;:&quot;yes&quot;,&quot;layout&quot;:&quot;horizontal&quot;,&quot;show_submenu_on&quot;:&quot;hover&quot;,&quot;submenu_icon&quot;:{&quot;value&quot;:&quot;fas fa-caret-down&quot;,&quot;library&quot;:&quot;fa-solid&quot;},&quot;toggle&quot;:&quot;icon&quot;,&quot;toggle_icon_type&quot;:&quot;hamburger&quot;,&quot;show_responsive_submenu_on&quot;:&quot;icon&quot;}\" data-widget_type=\"pp-advanced-menu.default\">\n\t\t\t\t<div class=\"elementor-widget-container\">\n\t\t\t\t\t\n\t\t\t\t<div class=\"pp-advanced-menu-main-wrapper pp-advanced-menu__align-center pp-advanced-menu--dropdown-tablet pp-advanced-menu--type-off-canvas pp-advanced-menu__text-align- pp-advanced-menu--toggle pp-advanced-menu--icon\">\n\t\t\t\t\t\t\t\t<nav id=\"pp-menu-801812d\" class=\"pp-advanced-menu--main pp-advanced-menu__container pp-advanced-menu--layout-horizontal pp--pointer-background e--animation-fade\" aria-label=\"IV ICoMiR\" data-settings=\"{&quot;menu_id&quot;:&quot;801812d&quot;,&quot;breakpoint&quot;:&quot;tablet&quot;,&quot;full_width&quot;:false}\"><ul id=\"menu-iv-icomir-2\" class=\"pp-advanced-menu\"><li class=\"menu-item menu-item-type-post_type menu-item-object-page menu-item-27018\"><a href=\"https:\/\/www.csem.org.br\/en\/csem-eventos\/iv-icomir\/\" class=\"pp-menu-item\">IV ICoMiR<\/a><\/li>\n<\/ul><\/nav>\n\t\t\t\t\t\t\t\t\t\t\t\t\t\t\t<div class=\"pp-menu-toggle pp-menu-toggle-on-tablet\">\n\t\t\t\t\t\t\t\t\t\t\t<div class=\"pp-hamburger\">\n\t\t\t\t\t\t\t<div class=\"pp-hamburger-box\">\n\t\t\t\t\t\t\t\t\t\t\t\t\t\t\t\t\t<div class=\"pp-hamburger-inner\"><\/div>\n\t\t\t\t\t\t\t\t\t\t\t\t\t\t\t<\/div>\n\t\t\t\t\t\t<\/div>\n\t\t\t\t\t\t\t\t\t\t\t\t\t\t<\/div>\n\t\t\t\t\t\t\t\t\t\t\t\t<nav class=\"pp-advanced-menu--dropdown pp-menu-style-toggle pp-advanced-menu__container pp-menu-801812d pp-menu-off-canvas pp-menu-off-canvas-left\" data-settings=\"{&quot;menu_id&quot;:&quot;801812d&quot;,&quot;breakpoint&quot;:&quot;tablet&quot;,&quot;full_width&quot;:false}\">\n\t\t\t\t\t\t\t\t\t<div class=\"pp-menu-close-wrap\">\n\t\t\t\t\t\t<div class=\"pp-menu-close\"><\/div>\n\t\t\t\t\t<\/div>\n\t\t\t\t\t\t\t\t\t\t\t\t<ul id=\"menu-iv-icomir-3\" class=\"pp-advanced-menu\"><li class=\"menu-item menu-item-type-post_type menu-item-object-page menu-item-27018\"><a href=\"https:\/\/www.csem.org.br\/en\/csem-eventos\/iv-icomir\/\" class=\"pp-menu-item\">IV ICoMiR<\/a><\/li>\n<\/ul>\t\t\t\t\t\t\t<\/nav>\n\t\t\t\t\t\t\t<\/div>\n\t\t\t\t\t\t\t\t<\/div>\n\t\t\t\t<\/div>\n\t\t\t\t\t<\/div>\n\t\t<\/div>\n\t\t\t\t\t<\/div>\n\t\t<\/section>\n\t\t\t\t<div class=\"elementor-element elementor-element-016e1a1 elementor-widget elementor-widget-heading\" data-id=\"016e1a1\" data-element_type=\"widget\" data-e-type=\"widget\" data-widget_type=\"heading.default\">\n\t\t\t\t<div class=\"elementor-widget-container\">\n\t\t\t\t\t<h3 class=\"elementor-heading-title elementor-size-default\">O PROGRAMA DE PESQUISA<\/h3>\t\t\t\t<\/div>\n\t\t\t\t<\/div>\n\t\t\t\t<div class=\"elementor-element elementor-element-0efbf8d elementor-widget elementor-widget-text-editor\" data-id=\"0efbf8d\" data-element_type=\"widget\" data-e-type=\"widget\" data-widget_type=\"text-editor.default\">\n\t\t\t\t<div class=\"elementor-widget-container\">\n\t\t\t\t\t\t\t\t\t<p>O programa de pesquisa est\u00e1 estruturado por um N\u00facleo Duro, que se apresenta, estrat\u00e9gica e metodologicamente, como uma diretriz para a produ\u00e7\u00e3o de conhecimentos focalizada na pessoa migrante, como sujeito de direitos, capaz de agir ativamente na constru\u00e7\u00e3o de sua pr\u00f3pria hist\u00f3ria e contribuir socialmente.<\/p><p>A equipe de pesquisa do CSEM \u00e9 formada por pesquisadores de diferentes \u00e1reas de conhecimento, buscando integrar a riqueza da interdisciplinaridade e ampliar o di\u00e1logo com atores afins.<\/p><p><strong>Pesquisadores\/as:<\/strong><\/p><p>Barbara Marciano Marques \u2013 pesquisadora e assistente editorial da REMHU \/\/ <a href=\"http:\/\/lattes.cnpq.br\/4090157782403350\" target=\"_blank\" rel=\"noopener\">Curr\u00edculo Lattes<\/a><\/p><p>Diana Ysabel Mundara\u00edn Gil\u2013 assistente de pesquisa \/\/ <a href=\"https:\/\/lattes.cnpq.br\/5036140060444816\" target=\"_blank\" rel=\"noopener\">Curr\u00edculo Lattes<\/a><\/p><p>Igor Borges Cunha \u2013 pesquisador \/\/ <a href=\"http:\/\/lattes.cnpq.br\/3467555075925397\" target=\"_blank\" rel=\"noopener\">Curr\u00edculo Lattes<\/a><\/p><p>Roberto Marinucci \u2013 pesquisador, editor-chefe da REMHU \/\/\u00a0<a href=\"http:\/\/lattes.cnpq.br\/4768922585503033\" target=\"_blank\" rel=\"noopener\">Curr\u00edculo Lattes<\/a><\/p><p>Tuila Botega \u2013 pesquisadora e coordenadora do programa de pesquisa \/\/\u00a0<a href=\"http:\/\/lattes.cnpq.br\/3187745050275143\" target=\"_blank\" rel=\"noopener\">Curr\u00edculo Lattes<\/a><\/p><p><strong>Pesquisadores colaboradores:<\/strong><\/p><p>Delia Dutra \u2013 pesquisadora colaboradora \/\/\u00a0<a href=\"http:\/\/lattes.cnpq.br\/3775750121850265\" target=\"_blank\" rel=\"noopener\">Curr\u00edculo Lattes<\/a><\/p><p>Nath\u00e1lia Vince E. Fernandes \u2013 pesquisadora colaboradora \/\/\u00a0<a href=\"http:\/\/lattes.cnpq.br\/8813652353776693\" target=\"_blank\" rel=\"noopener\">Curr\u00edculo Lattes\u00a0<\/a><\/p><p>Pedro Russi \u2013 pesquisador colaborador\/\/\u00a0<a href=\"http:\/\/lattes.cnpq.br\/4934357600267996\" target=\"_blank\" rel=\"noopener\">Curr\u00edculo Lattes\u00a0<\/a><\/p>\t\t\t\t\t\t\t\t<\/div>\n\t\t\t\t<\/div>\n\t\t\t\t\t<\/div>\n\t\t<\/div>\n\t\t\t\t\t<\/div>\n\t\t<\/section>\n\t\t\t\t<\/div>\n\t\t","protected":false},"excerpt":{"rendered":"<p>Menu r\u00e1pido O PROGRAMA DE PESQUISA O programa de pesquisa est\u00e1 estruturado por um N\u00facleo Duro, que se apresenta, estrat\u00e9gica e metodologicamente, como uma diretriz para a produ\u00e7\u00e3o de conhecimentos focalizada na pessoa migrante, como sujeito de direitos, capaz de agir ativamente na constru\u00e7\u00e3o de sua pr\u00f3pria hist\u00f3ria e contribuir socialmente. A equipe de pesquisa [&hellip;]<\/p>\n","protected":false},"author":2,"featured_media":0,"parent":0,"menu_order":0,"comment_status":"closed","ping_status":"closed","template":"","meta":{"_acf_changed":false,"footnotes":""},"class_list":["post-90","page","type-page","status-publish","hentry"],"acf":[],"_links":{"self":[{"href":"https:\/\/www.csem.org.br\/en\/wp-json\/wp\/v2\/pages\/90","targetHints":{"allow":["GET"]}}],"collection":[{"href":"https:\/\/www.csem.org.br\/en\/wp-json\/wp\/v2\/pages"}],"about":[{"href":"https:\/\/www.csem.org.br\/en\/wp-json\/wp\/v2\/types\/page"}],"author":[{"embeddable":true,"href":"https:\/\/www.csem.org.br\/en\/wp-json\/wp\/v2\/users\/2"}],"replies":[{"embeddable":true,"href":"https:\/\/www.csem.org.br\/en\/wp-json\/wp\/v2\/comments?post=90"}],"version-history":[{"count":0,"href":"https:\/\/www.csem.org.br\/en\/wp-json\/wp\/v2\/pages\/90\/revisions"}],"wp:attachment":[{"href":"https:\/\/www.csem.org.br\/en\/wp-json\/wp\/v2\/media?parent=90"}],"curies":[{"name":"wp","href":"https:\/\/api.w.org\/{rel}","templated":true}]}}