{"id":24302,"date":"2024-10-28T21:39:05","date_gmt":"2024-10-29T00:39:05","guid":{"rendered":"https:\/\/www.csem.org.br\/?page_id=24302"},"modified":"2024-12-02T14:50:37","modified_gmt":"2024-12-02T17:50:37","slug":"24302-2","status":"publish","type":"page","link":"https:\/\/www.csem.org.br\/en\/24302-2\/","title":{"rendered":"III ICOMIR"},"content":{"rendered":"<div data-elementor-type=\"wp-page\" data-elementor-id=\"24302\" class=\"elementor elementor-24302\" data-elementor-post-type=\"page\">\n\t\t\t\t\t\t<section class=\"elementor-section elementor-top-section elementor-element elementor-element-f0a95db elementor-section-boxed elementor-section-height-default elementor-section-height-default\" data-id=\"f0a95db\" data-element_type=\"section\" data-e-type=\"section\">\n\t\t\t\t\t\t<div class=\"elementor-container elementor-column-gap-default\">\n\t\t\t\t\t<div class=\"elementor-column elementor-col-100 elementor-top-column elementor-element elementor-element-e592d2a\" data-id=\"e592d2a\" data-element_type=\"column\" data-e-type=\"column\">\n\t\t\t<div class=\"elementor-widget-wrap elementor-element-populated\">\n\t\t\t\t\t\t<div class=\"elementor-element elementor-element-0f80367 elementor-widget elementor-widget-theme-site-logo elementor-widget-image\" data-id=\"0f80367\" data-element_type=\"widget\" data-e-type=\"widget\" data-widget_type=\"theme-site-logo.default\">\n\t\t\t\t<div class=\"elementor-widget-container\">\n\t\t\t\t\t\t\t\t\t\t\t<a href=\"https:\/\/www.csem.org.br\/en\/csem-eventos\/icomir\/\">\n\t\t\t<img fetchpriority=\"high\" decoding=\"async\" width=\"800\" height=\"340\" src=\"https:\/\/www.csem.org.br\/wp-content\/uploads\/2023\/07\/LOGO-2-1024x435.png\" class=\"attachment-large size-large wp-image-24117\" alt=\"\" srcset=\"https:\/\/www.csem.org.br\/wp-content\/uploads\/2023\/07\/LOGO-2-1024x435.png 1024w, https:\/\/www.csem.org.br\/wp-content\/uploads\/2023\/07\/LOGO-2-300x127.png 300w, https:\/\/www.csem.org.br\/wp-content\/uploads\/2023\/07\/LOGO-2-768x326.png 768w, https:\/\/www.csem.org.br\/wp-content\/uploads\/2023\/07\/LOGO-2-1536x652.png 1536w, https:\/\/www.csem.org.br\/wp-content\/uploads\/2023\/07\/LOGO-2-2048x870.png 2048w\" sizes=\"(max-width: 800px) 100vw, 800px\" title=\"\">\t\t\t\t<\/a>\n\t\t\t\t\t\t\t\t\t\t\t<\/div>\n\t\t\t\t<\/div>\n\t\t\t\t<div class=\"elementor-element elementor-element-ce607bc elementor-widget elementor-widget-heading\" data-id=\"ce607bc\" data-element_type=\"widget\" data-e-type=\"widget\" data-widget_type=\"heading.default\">\n\t\t\t\t<div class=\"elementor-widget-container\">\n\t\t\t\t\t<h2 class=\"elementor-heading-title elementor-size-default\">The III ICoMiR<\/h2>\t\t\t\t<\/div>\n\t\t\t\t<\/div>\n\t\t\t\t\t<\/div>\n\t\t<\/div>\n\t\t\t\t\t<\/div>\n\t\t<\/section>\n\t\t\t\t<section class=\"elementor-section elementor-top-section elementor-element elementor-element-9ebb4b1 elementor-section-boxed elementor-section-height-default elementor-section-height-default\" data-id=\"9ebb4b1\" data-element_type=\"section\" data-e-type=\"section\">\n\t\t\t\t\t\t<div class=\"elementor-container elementor-column-gap-default\">\n\t\t\t\t\t<div class=\"elementor-column elementor-col-100 elementor-top-column elementor-element elementor-element-54bcb6e\" data-id=\"54bcb6e\" data-element_type=\"column\" data-e-type=\"column\">\n\t\t\t<div class=\"elementor-widget-wrap elementor-element-populated\">\n\t\t\t\t\t\t<div class=\"elementor-element elementor-element-9307ae2 elementor-widget elementor-widget-text-editor\" data-id=\"9307ae2\" data-element_type=\"widget\" data-e-type=\"widget\" data-widget_type=\"text-editor.default\">\n\t\t\t\t<div class=\"elementor-widget-container\">\n\t\t\t\t\t\t\t\t\t<div style=\"text-align: justify; line-height: 1.5; margin: 0 auto; max-width: 800px;\">\n<p><strong>The 3rd International Conference of the CSEM<\/strong> its title: <em>Dialogues to understand, humanize and value people on the move<\/em> and aims to analyze and debate migratory trends from the perspectives of academia, civil society, migrant collectives and government entities, promoting a comprehensive and multidimensional understanding of contemporary migrations, both South-North and South-South migrations.<\/p>\n<p>It will take place on <strong>May 19-22, 2025<\/strong>in Brasilia, Brazil.<br>Bilingual event (Portuguese and English)<br>Analysis of contemporary migration trends (South-North and South-South).<br>A space for sharing experiences and building inclusive knowledge.<br>Promoting public policies focused on migrants' rights.<\/p>\n<p><strong>General Objective:<\/strong><br>To promote a qualified, broad and multidimensional understanding and discussion of contemporary migration and refuge (South-North and South-South flows) with the active participation of academics, social workers, pastoralists, migrant and refugee collectives, civil society, international organizations and the government.<\/p>\n<p><strong>Expected results:<\/strong><\/p>\n<ol>\n<li>Strengthening networks and sharing experiences from previous conferences.<\/li>\n<li>Create and consolidate collaboration networks between all the players involved.<\/li>\n<li>Encourage innovative studies on migration with a focus on human rights.<\/li>\n<li>Establish a lasting legacy of collaborative action.<\/li>\n<li>Produce and disseminate the Final Document in order to have an impact on society.<\/li>\n<\/ol>\n<p><strong><br><\/strong><\/p><p><strong>Conference methodology:<\/strong><br>The conference will feature round tables that will discuss global migration trends and other keys to understanding migration and refuge. The main conferences will address the protagonism and agency of migrants, while the Working Groups and Colloquia will promote the exchange of knowledge between academics, migrants and other actors. The event will culminate in a final document, reflecting the discussions and proposing concrete actions with a potential impact on migration policies and human rights.<\/p>\n<p>As in previous editions, the CSEM International Conference aims to be a space for knowledge, exchange and dialogue that has an impact on the actions of various social sectors in favor of and for migrants and refugees.<\/p>\n<\/div>\t\t\t\t\t\t\t\t<\/div>\n\t\t\t\t<\/div>\n\t\t\t\t\t<\/div>\n\t\t<\/div>\n\t\t\t\t\t<\/div>\n\t\t<\/section>\n\t\t\t\t<section class=\"elementor-section elementor-top-section elementor-element elementor-element-fc7f111 elementor-section-boxed elementor-section-height-default elementor-section-height-default\" data-id=\"fc7f111\" data-element_type=\"section\" data-e-type=\"section\">\n\t\t\t\t\t\t<div class=\"elementor-container elementor-column-gap-default\">\n\t\t\t\t\t<div class=\"elementor-column elementor-col-100 elementor-top-column elementor-element elementor-element-d365bc7\" data-id=\"d365bc7\" data-element_type=\"column\" data-e-type=\"column\">\n\t\t\t<div class=\"elementor-widget-wrap\">\n\t\t\t\t\t\t\t<\/div>\n\t\t<\/div>\n\t\t\t\t\t<\/div>\n\t\t<\/section>\n\t\t\t\t<\/div>","protected":false},"excerpt":{"rendered":"<p>A III ICoMiR A III Confer\u00eancia Internacional do CSEM tem como t\u00edtulo: Di\u00e1logos para compreender, humanizar e valorizar as pessoas em mobilidade e se prop\u00f5e a analisar e debater as tend\u00eancias migrat\u00f3rias a partir de perspectivas acad\u00eamicas, da sociedade civil, dos coletivos de migrantes e das entidades governamentais, promovendo um entendimento abrangente e multidimensional das [&hellip;]<\/p>\n","protected":false},"author":13,"featured_media":0,"parent":0,"menu_order":0,"comment_status":"closed","ping_status":"closed","template":"","meta":{"_acf_changed":false,"footnotes":""},"class_list":["post-24302","page","type-page","status-publish","hentry"],"acf":[],"_links":{"self":[{"href":"https:\/\/www.csem.org.br\/en\/wp-json\/wp\/v2\/pages\/24302","targetHints":{"allow":["GET"]}}],"collection":[{"href":"https:\/\/www.csem.org.br\/en\/wp-json\/wp\/v2\/pages"}],"about":[{"href":"https:\/\/www.csem.org.br\/en\/wp-json\/wp\/v2\/types\/page"}],"author":[{"embeddable":true,"href":"https:\/\/www.csem.org.br\/en\/wp-json\/wp\/v2\/users\/13"}],"replies":[{"embeddable":true,"href":"https:\/\/www.csem.org.br\/en\/wp-json\/wp\/v2\/comments?post=24302"}],"version-history":[{"count":1,"href":"https:\/\/www.csem.org.br\/en\/wp-json\/wp\/v2\/pages\/24302\/revisions"}],"predecessor-version":[{"id":26743,"href":"https:\/\/www.csem.org.br\/en\/wp-json\/wp\/v2\/pages\/24302\/revisions\/26743"}],"wp:attachment":[{"href":"https:\/\/www.csem.org.br\/en\/wp-json\/wp\/v2\/media?parent=24302"}],"curies":[{"name":"wp","href":"https:\/\/api.w.org\/{rel}","templated":true}]}}