{"id":1100,"date":"2018-07-12T15:00:53","date_gmt":"2018-07-12T18:00:53","guid":{"rendered":"https:\/\/csem.org.br\/?page_id=1100"},"modified":"2025-02-11T10:00:38","modified_gmt":"2025-02-11T13:00:38","slug":"csem-remhu","status":"publish","type":"page","link":"https:\/\/www.csem.org.br\/en\/csem-remhu\/","title":{"rendered":"REMHU"},"content":{"rendered":"<div data-elementor-type=\"wp-page\" data-elementor-id=\"1100\" class=\"elementor elementor-1100\" data-elementor-post-type=\"page\">\n\t\t\t\t\t\t<section class=\"elementor-section elementor-top-section elementor-element elementor-element-0827b7f elementor-section-full_width elementor-section-height-default elementor-section-height-default\" data-id=\"0827b7f\" data-element_type=\"section\" data-e-type=\"section\">\n\t\t\t\t\t\t<div class=\"elementor-container elementor-column-gap-no\">\n\t\t\t\t\t<div class=\"elementor-column elementor-col-100 elementor-top-column elementor-element elementor-element-b23620c\" data-id=\"b23620c\" data-element_type=\"column\" data-e-type=\"column\">\n\t\t\t<div class=\"elementor-widget-wrap elementor-element-populated\">\n\t\t\t\t\t\t<div class=\"elementor-element elementor-element-d7cfdde elementor-widget elementor-widget-template\" data-id=\"d7cfdde\" data-element_type=\"widget\" data-e-type=\"widget\" data-widget_type=\"template.default\">\n\t\t\t\t<div class=\"elementor-widget-container\">\n\t\t\t\t\t\t\t<div class=\"elementor-template\">\n\t\t\t\t\t<div data-elementor-type=\"section\" data-elementor-id=\"19749\" class=\"elementor elementor-19749\" data-elementor-post-type=\"elementor_library\">\n\t\t\t\t\t<section class=\"elementor-section elementor-top-section elementor-element elementor-element-15b34725 elementor-section-boxed elementor-section-height-default elementor-section-height-default\" data-id=\"15b34725\" data-element_type=\"section\" data-e-type=\"section\" data-settings=\"{&quot;background_background&quot;:&quot;classic&quot;}\">\n\t\t\t\t\t\t<div class=\"elementor-container elementor-column-gap-default\">\n\t\t\t\t\t<div class=\"elementor-column elementor-col-100 elementor-top-column elementor-element elementor-element-3622abe\" data-id=\"3622abe\" data-element_type=\"column\" data-e-type=\"column\">\n\t\t\t<div class=\"elementor-widget-wrap elementor-element-populated\">\n\t\t\t\t\t\t<section class=\"elementor-section elementor-inner-section elementor-element elementor-element-17cf0bf5 elementor-section-boxed elementor-section-height-default elementor-section-height-default\" data-id=\"17cf0bf5\" data-element_type=\"section\" data-e-type=\"section\">\n\t\t\t\t\t\t<div class=\"elementor-container elementor-column-gap-no\">\n\t\t\t\t\t<div class=\"elementor-column elementor-col-50 elementor-inner-column elementor-element elementor-element-295ae005\" data-id=\"295ae005\" data-element_type=\"column\" data-e-type=\"column\">\n\t\t\t<div class=\"elementor-widget-wrap elementor-element-populated\">\n\t\t\t\t\t\t<div class=\"elementor-element elementor-element-ec1d722 elementor-widget elementor-widget-pp-breadcrumbs\" data-id=\"ec1d722\" data-element_type=\"widget\" data-e-type=\"widget\" data-settings=\"{&quot;breadcrumbs_type&quot;:&quot;powerpack&quot;}\" data-widget_type=\"pp-breadcrumbs.default\">\n\t\t\t\t<div class=\"elementor-widget-container\">\n\t\t\t\t\t<ul class=\"pp-breadcrumbs pp-breadcrumbs-powerpack\">\t\t<li class=\"pp-breadcrumbs-item pp-breadcrumbs-item-home\">\n\t\t\t<a class=\"pp-breadcrumbs-crumb pp-breadcrumbs-crumb-link pp-breadcrumbs-crumb-home\" href=\"https:\/\/www.csem.org.br\/en\" title=\"Home \">\n\t\t\t\t<span class=\"pp-breadcrumbs-text\">\n\t\t\t\t\t\t\t\t\t\t\t<span class=\"pp-icon\">\n\t\t\t\t\t\t\t<i aria-hidden=\"true\" class=\"far fa-folder-open\"><\/i>\t\t\t\t\t\t<\/span>\n\t\t\t\t\t\t\t\t\t\tHome \t\t\t\t<\/span>\n\t\t\t<\/a>\n\t\t<\/li>\n\t\t<li class=\"pp-breadcrumbs-separator\">\t\t\t\t<span class='pp-separator-icon pp-icon'>\n\t\t\t\t\t<i aria-hidden=\"true\" class=\"fas fa-angle-double-right\"><\/i>\t\t\t\t<\/span>\n\t\t\t\t<\/li><\/ul>\t\t\t\t<\/div>\n\t\t\t\t<\/div>\n\t\t\t\t\t<\/div>\n\t\t<\/div>\n\t\t\t\t<div class=\"elementor-column elementor-col-50 elementor-inner-column elementor-element elementor-element-17b588ad elementor-hidden-tablet elementor-hidden-mobile\" data-id=\"17b588ad\" data-element_type=\"column\" data-e-type=\"column\">\n\t\t\t<div class=\"elementor-widget-wrap elementor-element-populated\">\n\t\t\t\t\t\t<div class=\"elementor-element elementor-element-12039253 elementor-share-buttons--view-icon elementor-share-buttons--skin-flat elementor-share-buttons--shape-circle elementor-grid-3 elementor-hidden-tablet elementor-hidden-mobile elementor-share-buttons--color-official elementor-widget elementor-widget-share-buttons\" data-id=\"12039253\" data-element_type=\"widget\" data-e-type=\"widget\" data-widget_type=\"share-buttons.default\">\n\t\t\t\t<div class=\"elementor-widget-container\">\n\t\t\t\t\t\t\t<div class=\"elementor-grid\" role=\"list\">\n\t\t\t\t\t\t\t\t<div class=\"elementor-grid-item\" role=\"listitem\">\n\t\t\t\t\t\t<div class=\"elementor-share-btn elementor-share-btn_whatsapp\" role=\"button\" tabindex=\"0\" aria-label=\"Share on whatsapp\" data-no-translation-aria-label=\"\">\n\t\t\t\t\t\t\t\t\t\t\t\t\t\t\t<span class=\"elementor-share-btn__icon\">\n\t\t\t\t\t\t\t\t<i class=\"fab fa-whatsapp\" aria-hidden=\"true\"><\/i>\t\t\t\t\t\t\t<\/span>\n\t\t\t\t\t\t\t\t\t\t\t\t\t\t\t\t\t\t\t\t<\/div>\n\t\t\t\t\t<\/div>\n\t\t\t\t\t\t\t\t\t<div class=\"elementor-grid-item\" role=\"listitem\">\n\t\t\t\t\t\t<div class=\"elementor-share-btn elementor-share-btn_email\" role=\"button\" tabindex=\"0\" aria-label=\"Share on email\" data-no-translation-aria-label=\"\">\n\t\t\t\t\t\t\t\t\t\t\t\t\t\t\t<span class=\"elementor-share-btn__icon\">\n\t\t\t\t\t\t\t\t<i class=\"fas fa-envelope\" aria-hidden=\"true\"><\/i>\t\t\t\t\t\t\t<\/span>\n\t\t\t\t\t\t\t\t\t\t\t\t\t\t\t\t\t\t\t\t<\/div>\n\t\t\t\t\t<\/div>\n\t\t\t\t\t\t\t\t\t<div class=\"elementor-grid-item\" role=\"listitem\">\n\t\t\t\t\t\t<div class=\"elementor-share-btn elementor-share-btn_print\" role=\"button\" tabindex=\"0\" aria-label=\"Share on print\" data-no-translation-aria-label=\"\">\n\t\t\t\t\t\t\t\t\t\t\t\t\t\t\t<span class=\"elementor-share-btn__icon\">\n\t\t\t\t\t\t\t\t<i class=\"fas fa-print\" aria-hidden=\"true\"><\/i>\t\t\t\t\t\t\t<\/span>\n\t\t\t\t\t\t\t\t\t\t\t\t\t\t\t\t\t\t\t\t<\/div>\n\t\t\t\t\t<\/div>\n\t\t\t\t\t\t<\/div>\n\t\t\t\t\t\t<\/div>\n\t\t\t\t<\/div>\n\t\t\t\t\t<\/div>\n\t\t<\/div>\n\t\t\t\t\t<\/div>\n\t\t<\/section>\n\t\t\t\t\t<\/div>\n\t\t<\/div>\n\t\t\t\t\t<\/div>\n\t\t<\/section>\n\t\t\t\t<\/div>\n\t\t\t\t<\/div>\n\t\t\t\t\t\t<\/div>\n\t\t\t\t<\/div>\n\t\t\t\t\t<\/div>\n\t\t<\/div>\n\t\t\t\t\t<\/div>\n\t\t<\/section>\n\t\t\t\t<section class=\"elementor-section elementor-top-section elementor-element elementor-element-1cf63654 elementor-section-boxed elementor-section-height-default elementor-section-height-default\" data-id=\"1cf63654\" data-element_type=\"section\" data-e-type=\"section\">\n\t\t\t\t\t\t<div class=\"elementor-container elementor-column-gap-default\">\n\t\t\t\t\t<div class=\"elementor-column elementor-col-100 elementor-top-column elementor-element elementor-element-2ceba843\" data-id=\"2ceba843\" data-element_type=\"column\" data-e-type=\"column\">\n\t\t\t<div class=\"elementor-widget-wrap elementor-element-populated\">\n\t\t\t\t\t\t<div class=\"elementor-element elementor-element-1d8095e elementor-widget elementor-widget-heading\" data-id=\"1d8095e\" data-element_type=\"widget\" data-e-type=\"widget\" data-widget_type=\"heading.default\">\n\t\t\t\t<div class=\"elementor-widget-container\">\n\t\t\t\t\t<h2 class=\"elementor-heading-title elementor-size-default\">REMHU - INTERDISCIPLINARY JOURNAL OF HUMAN MOBILITY<\/h2>\t\t\t\t<\/div>\n\t\t\t\t<\/div>\n\t\t\t\t<section class=\"elementor-section elementor-inner-section elementor-element elementor-element-3278974 elementor-section-boxed elementor-section-height-default elementor-section-height-default\" data-id=\"3278974\" data-element_type=\"section\" data-e-type=\"section\">\n\t\t\t\t\t\t<div class=\"elementor-container elementor-column-gap-default\">\n\t\t\t\t\t<div class=\"elementor-column elementor-col-50 elementor-inner-column elementor-element elementor-element-975ae97\" data-id=\"975ae97\" data-element_type=\"column\" data-e-type=\"column\">\n\t\t\t<div class=\"elementor-widget-wrap elementor-element-populated\">\n\t\t\t\t\t\t<div class=\"elementor-element elementor-element-64f7a5b elementor-widget elementor-widget-text-editor\" data-id=\"64f7a5b\" data-element_type=\"widget\" data-e-type=\"widget\" data-widget_type=\"text-editor.default\">\n\t\t\t\t<div class=\"elementor-widget-container\">\n\t\t\t\t\t\t\t\t\t<p>A\u00a0<strong>REMHU - Interdisciplinary Journal of Human Mobility<\/strong>\u00a0is a four-monthly publication of the CSEM. Its aim is to offer the academic world, as well as thinkers and organizers of pastoral work and migration policies, broad and in-depth interdisciplinary analyses of issues related to contemporary human mobility.<\/p>\t\t\t\t\t\t\t\t<\/div>\n\t\t\t\t<\/div>\n\t\t\t\t<div class=\"elementor-element elementor-element-d97322d elementor-widget elementor-widget-text-editor\" data-id=\"d97322d\" data-element_type=\"widget\" data-e-type=\"widget\" data-widget_type=\"text-editor.default\">\n\t\t\t\t<div class=\"elementor-widget-container\">\n\t\t\t\t\t\t\t\t\tTo find out more about the Journal's Scope, Policy and Structure, Editorial Board and Scientific Council, Submission Conditions and Peer Review Process.\t\t\t\t\t\t\t\t<\/div>\n\t\t\t\t<\/div>\n\t\t\t\t\t<\/div>\n\t\t<\/div>\n\t\t\t\t<div class=\"elementor-column elementor-col-50 elementor-inner-column elementor-element elementor-element-52b7219\" data-id=\"52b7219\" data-element_type=\"column\" data-e-type=\"column\">\n\t\t\t<div class=\"elementor-widget-wrap elementor-element-populated\">\n\t\t\t\t\t\t<div class=\"elementor-element elementor-element-87b94d7 elementor-widget elementor-widget-button\" data-id=\"87b94d7\" data-element_type=\"widget\" data-e-type=\"widget\" data-widget_type=\"button.default\">\n\t\t\t\t<div class=\"elementor-widget-container\">\n\t\t\t\t\t\t\t\t\t<div class=\"elementor-button-wrapper\">\n\t\t\t\t\t<a class=\"elementor-button elementor-button-link elementor-size-sm\" href=\"https:\/\/remhu.csem.org.br\/index.php\/remhu\/index\" target=\"_blank\" rel=\"noopener\">\n\t\t\t\t\t\t<span class=\"elementor-button-content-wrapper\">\n\t\t\t\t\t\t<span class=\"elementor-button-icon\">\n\t\t\t\t<i aria-hidden=\"true\" class=\"fas fa-globe\"><\/i>\t\t\t<\/span>\n\t\t\t\t\t\t\t\t\t<span class=\"elementor-button-text\">VISIT THE REMHU WEBSITE<\/span>\n\t\t\t\t\t<\/span>\n\t\t\t\t\t<\/a>\n\t\t\t\t<\/div>\n\t\t\t\t\t\t\t\t<\/div>\n\t\t\t\t<\/div>\n\t\t\t\t<div class=\"elementor-element elementor-element-a7c57bf elementor-widget elementor-widget-text-editor\" data-id=\"a7c57bf\" data-element_type=\"widget\" data-e-type=\"widget\" data-widget_type=\"text-editor.default\">\n\t\t\t\t<div class=\"elementor-widget-container\">\n\t\t\t\t\t\t\t\t\t<p>Read\u00a0<strong>Editorial Guidelines<\/strong>\u00a0e\u00a0<strong>Publication guidelines<\/strong>:<br \/><a href=\"https:\/\/www.scielo.br\/revistas\/remhu\/pinstruc.htm\" target=\"_blank\" rel=\"noopener noreferrer\">Portuguese<\/a>\u00a0-\u00a0<a href=\"https:\/\/www.scielo.br\/revistas\/remhu\/iinstruc.htm\" target=\"_blank\" rel=\"noopener noreferrer\">English<\/a>\u00a0-\u00a0<a href=\"https:\/\/www.scielo.br\/revistas\/remhu\/einstruc.htm\" target=\"_blank\" rel=\"noopener noreferrer\">Spanish<\/a><\/p>\t\t\t\t\t\t\t\t<\/div>\n\t\t\t\t<\/div>\n\t\t\t\t\t<\/div>\n\t\t<\/div>\n\t\t\t\t\t<\/div>\n\t\t<\/section>\n\t\t\t\t\t<\/div>\n\t\t<\/div>\n\t\t\t\t\t<\/div>\n\t\t<\/section>\n\t\t\t\t<section class=\"elementor-section elementor-top-section elementor-element elementor-element-474f283 elementor-section-boxed elementor-section-height-default elementor-section-height-default\" data-id=\"474f283\" data-element_type=\"section\" data-e-type=\"section\">\n\t\t\t\t\t\t<div class=\"elementor-container elementor-column-gap-default\">\n\t\t\t\t\t<div class=\"elementor-column elementor-col-100 elementor-top-column elementor-element elementor-element-eb8960e\" data-id=\"eb8960e\" data-element_type=\"column\" data-e-type=\"column\">\n\t\t\t<div class=\"elementor-widget-wrap elementor-element-populated\">\n\t\t\t\t\t\t<div class=\"elementor-element elementor-element-6f91a99 elementor-widget elementor-widget-pp-faq\" data-id=\"6f91a99\" data-element_type=\"widget\" data-e-type=\"widget\" data-settings=\"{&quot;faq_layout&quot;:&quot;accordion&quot;,&quot;accordion_type&quot;:&quot;accordion&quot;,&quot;toggle_speed&quot;:300}\" data-widget_type=\"pp-faq.default\">\n\t\t\t\t<div class=\"elementor-widget-container\">\n\t\t\t\t\t\t\t<div class=\"pp-faqs pp-advanced-accordion pp-toggle-icon-align-right\" id=\"pp-advanced-accordion-6f91a99\" data-accordion-id=\"6f91a99\">\n\t\t\t\t\t\t<div class=\"pp-faq-item elementor-grid-item pp-accordion-item\">\n\t\t\t\t<div id=\"pp-accordion-tab-title-1161\" class=\"pp-faq-question pp-accordion-tab-title\" tabindex=\"0\" data-tab=\"1\">\n\t\t\t\t\t<div class=\"pp-accordion-title-icon\">\n\t\t\t\t\t\t\t\t\t\t\t\t\t\t\t\t\t\t<div class=\"pp-accordion-title-text\">\n\t\t\t\t\t\t\tTHEMES OF DOSSIES PUBLISHED IN REMHU (Click to view)\t\t\t\t\t\t<\/div>\n\t\t\t\t\t<\/div>\n\t\t\t\t\t\t\t\t\t\t\t<div class=\"pp-accordion-toggle-icon\">\n\t\t\t\t\t\t\t\t\t\t\t\t\t\t\t<span class='pp-accordion-toggle-icon-close pp-icon'>\n\t\t\t\t\t\t\t\t\t<i aria-hidden=\"true\" class=\"fas fa-plus\"><\/i>\t\t\t\t\t\t\t\t<\/span>\n\t\t\t\t\t\t\t\t\t\t\t\t\t\t\t\t\t\t\t\t\t\t<span class='pp-accordion-toggle-icon-open pp-icon'>\n\t\t\t\t\t\t\t\t\t<i aria-hidden=\"true\" class=\"fas fa-minus\"><\/i>\t\t\t\t\t\t\t\t<\/span>\n\t\t\t\t\t\t\t\t\t\t\t\t\t<\/div>\n\t\t\t\t\t\t\t\t\t<\/div>\n\n\t\t\t\t<div id=\"pp-accordion-tab-content-1161\" class=\"pp-faq-answer pp-accordion-tab-content\" data-tab=\"1\">\n\t\t\t\t\t<p>2023 - <strong>Diasporas and Black Movements in the Americas<\/strong> - Vol. 31, n. 67, April, 292 pp.<\/p>\n<p>2022 - <strong>Art, migration and transformation<\/strong> - Vol. 30, n. 66. December, 278 pp.<\/p>\n<p>2022 - <strong>Migrant women and domestic work<\/strong> - Vol. 30, n. 65, August, 256 pp.<\/p>\n<p>2022 - <b>Multiplication of walls: (i)mobilities, violations and resistances <\/b><strong>-<\/strong> Vol. 30, n. 64, April, 266 pp.<\/p>\n<p>2021 - <strong>Migrants, refugees, and displaced persons in the Middle East and North Africa -<\/strong> Vol. 29, n. 63. December, 246 pp.<\/p>\n<p>2021 - <strong>Diasporic perspectives -<\/strong> Vol. 29, n. 62. August, 244 pp.<\/p>\n<p>2021 -\u00a0<strong>Migrants and refugees in times of Covid-19: violations and resistance -<\/strong>\u00a0Vol. 29, n. 61, April, 272 pp.<\/p>\n<p>2020 -\u00a0<strong>Migrant struggles and Mesoamerican migration policies -<\/strong>\u00a0Vol. 28, n. 60, December, 248 pp.<\/p>\n<p>2020 -\u00a0<strong>LGBTI migrants and refugees -<\/strong>\u00a0Vol. 28, n. 59, August, 248 pp.<\/p>\n<p>2020 -\u00a0<strong>Civil society in the context of human mobility<\/strong>\u00a0- Vol. 28, n. 58 - April, 266. pp.<\/p>\n<p>2019 - <strong>Approaches and perspectives on human mobility<\/strong> - Vol. 27, n\u00b0 57 - December, 252 pp.<\/p>\n<p>2019 - <strong>African migrants in Latin America: (in)movements and making place<\/strong> - Vol. 27, n\u00b0 56 - August, 260 pp.<\/p>\n<p>2019 - <strong>Psychosocial perspectives on migrants and refugees<\/strong> - Vol. 27, n\u00b0 55 - April, 220 pp.<\/p>\n<p>2018 - <strong>Migration in Africa: subjects, impacts and challenges <\/strong>- Vol. 26, n\u00b0 54 - December, 264 pp.<\/p>\n<p>2018 - <strong>Racism\u00a0<\/strong>- Vol. 26, n\u00b0 53 - August, 252 pp.<\/p>\n<p>2018 -\u00a0<strong>Right to the city: segregation and struggles for citizenship <\/strong>- Vol. 26, n\u00b0 52 - April, 284 pp.<\/p>\n<p>2017 -\u00a0<strong>Migration in the Mediterranean: between borders and reception <\/strong>- Vol. 25, n\u00b0 51 - December, 216 pp.<\/p>\n<p>2017 -\u00a0<strong>Ethical dilemmas of migration<\/strong> - Vol. 25, n\u00b0 50 - August, 240 pp.<\/p>\n<p>2017 -\u00a0<strong>Migrants in the labor market: precariousness and discrimination<\/strong>\u00a0- Vol. 25, n\u00b0 49 - April, 288 pp.<\/p>\n<p>2016 -\u00a0<strong>Social movements and mobilizations of migrants and refugees<\/strong> - Year XXIV, n\u00b0 48 - Sep\/Dec, 220 pp.<\/p>\n<p>2016 -\u00a0<strong>The role of migrants <\/strong>- Year XXIV, No. 47 - May\/August, 224 pp.<\/p>\n<p>2016 -\u00a0<strong>Migration, media and communication processes<\/strong> - Year XXIV, no. 46 - Jan\/Apr, 224 pp.<\/p>\n<p>2015 -\u00a0<strong>Criminalization of Migration<\/strong> - Year XXIII, No. 45 - July\/December, 324 pp.<\/p>\n<p>2015 -\u00a0<strong>Migration and borders <\/strong>- Year XXIII, No. 44 - Jan\/Jun, 284 pp.<\/p>\n<p>2014 -\u00a0<strong>Forced migration\u00a0<\/strong>- Year XXII, no. 43 - July\/December, 296 pp.<\/p>\n<p>2014 -\u00a0<strong>Migrant children and adolescents <\/strong>- Year XXII, no. 42 - Jan\/Jun, 296 pp.<\/p>\n<p>2013 -\u00a0<strong>Return and Circularity <\/strong>- Year XXI, no. 41 - July\/December, 320 pp.<\/p>\n<p>2013 -\u00a0<strong>Migration and Health <\/strong>- Year XXI, no. 40 - Jan\/Jun, 280 pp.<\/p>\n<p>2012 -\u00a0<strong>Migration and statistical data <\/strong>- Year XX, no. 39 - July\/December, 312 pp.<\/p>\n<p>2012 -\u00a0<strong>Living with the different <\/strong>- Year XX, no. 38 - Jan\/Jun, 292 pp.<\/p>\n<p>2011 -\u00a0<strong>Human Trafficking <\/strong>- Year XIX, no. 37 - July\/December, 312 pp.<\/p>\n<p>2011 -\u00a0<strong>Environmental Refugees <\/strong>- Year XIX, no. 36 - Jan\/Jun, 298 pp.<\/p>\n<p>2010 -\u00a0<strong>Migration policies <\/strong>- Year XVIII, no. 35 - July\/December, 304 pp.<\/p>\n<p>2010 -\u00a0<strong>Migration and Identities<\/strong> - Year XVIII, no. 34 - Jan\/Jun, 264 pp.<\/p>\n<p>2009 -\u00a0<strong>Migration and Development <\/strong>- Year XVII, no. 33 - July\/December, 344 pp.<\/p>\n<p>2009 -\u00a0<strong>Migration networks <\/strong>- Year XVII, no. 32, 251 pp.<\/p>\n<p>2008 -\u00a0<strong>International Migration and Human Rights <\/strong>- Year XVI, no. 31, 592 pp.<\/p>\n<p>2008 -\u00a0<strong>Migrant family <\/strong>- Year XV, no. 30, 272 pp.<\/p>\n<p>2007 -\u00a0<strong>Feminization of migration <\/strong>- Year XV, no. 29, 228 pp.<\/p>\n<p>2007 -\u00a0<strong>Migration and religion <\/strong>- Year XV, no. 28, 274 pp.<\/p>\n<p>2006 -\u00a0<strong>Migration Project <\/strong>- Year XIV, n\u00ba 26 and 27, 308 pp.<\/p>\n\t\t\t\t<\/div>\n\t\t\t<\/div>\n\t\t\t\t\t<\/div>\n\t\t\t\t\t\t<\/div>\n\t\t\t\t<\/div>\n\t\t\t\t<div class=\"elementor-element elementor-element-b9b1028 elementor-widget elementor-widget-text-editor\" data-id=\"b9b1028\" data-element_type=\"widget\" data-e-type=\"widget\" data-widget_type=\"text-editor.default\">\n\t\t\t\t<div class=\"elementor-widget-container\">\n\t\t\t\t\t\t\t\t\t<p>Until December 2005, the CSEM magazine was published under the title \"Scalabriniane nel mondo\". It was a biannual publication about the pastoral work and experiences of the Scalabrinian Missionary Sisters at the service of migrants and refugees in different countries and realities.<\/p><p>To receive an issue or subscribe to REMHU<br \/>send an email to\u00a0<a href=\"mailto:csem@csem.org.br\">csem@csem.org.br<\/a>\u00a0<\/p>\t\t\t\t\t\t\t\t<\/div>\n\t\t\t\t<\/div>\n\t\t\t\t<div class=\"elementor-element elementor-element-6fe11e5 elementor-widget elementor-widget-text-editor\" data-id=\"6fe11e5\" data-element_type=\"widget\" data-e-type=\"widget\" data-widget_type=\"text-editor.default\">\n\t\t\t\t<div class=\"elementor-widget-container\">\n\t\t\t\t\t\t\t\t\t<p><span style=\"color: var( --e-global-color-text ); font-family: var( --e-global-typography-text-font-family ), Sans-serif; font-size: 1rem; font-weight: var( --e-global-typography-text-font-weight ); text-align: center;\">REMHU is open to exchanges with specialized and\/or academic libraries.<\/span><br><\/p>\n<p>To request an exchange with REMHU (subject to approval)<br>send e-mail to:&nbsp;<a href=\"mailto:remhu@csem.org.br\">remhu@csem.org.br<\/a><\/p>\n<p><strong>Indexers<\/strong>: SciELO Brazil, Redalyc, DOAJ, CLASE, Latindex, Dialnet, Biblat, Miar, Latindex<\/p>\n<p><strong>Qualis classification<\/strong>: A2<\/p>\n<p><strong>Print run:<\/strong> 250 copies<\/p>\n<p><strong>Printed ISSN<\/strong>: 1980-8585<\/p>\n<p><strong>Electronic ISSN<\/strong>: 2237-9843<\/p>\t\t\t\t\t\t\t\t<\/div>\n\t\t\t\t<\/div>\n\t\t\t\t\t<\/div>\n\t\t<\/div>\n\t\t\t\t\t<\/div>\n\t\t<\/section>\n\t\t\t\t<\/div>","protected":false},"excerpt":{"rendered":"<p>A REMHU \u2013 REVISTA INTERDISCIPLINAR DA MOBILIDADE HUMANA A\u00a0REMHU \u2013 Revista Interdisciplinar da Mobilidade Humana\u00a0\u00e9 uma publica\u00e7\u00e3o quadrimestral do CSEM. Seu objetivo \u00e9 oferecer ao mundo acad\u00eamico e tamb\u00e9m aos pensadores e articuladores da pastoral e das pol\u00edticas migrat\u00f3rias an\u00e1lises interdisciplinares, amplas e aprofundadas de temas ligados \u00e0 mobilidade humana contempor\u00e2nea. Para saber mais sobre [&hellip;]<\/p>\n","protected":false},"author":2,"featured_media":0,"parent":0,"menu_order":0,"comment_status":"closed","ping_status":"closed","template":"","meta":{"_acf_changed":false,"footnotes":""},"class_list":["post-1100","page","type-page","status-publish","hentry"],"acf":[],"_links":{"self":[{"href":"https:\/\/www.csem.org.br\/en\/wp-json\/wp\/v2\/pages\/1100","targetHints":{"allow":["GET"]}}],"collection":[{"href":"https:\/\/www.csem.org.br\/en\/wp-json\/wp\/v2\/pages"}],"about":[{"href":"https:\/\/www.csem.org.br\/en\/wp-json\/wp\/v2\/types\/page"}],"author":[{"embeddable":true,"href":"https:\/\/www.csem.org.br\/en\/wp-json\/wp\/v2\/users\/2"}],"replies":[{"embeddable":true,"href":"https:\/\/www.csem.org.br\/en\/wp-json\/wp\/v2\/comments?post=1100"}],"version-history":[{"count":0,"href":"https:\/\/www.csem.org.br\/en\/wp-json\/wp\/v2\/pages\/1100\/revisions"}],"wp:attachment":[{"href":"https:\/\/www.csem.org.br\/en\/wp-json\/wp\/v2\/media?parent=1100"}],"curies":[{"name":"wp","href":"https:\/\/api.w.org\/{rel}","templated":true}]}}